{"id":37,"date":"2014-08-12T11:49:09","date_gmt":"2014-08-12T14:49:09","guid":{"rendered":"https:\/\/catedras.facet.unt.edu.ar\/ce1\/home\/"},"modified":"2014-12-10T16:12:13","modified_gmt":"2014-12-10T19:12:13","slug":"home","status":"publish","type":"page","link":"https:\/\/catedras.facet.unt.edu.ar\/ce1\/","title":{"rendered":"Home"},"content":{"rendered":"<div id=\"pl-37\"  class=\"panel-layout\" ><div id=\"pg-37-0\"  class=\"panel-grid panel-no-style\" ><div id=\"pgc-37-0-0\"  class=\"panel-grid-cell\" ><div id=\"panel-37-0-0-0\" class=\"so-panel widget widget_origin_button panel-first-child panel-last-child\" data-index=\"0\" ><div class=\"origin-widget origin-widget-button origin-widget-button-simple-vantage_black align-center\"><a href=\"https:\/\/catedras.facet.unt.edu.ar\/ce1\/wp-content\/uploads\/sites\/41\/2014\/12\/Programa_2013.pdf\" target=\"_blank\" rel=\"noopener noreferrer\">\n\tPrograma<\/a><\/div><\/div><\/div><div id=\"pgc-37-0-1\"  class=\"panel-grid-cell\" ><div id=\"panel-37-0-1-0\" class=\"so-panel widget widget_origin_button panel-first-child panel-last-child\" data-index=\"1\" ><div class=\"origin-widget origin-widget-button origin-widget-button-simple-vantage_black align-left\"><a href=\"https:\/\/catedras.facet.unt.edu.ar\/ce1\/wp-content\/uploads\/sites\/41\/2014\/12\/Bibliografia_2009.pdf\" target=\"_blank\" rel=\"noopener noreferrer\">\n\tBibliograf\u00eda<\/a><\/div><\/div><\/div><div id=\"pgc-37-0-2\"  class=\"panel-grid-cell\" ><div id=\"panel-37-0-2-0\" class=\"so-panel widget widget_origin_button panel-first-child panel-last-child\" data-index=\"2\" ><div class=\"origin-widget origin-widget-button origin-widget-button-simple-vantage_black align-left\"><a href=\"https:\/\/catedras.facet.unt.edu.ar\/ce1\/wp-content\/uploads\/sites\/41\/2014\/12\/Correlativas.pdf\" target=\"_blank\" rel=\"noopener noreferrer\">\n\tCorrelativas<\/a><\/div><\/div><\/div><div id=\"pgc-37-0-3\"  class=\"panel-grid-cell\" ><div id=\"panel-37-0-3-0\" class=\"so-panel widget widget_origin_button panel-first-child panel-last-child\" data-index=\"3\" ><div class=\"origin-widget origin-widget-button origin-widget-button-simple-vantage_black align-left\"><a href=\"https:\/\/catedras.facet.unt.edu.ar\/ce1\/wp-content\/uploads\/sites\/41\/2014\/12\/Horarios_2o_2014.pdf\" target=\"_blank\" rel=\"noopener noreferrer\">\n\tHorarios<\/a><\/div><\/div><\/div><div id=\"pgc-37-0-4\"  class=\"panel-grid-cell\" ><div id=\"panel-37-0-4-0\" class=\"so-panel widget panel-first-child panel-last-child\" data-index=\"4\" ><\/div><\/div><\/div><div id=\"pg-37-1\"  class=\"panel-grid panel-no-style\" ><div id=\"pgc-37-1-0\"  class=\"panel-grid-cell panel-grid-cell-mobile-last\" ><div id=\"panel-37-1-0-0\" class=\"so-panel widget widget_siteorigin-panels-postloop panel-first-child panel-last-child\" data-index=\"5\" ><h3 class=\"widget-title\"><span class=\"vantage-carousel-title\"><span class=\"vantage-carousel-title-text\">Novedades<\/span><a href=\"#\" class=\"next\" title=\"Siguiente\"><span class=\"vantage-icon-arrow-right\"><\/span><\/a><a href=\"#\" class=\"previous\" title=\"Anterior\"><span class=\"vantage-icon-arrow-left\"><\/span><\/a><\/span><\/h3><div class=\"vantage-carousel-wrapper\">\n\n\t\n\t<ul class=\"vantage-carousel\" data-query=\"{&quot;post_type&quot;:&quot;post&quot;,&quot;posts_per_page&quot;:4,&quot;orderby&quot;:&quot;date&quot;,&quot;order&quot;:&quot;DESC&quot;,&quot;panels_info&quot;:{&quot;grid&quot;:&quot;1&quot;,&quot;cell&quot;:&quot;0&quot;,&quot;id&quot;:&quot;5&quot;,&quot;class&quot;:&quot;SiteOrigin_Panels_Widgets_PostLoop&quot;,&quot;cell_index&quot;:0,&quot;widget_index&quot;:5},&quot;paged&quot;:1,&quot;post__not_in&quot;:[37],&quot;lazy_load_term_meta&quot;:true}\" data-ajax-url=\"https:\/\/catedras.facet.unt.edu.ar\/ce1\/wp-admin\/admin-ajax.php\">\n\t\t\t\t\t<li class=\"carousel-entry\">\n\t\t\t\t<div class=\"thumbnail\">\n\t\t\t\t\t\t\t\t\t\t\t\t\t\t\t\t<a href=\"https:\/\/catedras.facet.unt.edu.ar\/ce1\/2013\/11\/22\/hola-mundo\/\" class=\"default-thumbnail\"><span class=\"overlay\"><\/span><\/a>\n\t\t\t\t\t\t\t\t\t<\/div>\n\t\t\t\t\t\t\t\t<h3><a href=\"https:\/\/catedras.facet.unt.edu.ar\/ce1\/2013\/11\/22\/hola-mundo\/\">\u00a1Hola mundo!<\/a><\/h3>\n\t\t\t<\/li>\n\t\t\t<\/ul>\n<\/div>\n<\/div><\/div><div id=\"pgc-37-1-1\"  class=\"panel-grid-cell panel-grid-cell-empty\" ><\/div><\/div><div id=\"pg-37-2\"  class=\"panel-grid panel-no-style\" ><\/div><div id=\"pg-37-3\"  class=\"panel-grid panel-no-style\" ><\/div><div id=\"pg-37-4\"  class=\"panel-grid panel-no-style\" ><\/div><\/div>","protected":false},"excerpt":{"rendered":"<p>Programa Bibliograf\u00eda Correlativas Horarios Acceder CX o email Contrase\u00f1a Recu\u00e9rdame &nbsp;<\/p>\n","protected":false},"author":1,"featured_media":0,"parent":0,"menu_order":0,"comment_status":"closed","ping_status":"closed","template":"home-panels.php","meta":[],"_links":{"self":[{"href":"https:\/\/catedras.facet.unt.edu.ar\/ce1\/wp-json\/wp\/v2\/pages\/37"}],"collection":[{"href":"https:\/\/catedras.facet.unt.edu.ar\/ce1\/wp-json\/wp\/v2\/pages"}],"about":[{"href":"https:\/\/catedras.facet.unt.edu.ar\/ce1\/wp-json\/wp\/v2\/types\/page"}],"author":[{"embeddable":true,"href":"https:\/\/catedras.facet.unt.edu.ar\/ce1\/wp-json\/wp\/v2\/users\/1"}],"replies":[{"embeddable":true,"href":"https:\/\/catedras.facet.unt.edu.ar\/ce1\/wp-json\/wp\/v2\/comments?post=37"}],"version-history":[{"count":8,"href":"https:\/\/catedras.facet.unt.edu.ar\/ce1\/wp-json\/wp\/v2\/pages\/37\/revisions"}],"predecessor-version":[{"id":104,"href":"https:\/\/catedras.facet.unt.edu.ar\/ce1\/wp-json\/wp\/v2\/pages\/37\/revisions\/104"}],"wp:attachment":[{"href":"https:\/\/catedras.facet.unt.edu.ar\/ce1\/wp-json\/wp\/v2\/media?parent=37"}],"curies":[{"name":"wp","href":"https:\/\/api.w.org\/{rel}","templated":true}]}}