{"id":43,"date":"2016-09-07T10:04:30","date_gmt":"2016-09-07T13:04:30","guid":{"rendered":"https:\/\/catedras.facet.unt.edu.ar\/calidadyprocesos\/?page_id=43"},"modified":"2016-09-07T10:04:30","modified_gmt":"2016-09-07T13:04:30","slug":"reglamento","status":"publish","type":"page","link":"https:\/\/catedras.facet.unt.edu.ar\/calidadyprocesos\/reglamento\/","title":{"rendered":"Reglamento"},"content":{"rendered":"<p><strong><b>Requisitos para el cursado<\/b><\/strong><\/p>\n<p>Correlativas:<\/p>\n<table width=\"488\">\n<tbody>\n<tr>\n<td width=\"348\"><b>Asignatura<\/b><\/td>\n<td width=\"140\"><b>Condici\u00f3n<\/b><\/td>\n<\/tr>\n<tr>\n<td width=\"348\">Laboratorio de Radiometr\u00eda y Colorimetr\u00eda<\/td>\n<td width=\"140\">Regular<\/td>\n<\/tr>\n<tr>\n<td width=\"348\">Iluminaci\u00f3n Natural<\/td>\n<td width=\"140\">Regular<\/td>\n<\/tr>\n<tr>\n<td width=\"348\">Psicolog\u00eda Ambiental<\/td>\n<td width=\"140\">Regular<\/td>\n<\/tr>\n<\/tbody>\n<\/table>\n<p><u><b>Sistema de evaluaci\u00f3n<\/b><\/u><\/p>\n<p>Para <b>regularizar<\/b> la asignatura se debe cumplir con el 80% de asistencia a las clases y haber <b>aprobado con 4 <\/b>o m\u00e1s las actividades pr\u00e1cticas propuestas.<\/p>\n<p>Para <b>promocionar<\/b> la asignatura sin examen final, se debe cumplir con el 80% de asistencia a las clases y haber <b>aprobado con\u00a0 8 <\/b>o m\u00e1s las actividades pr\u00e1cticas propuestas.<\/p>\n<p>Para <b>aprobar<\/b> la asignatura como alumno regular, se deber\u00e1 rendir un examen final.<\/p>\n<p>Para <b>aprobar<\/b> la asignatura como alumno <b>libre<\/b>, se deber\u00e1n presentar y aprobar los trabajos pr\u00e1cticos correspondientes y rendir un examen final.<\/p>\n","protected":false},"excerpt":{"rendered":"<p>Requisitos para el cursado Correlativas: Asignatura Condici\u00f3n Laboratorio de Radiometr\u00eda y Colorimetr\u00eda Regular Iluminaci\u00f3n Natural Regular Psicolog\u00eda Ambiental Regular Sistema de evaluaci\u00f3n Para regularizar la asignatura se debe cumplir con el 80% de asistencia a las clases y haber aprobado con 4 o m\u00e1s las actividades pr\u00e1cticas propuestas. Para promocionar la asignatura sin examen final, [&hellip;]<\/p>\n","protected":false},"author":72,"featured_media":0,"parent":0,"menu_order":0,"comment_status":"closed","ping_status":"closed","template":"","meta":[],"_links":{"self":[{"href":"https:\/\/catedras.facet.unt.edu.ar\/calidadyprocesos\/wp-json\/wp\/v2\/pages\/43"}],"collection":[{"href":"https:\/\/catedras.facet.unt.edu.ar\/calidadyprocesos\/wp-json\/wp\/v2\/pages"}],"about":[{"href":"https:\/\/catedras.facet.unt.edu.ar\/calidadyprocesos\/wp-json\/wp\/v2\/types\/page"}],"author":[{"embeddable":true,"href":"https:\/\/catedras.facet.unt.edu.ar\/calidadyprocesos\/wp-json\/wp\/v2\/users\/72"}],"replies":[{"embeddable":true,"href":"https:\/\/catedras.facet.unt.edu.ar\/calidadyprocesos\/wp-json\/wp\/v2\/comments?post=43"}],"version-history":[{"count":1,"href":"https:\/\/catedras.facet.unt.edu.ar\/calidadyprocesos\/wp-json\/wp\/v2\/pages\/43\/revisions"}],"predecessor-version":[{"id":44,"href":"https:\/\/catedras.facet.unt.edu.ar\/calidadyprocesos\/wp-json\/wp\/v2\/pages\/43\/revisions\/44"}],"wp:attachment":[{"href":"https:\/\/catedras.facet.unt.edu.ar\/calidadyprocesos\/wp-json\/wp\/v2\/media?parent=43"}],"curies":[{"name":"wp","href":"https:\/\/api.w.org\/{rel}","templated":true}]}}