{"id":2,"date":"2013-11-22T14:58:07","date_gmt":"2013-11-22T14:58:07","guid":{"rendered":"https:\/\/catedras.facet.unt.edu.ar\/sitio1\/?page_id=2"},"modified":"2016-09-10T18:46:45","modified_gmt":"2016-09-10T21:46:45","slug":"descripcion","status":"publish","type":"page","link":"https:\/\/catedras.facet.unt.edu.ar\/calidadyprocesos\/descripcion\/","title":{"rendered":"Descripci\u00f3n"},"content":{"rendered":"<p><strong>Objetivos Generales:<\/strong><\/p>\n<ul>\n<li>Proporcionar los conceptos b\u00e1sicos sobre la visi\u00f3n sist\u00e9mica de procesos en una organizaci\u00f3n y su gesti\u00f3n.<\/li>\n<li>Introducir a los participantes en la tem\u00e1tica referida a\u00a0 la calidad, a los sistemas de gesti\u00f3n y aseguramiento de la calidad y su aplicaci\u00f3n en la generaci\u00f3n de productos y servicios.<\/li>\n<\/ul>\n<p><strong>Metodolog\u00eda:<\/strong><\/p>\n<p>Clases te\u00f3rico-pr\u00e1cticas con an\u00e1lisis de casos espec\u00edficos y trabajos pr\u00e1cticos de aplicaci\u00f3n.<\/p>\n","protected":false},"excerpt":{"rendered":"<p>Objetivos Generales: Proporcionar los conceptos b\u00e1sicos sobre la visi\u00f3n sist\u00e9mica de procesos en una organizaci\u00f3n y su gesti\u00f3n. Introducir a los participantes en la tem\u00e1tica referida a\u00a0 la calidad, a los sistemas de gesti\u00f3n y aseguramiento de la calidad y su aplicaci\u00f3n en la generaci\u00f3n de productos y servicios. Metodolog\u00eda: Clases te\u00f3rico-pr\u00e1cticas con an\u00e1lisis de [&hellip;]<\/p>\n","protected":false},"author":1,"featured_media":0,"parent":0,"menu_order":0,"comment_status":"closed","ping_status":"closed","template":"","meta":[],"_links":{"self":[{"href":"https:\/\/catedras.facet.unt.edu.ar\/calidadyprocesos\/wp-json\/wp\/v2\/pages\/2"}],"collection":[{"href":"https:\/\/catedras.facet.unt.edu.ar\/calidadyprocesos\/wp-json\/wp\/v2\/pages"}],"about":[{"href":"https:\/\/catedras.facet.unt.edu.ar\/calidadyprocesos\/wp-json\/wp\/v2\/types\/page"}],"author":[{"embeddable":true,"href":"https:\/\/catedras.facet.unt.edu.ar\/calidadyprocesos\/wp-json\/wp\/v2\/users\/1"}],"replies":[{"embeddable":true,"href":"https:\/\/catedras.facet.unt.edu.ar\/calidadyprocesos\/wp-json\/wp\/v2\/comments?post=2"}],"version-history":[{"count":4,"href":"https:\/\/catedras.facet.unt.edu.ar\/calidadyprocesos\/wp-json\/wp\/v2\/pages\/2\/revisions"}],"predecessor-version":[{"id":48,"href":"https:\/\/catedras.facet.unt.edu.ar\/calidadyprocesos\/wp-json\/wp\/v2\/pages\/2\/revisions\/48"}],"wp:attachment":[{"href":"https:\/\/catedras.facet.unt.edu.ar\/calidadyprocesos\/wp-json\/wp\/v2\/media?parent=2"}],"curies":[{"name":"wp","href":"https:\/\/api.w.org\/{rel}","templated":true}]}}