{"id":189,"date":"2017-05-26T11:22:43","date_gmt":"2017-05-26T14:22:43","guid":{"rendered":"https:\/\/catedras.facet.unt.edu.ar\/calidadyprocesos\/?page_id=189"},"modified":"2017-05-26T11:22:44","modified_gmt":"2017-05-26T14:22:44","slug":"sistemas-de-aseguramiento-de-la-calidad","status":"publish","type":"page","link":"https:\/\/catedras.facet.unt.edu.ar\/calidadyprocesos\/sistemas-de-aseguramiento-de-la-calidad\/","title":{"rendered":"Sistemas de Aseguramiento de la Calidad"},"content":{"rendered":"<div id=\"pl-189\"  class=\"panel-layout\" ><div id=\"pg-189-0\"  class=\"panel-grid panel-no-style\" ><div id=\"pgc-189-0-0\"  class=\"panel-grid-cell\" ><div id=\"panel-189-0-0-0\" class=\"so-panel widget widget_headline-widget panel-first-child panel-last-child\" data-index=\"0\" >\t\t<h1>Sistemas de Aseguramiento de la Calidad<\/h1>\n\t\t<div class=\"decoration\"><div class=\"decoration-inside\"><\/div><\/div>\n\t\t<h3>Materia perteneciente m\u00f3dulo III de la Especializaci\u00f3n en Gesti\u00f3n Industrial de la UNT<\/h3>\n\t\t<\/div><\/div><\/div><div id=\"pg-189-1\"  class=\"panel-grid panel-no-style\" ><div id=\"pgc-189-1-0\"  class=\"panel-grid-cell\" ><div id=\"panel-189-1-0-0\" class=\"so-panel widget widget_headline-widget panel-first-child panel-last-child\" data-index=\"1\" >\t\t<h1>Objetivos Generales<\/h1>\n\t\t<div class=\"decoration\"><div class=\"decoration-inside\"><\/div><\/div>\n\t\t<h3>Proporcionar los conceptos b\u00e1sicos sobre la visi\u00f3n sist\u00e9mica de procesos en una organizaci\u00f3n y su gesti\u00f3n. Introducir a los participantes en la tem\u00e1tica referida a  la calidad, a los sistemas de gesti\u00f3n y aseguramiento de la calidad y su aplicaci\u00f3n en la generaci\u00f3n de productos y servicios.<\/h3>\n\t\t<\/div><\/div><\/div><div id=\"pg-189-2\"  class=\"panel-grid panel-no-style\" ><div id=\"pgc-189-2-0\"  class=\"panel-grid-cell\" ><div id=\"panel-189-2-0-0\" class=\"so-panel widget widget_circleicon-widget panel-first-child panel-last-child\" data-index=\"2\" >\t\t<div class=\"circle-icon-box circle-icon-position-top circle-icon-hide-box circle-icon-size-small\">\n\t\t\t<div class=\"circle-icon-wrapper\">\n\t\t\t\t<a href=\"https:\/\/catedras.facet.unt.edu.ar\/calidadyprocesos\/material-de-estudio-posgrado\/\" class=\"link-icon\" >\t\t\t\t<div class=\"circle-icon\" >\n\t\t\t\t\t<div class=\"fa fa-pencil-square-o\" ><\/div>\t\t\t\t<\/div>\n\t\t\t\t<\/a>\t\t\t<\/div>\n\n\t\t\t<a href=\"https:\/\/catedras.facet.unt.edu.ar\/calidadyprocesos\/material-de-estudio-posgrado\/\" class=\"link-title\" >\t\t\t<h4 >Material de Estudio<\/h4>\t\t\t<\/a>\n\t\t\t\t\t\t\t\t\t\t<a href=\"https:\/\/catedras.facet.unt.edu.ar\/calidadyprocesos\/material-de-estudio-posgrado\/\" class=\"more-button\" >Ver Contenido <i><\/i><\/a>\n\t\t\t\t\t<\/div>\n\t\t<\/div><\/div><div id=\"pgc-189-2-1\"  class=\"panel-grid-cell\" ><div id=\"panel-189-2-1-0\" class=\"so-panel widget widget_circleicon-widget panel-first-child panel-last-child\" data-index=\"3\" >\t\t<div class=\"circle-icon-box circle-icon-position-top circle-icon-hide-box circle-icon-size-small\">\n\t\t\t<div class=\"circle-icon-wrapper\">\n\t\t\t\t<a href=\"https:\/\/catedras.facet.unt.edu.ar\/calidadyprocesos\/bibliografia\/\" class=\"link-icon\" >\t\t\t\t<div class=\"circle-icon\" >\n\t\t\t\t\t<div class=\"fa fa-bookmark-o\" ><\/div>\t\t\t\t<\/div>\n\t\t\t\t<\/a>\t\t\t<\/div>\n\n\t\t\t<a href=\"https:\/\/catedras.facet.unt.edu.ar\/calidadyprocesos\/bibliografia\/\" class=\"link-title\" >\t\t\t<h4 >Bibliograf\u00eda recomendada<\/h4>\t\t\t<\/a>\n\t\t\t\t\t\t\t\t\t\t<a href=\"https:\/\/catedras.facet.unt.edu.ar\/calidadyprocesos\/bibliografia\/\" class=\"more-button\" >Ver Contenido <i><\/i><\/a>\n\t\t\t\t\t<\/div>\n\t\t<\/div><\/div><\/div><div id=\"pg-189-3\"  class=\"panel-grid panel-no-style\" ><div id=\"pgc-189-3-0\"  class=\"panel-grid-cell\" ><div id=\"panel-189-3-0-0\" class=\"so-panel widget widget_siteorigin-panels-postloop panel-first-child panel-last-child\" data-index=\"4\" ><h3 class=\"widget-title\">Novedades<\/h3>\n\t\t\n\t\t\n<article id=\"post-213\" class=\"post-213 post type-post status-publish format-gallery hentry category-sin-categoria post_format-post-format-gallery\">\n\n\t<div class=\"entry-main\">\n\n\t\t\n\t\t\t\t\t<header class=\"entry-header\">\n\n\t\t\t\n\t\t\t\t\t\t\t\t\t<h1 class=\"entry-title\"><a href=\"https:\/\/catedras.facet.unt.edu.ar\/calidadyprocesos\/2017\/05\/24\/curso-de-posgrado-sistemas-de-aseguramiento-de-la-calidad-2017\/\" title=\"Enlace permanente a Curso de posgrado: Sistemas de aseguramiento de la calidad- 2017\" rel=\"bookmark\">Curso de posgrado: Sistemas de aseguramiento de la calidad- 2017<\/a><\/h1>\n\t\t\t\t\n\t\t\t\t\t\t\t\t\t<div class=\"entry-meta\">\n\t\t\t\t\t\tPublicado el <a href=\"https:\/\/catedras.facet.unt.edu.ar\/calidadyprocesos\/2017\/05\/24\/curso-de-posgrado-sistemas-de-aseguramiento-de-la-calidad-2017\/\" title=\"11:29\" rel=\"bookmark\"><time class=\"entry-date\" datetime=\"2017-05-24T11:29:39-03:00\">24 mayo, 2017<\/time><\/a><time class=\"updated\" datetime=\"2017-05-26T11:31:24-03:00\">26 mayo, 2017<\/time> <span class=\"byline\"> por <span class=\"author vcard\"><a class=\"url fn n\" href=\"https:\/\/catedras.facet.unt.edu.ar\/calidadyprocesos\/author\/sgrupalli\/\" title=\"Ver todos los art\u00edculos de sgrupalli\" rel=\"author\">sgrupalli<\/a><\/span><\/span> \t\t\t\t\t<\/div><!-- .entry-meta -->\n\t\t\t\t\n\t\t\t<\/header><!-- .entry-header -->\n\t\t\n\t\t<div class=\"entry-content\">\n\t\t\t<p>El\u00a0 Curso \u00a0\u201cSistemas de aseguramiento de la calidad\u201d , perteneciente m\u00f3dulo III de la Especializaci\u00f3n en Gesti\u00f3n Industrial de la UNT, se realizar\u00e1 este Viernes 26 de Mayo (15 a 21hs) y el S\u00e1bado 27 de Mayo (8:30 a 13:30) en la Sala de Medios Audiovisuales, Block 3, 1\u00b0 Piso, FACET (Av. Independencia 1800).<\/p>\n\t\t\t\t\t<\/div><!-- .entry-content -->\n\n\t\t\n\t\t\n\t\t\n\t<\/div>\n\n<\/article><!-- #post-213 -->\n\n\t\n\t\t\n<article id=\"post-1\" class=\"post-1 post type-post status-publish format-image has-post-thumbnail hentry category-aviso-destacado category-materia-electiva post_format-post-format-image post-with-thumbnail post-with-thumbnail-large\">\n\n\t<div class=\"entry-main\">\n\n\t\t\n\t\t\t\t\t<header class=\"entry-header\">\n\n\t\t\t\t\t\t\t<div class=\"entry-thumbnail\">\n\t\t\t\t\t\t\t\t\t\t\t<a href=\"https:\/\/catedras.facet.unt.edu.ar\/calidadyprocesos\/2016\/08\/29\/inicio-de-clases\/\">\n\t\t\t\t\t\t\t<img width=\"207\" height=\"117\" src=\"https:\/\/catedras.facet.unt.edu.ar\/calidadyprocesos\/wp-content\/uploads\/sites\/14\/2016\/08\/formacion2-e1473555534876.jpg\" class=\"attachment-post-thumbnail size-post-thumbnail wp-post-image\" alt=\"\" loading=\"lazy\" \/>\t\t\t\t\t\t<\/a>\n\t\t\t\t\t\t\t\t\t<\/div>\n\t\t\t\n\t\t\t\t\t\t\t\t\t<h1 class=\"entry-title\"><a href=\"https:\/\/catedras.facet.unt.edu.ar\/calidadyprocesos\/2016\/08\/29\/inicio-de-clases\/\" title=\"Enlace permanente a Inicio de clases de Materia Electiva\" rel=\"bookmark\">Inicio de clases de Materia Electiva<\/a><\/h1>\n\t\t\t\t\n\t\t\t\t\t\t\t\t\t<div class=\"entry-meta\">\n\t\t\t\t\t\tPublicado el <a href=\"https:\/\/catedras.facet.unt.edu.ar\/calidadyprocesos\/2016\/08\/29\/inicio-de-clases\/\" title=\"14:58\" rel=\"bookmark\"><time class=\"entry-date\" datetime=\"2016-08-29T14:58:07-03:00\">29 agosto, 2016<\/time><\/a><time class=\"updated\" datetime=\"2016-09-10T22:13:00-03:00\">10 septiembre, 2016<\/time> <span class=\"byline\"> por <span class=\"author vcard\"><a class=\"url fn n\" href=\"https:\/\/catedras.facet.unt.edu.ar\/calidadyprocesos\/author\/admin\/\" title=\"Ver todos los art\u00edculos de admin\" rel=\"author\">admin<\/a><\/span><\/span> \t\t\t\t\t<\/div><!-- .entry-meta -->\n\t\t\t\t\n\t\t\t<\/header><!-- .entry-header -->\n\t\t\n\t\t<div class=\"entry-content\">\n\t\t\t<p>La primera clase de la materia electiva \u00abCALIDAD y PROCESOS\u00bb se dictar\u00e1 el <b>MIERCOLES 07 de Septiembre a hs 14,30<\/b> en el DLLyV.<\/p>\n\t\t\t\t\t<\/div><!-- .entry-content -->\n\n\t\t\n\t\t\n\t\t\n\t<\/div>\n\n<\/article><!-- #post-1 -->\n\n\t\n\t\n<\/div><\/div><div id=\"pgc-189-3-1\"  class=\"panel-grid-cell\" ><div id=\"panel-189-3-1-0\" class=\"so-panel widget widget_text panel-first-child panel-last-child\" data-index=\"5\" ><h3 class=\"widget-title\">Calendario<\/h3>\t\t\t<div class=\"textwidget\"><p><iframe src=\"https:\/\/calendar.google.com\/calendar\/embed?title=Calidad%20y%20Procesos&amp;showPrint=0&amp;height=600&amp;wkst=1&amp;bgcolor=%23c0c0c0&amp;src=calidad-procesos%40herrera.unt.edu.ar&amp;color=%231B887A&amp;ctz=America%2FArgentina%2FTucum\u00e1n\" style=\"border-width:0\" frameborder=\"0\" scrolling=\"no\"><\/iframe><\/p>\n<\/div>\n\t\t<\/div><\/div><\/div><\/div>","protected":false},"excerpt":{"rendered":"<p>Sistemas de Aseguramiento de la Calidad Materia perteneciente m\u00f3dulo III de la Especializaci\u00f3n en Gesti\u00f3n Industrial de la UNT Objetivos Generales Proporcionar los conceptos b\u00e1sicos sobre la visi\u00f3n sist\u00e9mica de procesos en una organizaci\u00f3n y su gesti\u00f3n. Introducir a los participantes en la tem\u00e1tica referida a la calidad, a los sistemas de gesti\u00f3n y aseguramiento [&hellip;]<\/p>\n","protected":false},"author":72,"featured_media":0,"parent":0,"menu_order":0,"comment_status":"closed","ping_status":"closed","template":"","meta":[],"_links":{"self":[{"href":"https:\/\/catedras.facet.unt.edu.ar\/calidadyprocesos\/wp-json\/wp\/v2\/pages\/189"}],"collection":[{"href":"https:\/\/catedras.facet.unt.edu.ar\/calidadyprocesos\/wp-json\/wp\/v2\/pages"}],"about":[{"href":"https:\/\/catedras.facet.unt.edu.ar\/calidadyprocesos\/wp-json\/wp\/v2\/types\/page"}],"author":[{"embeddable":true,"href":"https:\/\/catedras.facet.unt.edu.ar\/calidadyprocesos\/wp-json\/wp\/v2\/users\/72"}],"replies":[{"embeddable":true,"href":"https:\/\/catedras.facet.unt.edu.ar\/calidadyprocesos\/wp-json\/wp\/v2\/comments?post=189"}],"version-history":[{"count":8,"href":"https:\/\/catedras.facet.unt.edu.ar\/calidadyprocesos\/wp-json\/wp\/v2\/pages\/189\/revisions"}],"predecessor-version":[{"id":204,"href":"https:\/\/catedras.facet.unt.edu.ar\/calidadyprocesos\/wp-json\/wp\/v2\/pages\/189\/revisions\/204"}],"wp:attachment":[{"href":"https:\/\/catedras.facet.unt.edu.ar\/calidadyprocesos\/wp-json\/wp\/v2\/media?parent=189"}],"curies":[{"name":"wp","href":"https:\/\/api.w.org\/{rel}","templated":true}]}}