{"id":167,"date":"2016-09-11T00:44:39","date_gmt":"2016-09-11T03:44:39","guid":{"rendered":"https:\/\/catedras.facet.unt.edu.ar\/calidadyprocesos\/?page_id=167"},"modified":"2016-09-11T01:03:01","modified_gmt":"2016-09-11T04:03:01","slug":"contactenos","status":"publish","type":"page","link":"https:\/\/catedras.facet.unt.edu.ar\/calidadyprocesos\/contactenos\/","title":{"rendered":"Cont\u00e1ctenos"},"content":{"rendered":"<div id=\"pl-167\"  class=\"panel-layout\" ><div id=\"pg-167-0\"  class=\"panel-grid panel-no-style\" ><div id=\"pgc-167-0-0\"  class=\"panel-grid-cell\" ><div id=\"panel-167-0-0-0\" class=\"so-panel widget widget_headline-widget panel-first-child panel-last-child\" data-index=\"0\" ><div class=\"so-parallax panel-widget-style panel-widget-style-for-167-0-0-0\" ><img width=\"198\" height=\"153\" src=\"https:\/\/catedras.facet.unt.edu.ar\/calidadyprocesos\/wp-content\/uploads\/sites\/14\/2016\/09\/contactenos-1-e1473564727750.png\" class=\"attachment-full size-full\" alt=\"\" loading=\"eager\" data-siteorigin-parallax=\"true\" \/>\t\t<h1>Cont\u00e1ctenos<\/h1>\n\t\t<div class=\"decoration\"><div class=\"decoration-inside\"><\/div><\/div>\n\t\t<h3><\/h3>\n\t\t<\/div><\/div><\/div><\/div><div id=\"pg-167-1\"  class=\"panel-grid panel-no-style\" ><div id=\"pgc-167-1-0\"  class=\"panel-grid-cell\" ><div id=\"panel-167-1-0-0\" class=\"so-panel widget widget_sow-editor panel-first-child panel-last-child\" data-index=\"1\" ><div\n\t\t\t\n\t\t\tclass=\"so-widget-sow-editor so-widget-sow-editor-base\"\n\t\t\t\n\t\t>\n<div class=\"siteorigin-widget-tinymce textwidget\">\n\t<p><strong>Formulario de Contacto<\/strong><\/p>\n<div role=\"form\" class=\"wpcf7\" id=\"wpcf7-f99-o1\" lang=\"es-ES\" dir=\"ltr\">\n<div class=\"screen-reader-response\" role=\"alert\" aria-live=\"polite\"><\/div>\n<form action=\"\/calidadyprocesos\/wp-json\/wp\/v2\/pages\/167#wpcf7-f99-o1\" method=\"post\" class=\"wpcf7-form init\" novalidate=\"novalidate\">\n<div style=\"display: none;\">\n<input type=\"hidden\" name=\"_wpcf7\" value=\"99\" \/>\n<input type=\"hidden\" name=\"_wpcf7_version\" value=\"5.2.1\" \/>\n<input type=\"hidden\" name=\"_wpcf7_locale\" value=\"es_ES\" \/>\n<input type=\"hidden\" name=\"_wpcf7_unit_tag\" value=\"wpcf7-f99-o1\" \/>\n<input type=\"hidden\" name=\"_wpcf7_container_post\" value=\"0\" \/>\n<input type=\"hidden\" name=\"_wpcf7_posted_data_hash\" value=\"\" \/>\n<\/div>\n<p><label> Nombre (requerido)<br \/>\n    <span class=\"wpcf7-form-control-wrap your-name\"><input type=\"text\" name=\"your-name\" value=\"\" size=\"40\" class=\"wpcf7-form-control wpcf7-text wpcf7-validates-as-required\" aria-required=\"true\" aria-invalid=\"false\" \/><\/span> <\/label><\/p>\n<p><label> Correo electr\u00f3nico (requerido)<br \/>\n    <span class=\"wpcf7-form-control-wrap your-email\"><input type=\"email\" name=\"your-email\" value=\"\" size=\"40\" class=\"wpcf7-form-control wpcf7-text wpcf7-email wpcf7-validates-as-required wpcf7-validates-as-email\" aria-required=\"true\" aria-invalid=\"false\" \/><\/span> <\/label><\/p>\n<p><label> Asunto<br \/>\n    <span class=\"wpcf7-form-control-wrap your-subject\"><input type=\"text\" name=\"your-subject\" value=\"\" size=\"40\" class=\"wpcf7-form-control wpcf7-text\" aria-invalid=\"false\" \/><\/span> <\/label><\/p>\n<p><label> Mensaje<br \/>\n    <span class=\"wpcf7-form-control-wrap your-message\"><textarea name=\"your-message\" cols=\"40\" rows=\"10\" class=\"wpcf7-form-control wpcf7-textarea\" aria-invalid=\"false\"><\/textarea><\/span> <\/label><\/p>\n<p><input type=\"submit\" value=\"Enviar\" class=\"wpcf7-form-control wpcf7-submit\" \/><\/p>\n<div class=\"inv-recaptcha-holder\"><\/div><div class=\"wpcf7-response-output\" role=\"alert\" aria-hidden=\"true\"><\/div><\/form><\/div>\n<\/div>\n<\/div><\/div><\/div><div id=\"pgc-167-1-1\"  class=\"panel-grid-cell\" ><div id=\"panel-167-1-1-0\" class=\"so-panel widget widget_text panel-first-child panel-last-child\" data-index=\"2\" ><div class=\"panel-widget-style panel-widget-style-for-167-1-1-0\" ><h3 class=\"widget-title\">Informaci\u00f3n de Contacto<\/h3>\t\t\t<div class=\"textwidget\"><p>Direcci\u00f3n: Facultad de Cs. Exactas y Tecnolog\u00eda - UNT . Avda. Independencia 1800 - C.P. 4000 - Tucum\u00e1n (Rep. Argentina) <\/p>\n<p>Casilla de Correo: calidad-procesos@herrera.unt.edu.ar<\/p>\n<p>Tel\u00e9fono: (+54) 0381 4364093 int 7715<\/p>\n<\/div>\n\t\t<\/div><\/div><\/div><\/div><\/div>","protected":false},"excerpt":{"rendered":"<p>Formulario de Contacto Direcci\u00f3n: Facultad de Cs. Exactas y Tecnolog\u00eda &#8211; UNT . Avda. Independencia 1800 &#8211; C.P. 4000 &#8211; Tucum\u00e1n (Rep. Argentina) Casilla de Correo: calidad-procesos@herrera.unt.edu.ar Tel\u00e9fono: (+54) 0381 4364093 int 7715<\/p>\n","protected":false},"author":72,"featured_media":0,"parent":0,"menu_order":0,"comment_status":"closed","ping_status":"closed","template":"templates\/template-full-notitle.php","meta":[],"_links":{"self":[{"href":"https:\/\/catedras.facet.unt.edu.ar\/calidadyprocesos\/wp-json\/wp\/v2\/pages\/167"}],"collection":[{"href":"https:\/\/catedras.facet.unt.edu.ar\/calidadyprocesos\/wp-json\/wp\/v2\/pages"}],"about":[{"href":"https:\/\/catedras.facet.unt.edu.ar\/calidadyprocesos\/wp-json\/wp\/v2\/types\/page"}],"author":[{"embeddable":true,"href":"https:\/\/catedras.facet.unt.edu.ar\/calidadyprocesos\/wp-json\/wp\/v2\/users\/72"}],"replies":[{"embeddable":true,"href":"https:\/\/catedras.facet.unt.edu.ar\/calidadyprocesos\/wp-json\/wp\/v2\/comments?post=167"}],"version-history":[{"count":3,"href":"https:\/\/catedras.facet.unt.edu.ar\/calidadyprocesos\/wp-json\/wp\/v2\/pages\/167\/revisions"}],"predecessor-version":[{"id":174,"href":"https:\/\/catedras.facet.unt.edu.ar\/calidadyprocesos\/wp-json\/wp\/v2\/pages\/167\/revisions\/174"}],"wp:attachment":[{"href":"https:\/\/catedras.facet.unt.edu.ar\/calidadyprocesos\/wp-json\/wp\/v2\/media?parent=167"}],"curies":[{"name":"wp","href":"https:\/\/api.w.org\/{rel}","templated":true}]}}