{"id":121,"date":"2016-09-10T22:46:47","date_gmt":"2016-09-11T01:46:47","guid":{"rendered":"https:\/\/catedras.facet.unt.edu.ar\/calidadyprocesos\/?page_id=121"},"modified":"2019-03-26T17:02:30","modified_gmt":"2019-03-26T20:02:30","slug":"extension-3","status":"publish","type":"page","link":"https:\/\/catedras.facet.unt.edu.ar\/calidadyprocesos\/extension-3\/","title":{"rendered":"Extensi\u00f3n"},"content":{"rendered":"<div id=\"pl-121\"  class=\"panel-layout\" ><div id=\"pg-121-0\"  class=\"panel-grid panel-no-style\" ><div id=\"pgc-121-0-0\"  class=\"panel-grid-cell\" ><div id=\"panel-121-0-0-0\" class=\"so-panel widget widget_headline-widget panel-first-child panel-last-child\" data-index=\"0\" ><div class=\"so-parallax panel-widget-style panel-widget-style-for-121-0-0-0\" ><img width=\"566\" height=\"217\" src=\"https:\/\/catedras.facet.unt.edu.ar\/calidadyprocesos\/wp-content\/uploads\/sites\/14\/2016\/09\/extension2-1.jpg\" class=\"attachment-full size-full\" alt=\"\" loading=\"eager\" data-siteorigin-parallax=\"true\" srcset=\"https:\/\/catedras.facet.unt.edu.ar\/calidadyprocesos\/wp-content\/uploads\/sites\/14\/2016\/09\/extension2-1.jpg 566w, https:\/\/catedras.facet.unt.edu.ar\/calidadyprocesos\/wp-content\/uploads\/sites\/14\/2016\/09\/extension2-1-300x115.jpg 300w\" sizes=\"(max-width: 566px) 100vw, 566px\" \/>\t\t<h1>Tareas de Extensi\u00f3n<\/h1>\n\t\t<div class=\"decoration\"><div class=\"decoration-inside\"><\/div><\/div>\n\t\t<h3><\/h3>\n\t\t<\/div><\/div><\/div><\/div><div id=\"pg-121-1\"  class=\"panel-grid panel-no-style\" ><div id=\"pgc-121-1-0\"  class=\"panel-grid-cell\" ><div id=\"panel-121-1-0-0\" class=\"so-panel widget widget_circleicon-widget panel-first-child\" data-index=\"1\" >\t\t<div class=\"circle-icon-box circle-icon-position-left circle-icon-hide-box circle-icon-size-small\">\n\t\t\t<div class=\"circle-icon-wrapper\">\n\t\t\t\t\t\t\t\t<div class=\"circle-icon\" >\n\t\t\t\t\t<div class=\"fa fa-file-text\" ><\/div>\t\t\t\t<\/div>\n\t\t\t\t\t\t\t<\/div>\n\n\t\t\t\t\t\t<h4 >PRICALAB<\/h4>\t\t\t\n\t\t\t<p class=\"text\" >Programa de Implementaci\u00f3n de Calidad en Laboratorios de la UNT (2007 a la fecha)<\/p>\t\t\t\t\t<\/div>\n\t\t<\/div><div id=\"panel-121-1-0-1\" class=\"so-panel widget widget_text panel-last-child\" data-index=\"2\" >\t\t\t<div class=\"textwidget\"><p>Se trata del Programa de Implementaci\u00f3n de Calidad en Laboratorios de la UNT (PRICALAB) bajo la direcci\u00f3n del Profesor Mag. Ing. Sergio Gor. Este programa brinda herramientas para proporcionar los medios para la implementaci\u00f3n de sistemas de gesti\u00f3n de la calidad en laboratorios de la UNT, coordinar y gestionar la obtenci\u00f3n de recursos para la adecuaci\u00f3n de las capacidades t\u00e9cnicas de los laboratorios a los est\u00e1ndares internacionales adoptados, lograr la acreditaci\u00f3n por parte del Organismo Argentino de Acreditaci\u00f3n (OAA), de laboratorios de la UNT que presten servicios arancelados a terceros; formar recursos humanos pertenecientes a laboratorios de la UNT como \u201cimplementadores\u201d o \u201cfacilitadores\u201d de sistemas de gesti\u00f3n de la calidad y como auditores internos de laboratorios; as\u00ed como tambi\u00e9n mantener las acreditaciones conseguidas mediante actividades sistem\u00e1ticas de capacitaci\u00f3n y evaluaci\u00f3n.<\/p>\n<p>PRICALAB inici\u00f3 sus actividades en 2007 y cont\u00f3 con la participaci\u00f3n de 10 laboratorios de distintas facultades: Agronom\u00eda y Zootecnia (FAZ), Ciencias Exactas y Tecnolog\u00eda (FACET), Bioqu\u00edmica, Qu\u00edmica y Farmacia (BQyF), con una sostenida actividad de prestaci\u00f3n de servicios al medio.<\/p>\n<p>Al presente forman parte del Programa alrededor de 30 laboratorios de distintas Unidades Acad\u00e9micas de la UNT, dedicados a la prestaci\u00f3n de servicios, docencia y\/o investigaci\u00f3n. La participaci\u00f3n del personal de dichos laboratorios es sin cargo.<\/p>\n<p>En 2010, el Laboratorio de Instrumentaci\u00f3n Industrial (LII) de la FACET ha conseguido la acreditaci\u00f3n internacional como Laboratorio de Calibraci\u00f3n por parte del Organismo Argentino de Acreditaci\u00f3n (OAA), en las magnitudes de presi\u00f3n, caudal y temperatura, siendo el \u00fanico en su tipo en el NOA y uno de los pocos del pa\u00eds. En 2015, el Laboratorio de Luminotecnia de la FACET, ha obtenido la acreditaci\u00f3n de dicho Organismo como Laboratorio de Ensayos de distribuci\u00f3n de intensidad luminosa y determinaci\u00f3n del flujo luminoso emitido por l\u00e1mparas y luminarias, siendo el \u00fanico laboratorio del pa\u00eds y uno de los pocos en la regi\u00f3n, acreditado en dicho campo.<\/p>\n<p>Habiendo finalizado el ciclo 2017-2018 de las actividades de capacitaci\u00f3n del PRICALAB, se encuentra abierta la convocatoria para aquellos interesados en participar del ciclo 2019.<\/p>\n<ul>\n<li><strong><a href=\"https:\/\/catedras.facet.unt.edu.ar\/calidadyprocesos\/wp-content\/uploads\/sites\/14\/2019\/03\/rev-03-PRICALAB-ciclo-2019_-especificaciones.pdf\">Condiciones del cursado del Ciclo 2019<\/a><\/strong><\/li>\n<li><strong><a href=\"https:\/\/catedras.facet.unt.edu.ar\/calidadyprocesos\/wp-content\/uploads\/sites\/14\/2019\/03\/Formas-de-pago.pdf\">Formas de Pago<\/a><\/strong><\/li>\n<\/ul>\n<p><strong><a href=\"https:\/\/catedras.facet.unt.edu.ar\/calidadyprocesos\/wp-content\/uploads\/sites\/14\/2019\/03\/f1.png\"><img loading=\"lazy\" class=\"alignnone wp-image-221\" src=\"https:\/\/catedras.facet.unt.edu.ar\/calidadyprocesos\/wp-content\/uploads\/sites\/14\/2019\/03\/f1.png\" alt=\"\" width=\"50\" height=\"44\" \/><\/a><a href=\"https:\/\/goo.gl\/forms\/12skorGBRyEtESTy1\">Formulario de Inscripci\u00f3n exclusivo para Laboratorios de la UNT <\/a><\/strong><\/p>\n<p><strong><a href=\"https:\/\/catedras.facet.unt.edu.ar\/calidadyprocesos\/wp-content\/uploads\/sites\/14\/2019\/03\/f2.png\"><img loading=\"lazy\" class=\"alignnone wp-image-220\" src=\"https:\/\/catedras.facet.unt.edu.ar\/calidadyprocesos\/wp-content\/uploads\/sites\/14\/2019\/03\/f2.png\" alt=\"\" width=\"52\" height=\"45\" \/><\/a><a href=\"https:\/\/goo.gl\/forms\/jwtggJTVnau4ZZih1\">Formulario de Inscripci\u00f3n para Instituciones\/Organismos\/Empresas\/Particulares&#8230;<\/a><\/strong><\/p>\n<p>&nbsp;<\/p>\n<ul>\n<li><a href=\"https:\/\/catedras.facet.unt.edu.ar\/calidadyprocesos\/wp-content\/uploads\/sites\/14\/2019\/03\/rev-02-Rese\u00f1a-hist\u00f3rica-del-PRICALAB.pdf\"><strong>Rese\u00f1a hist\u00f3rica del programa PRICALAB<\/strong><\/a><\/li>\n<\/ul>\n<p>&nbsp;<\/p>\n<p>Por mayores informes comunicarse a <strong>pricalab@herrera.unt.edu.ar<\/strong><\/p>\n<p>&nbsp;<\/p>\n<p>&nbsp;<\/p>\n<\/div>\n\t\t<\/div><\/div><\/div><\/div>","protected":false},"excerpt":{"rendered":"<p>Se trata del Programa de Implementaci\u00f3n de Calidad en Laboratorios de la UNT (PRICALAB) bajo la direcci\u00f3n del Profesor Mag. Ing. Sergio Gor. Este programa brinda herramientas para proporcionar los medios para la implementaci\u00f3n de sistemas de gesti\u00f3n de la calidad en laboratorios de la UNT, coordinar y gestionar la obtenci\u00f3n de recursos para la [&hellip;]<\/p>\n","protected":false},"author":72,"featured_media":0,"parent":0,"menu_order":0,"comment_status":"closed","ping_status":"closed","template":"templates\/template-full-notitle.php","meta":[],"_links":{"self":[{"href":"https:\/\/catedras.facet.unt.edu.ar\/calidadyprocesos\/wp-json\/wp\/v2\/pages\/121"}],"collection":[{"href":"https:\/\/catedras.facet.unt.edu.ar\/calidadyprocesos\/wp-json\/wp\/v2\/pages"}],"about":[{"href":"https:\/\/catedras.facet.unt.edu.ar\/calidadyprocesos\/wp-json\/wp\/v2\/types\/page"}],"author":[{"embeddable":true,"href":"https:\/\/catedras.facet.unt.edu.ar\/calidadyprocesos\/wp-json\/wp\/v2\/users\/72"}],"replies":[{"embeddable":true,"href":"https:\/\/catedras.facet.unt.edu.ar\/calidadyprocesos\/wp-json\/wp\/v2\/comments?post=121"}],"version-history":[{"count":30,"href":"https:\/\/catedras.facet.unt.edu.ar\/calidadyprocesos\/wp-json\/wp\/v2\/pages\/121\/revisions"}],"predecessor-version":[{"id":267,"href":"https:\/\/catedras.facet.unt.edu.ar\/calidadyprocesos\/wp-json\/wp\/v2\/pages\/121\/revisions\/267"}],"wp:attachment":[{"href":"https:\/\/catedras.facet.unt.edu.ar\/calidadyprocesos\/wp-json\/wp\/v2\/media?parent=121"}],"curies":[{"name":"wp","href":"https:\/\/api.w.org\/{rel}","templated":true}]}}