{"id":816,"date":"2015-12-15T21:42:01","date_gmt":"2015-12-16T00:42:01","guid":{"rendered":"http:\/\/www1.herrera.unt.edu.ar\/faceyt\/calculoiii\/?page_id=5"},"modified":"2023-03-28T17:29:30","modified_gmt":"2023-03-28T20:29:30","slug":"programa","status":"publish","type":"page","link":"https:\/\/catedras.facet.unt.edu.ar\/calculoiii\/inicio\/programa\/","title":{"rendered":"Programa"},"content":{"rendered":"<p><a href=\"https:\/\/catedras.facet.unt.edu.ar\/calculoiii\/programa_de_calculo_iii_2019-2022\/\" target=\"_blank\" rel=\"noopener noreferrer\">Programa de C\u00e1lculo III a\u00f1os 2019-2022<\/a><\/p>\n<p><a href=\"https:\/\/catedras.facet.unt.edu.ar\/calculoiii\/wp-content\/uploads\/sites\/72\/2018\/10\/2018Programa-Asignatura-C\u00e1culo-III.pdf\" target=\"_blank\" rel=\"noopener noreferrer\">Programa de C\u00e1lculo III a\u00f1o 2018<\/a><\/p>\n<p><a href=\"https:\/\/catedras.facet.unt.edu.ar\/calculoiii\/wp-content\/uploads\/sites\/72\/2015\/12\/Programa-de-C\u00e1lculo-III-2017.pdf\" target=\"_blank\" rel=\"noopener noreferrer\">Programa de C\u00e1lculo III &#8211; A\u00f1o 2017<\/a><\/p>\n<p><a href=\"https:\/\/catedras.facet.unt.edu.ar\/calculoiii\/wp-content\/uploads\/sites\/72\/2016\/07\/Programa-2016-1.pdf\" target=\"_blank\" rel=\"noopener noreferrer\">Programa de C\u00e1lculo III a\u00f1o 2016<\/a><\/p>\n<p><a href=\"https:\/\/catedras.facet.unt.edu.ar\/calculoiii\/wp-content\/uploads\/sites\/72\/2015\/12\/Programa-C\u00e1lculo-III-2015.pdf\" target=\"_blank\" rel=\"noopener noreferrer\">Programa de C\u00e1lculo III a\u00f1o 2015<\/a><\/p>\n<p><a href=\"https:\/\/catedras.facet.unt.edu.ar\/calculoiii\/wp-content\/uploads\/sites\/72\/2015\/12\/Programa-de-C\u00e1lculo-III_TT5_.pdf\" target=\"_blank\" rel=\"noopener noreferrer\">Programa de C\u00e1lculo III correspondiente a a\u00f1os anteriores a 2015<\/a><\/p>\n","protected":false},"excerpt":{"rendered":"<p>Programa de C\u00e1lculo III a\u00f1os 2019-2022 Programa de C\u00e1lculo III a\u00f1o 2018 Programa de C\u00e1lculo III &#8211; A\u00f1o 2017 Programa de C\u00e1lculo III a\u00f1o 2016 Programa de C\u00e1lculo III a\u00f1o 2015 Programa de C\u00e1lculo III correspondiente a a\u00f1os anteriores a 2015<\/p>\n","protected":false},"author":175,"featured_media":0,"parent":179,"menu_order":20,"comment_status":"closed","ping_status":"closed","template":"","meta":[],"_links":{"self":[{"href":"https:\/\/catedras.facet.unt.edu.ar\/calculoiii\/wp-json\/wp\/v2\/pages\/816"}],"collection":[{"href":"https:\/\/catedras.facet.unt.edu.ar\/calculoiii\/wp-json\/wp\/v2\/pages"}],"about":[{"href":"https:\/\/catedras.facet.unt.edu.ar\/calculoiii\/wp-json\/wp\/v2\/types\/page"}],"author":[{"embeddable":true,"href":"https:\/\/catedras.facet.unt.edu.ar\/calculoiii\/wp-json\/wp\/v2\/users\/175"}],"replies":[{"embeddable":true,"href":"https:\/\/catedras.facet.unt.edu.ar\/calculoiii\/wp-json\/wp\/v2\/comments?post=816"}],"version-history":[{"count":29,"href":"https:\/\/catedras.facet.unt.edu.ar\/calculoiii\/wp-json\/wp\/v2\/pages\/816\/revisions"}],"predecessor-version":[{"id":3523,"href":"https:\/\/catedras.facet.unt.edu.ar\/calculoiii\/wp-json\/wp\/v2\/pages\/816\/revisions\/3523"}],"up":[{"embeddable":true,"href":"https:\/\/catedras.facet.unt.edu.ar\/calculoiii\/wp-json\/wp\/v2\/pages\/179"}],"wp:attachment":[{"href":"https:\/\/catedras.facet.unt.edu.ar\/calculoiii\/wp-json\/wp\/v2\/media?parent=816"}],"curies":[{"name":"wp","href":"https:\/\/api.w.org\/{rel}","templated":true}]}}