{"id":3414,"date":"2022-03-15T12:10:03","date_gmt":"2022-03-15T15:10:03","guid":{"rendered":"https:\/\/catedras.facet.unt.edu.ar\/calculoiii\/?page_id=3414"},"modified":"2026-03-30T11:37:37","modified_gmt":"2026-03-30T14:37:37","slug":"examenes-finales-en-mesas-especiales","status":"publish","type":"page","link":"https:\/\/catedras.facet.unt.edu.ar\/calculoiii\/examen-final\/examenes-finales-en-mesas-especiales\/","title":{"rendered":"Ex\u00e1menes Finales en mesas Especiales"},"content":{"rendered":"<h1 style=\"text-align: center\"><span style=\"color: #ff00ff;font-size: 36pt\">MESA ESPECIAL\u00a0 2026<\/span><\/h1>\n<h1 style=\"text-align: left\"><span style=\"font-size: 24pt;color: #ff00ff\"><strong>EXAMEN REGULAR<\/strong><\/span><\/h1>\n<h2><span style=\"text-decoration: underline\">FECHA<\/span>: LUNES 6 de ABRIL<\/h2>\n<h2><span style=\"text-decoration: underline\">HORARIO<\/span>: 11HS<\/h2>\n<h2><span style=\"text-decoration: underline\">LUGAR:<\/span> Aula 2-4-6<\/h2>\n<h2 style=\"font-weight: 400\"><strong><span style=\"color: #ff0000\">IMPORTANTE!<\/span><\/strong><\/h2>\n<p>Para que se acepte su inscripci\u00f3n en la mesa debe estar cursando NO M\u00c1S de dos materias.<\/p>\n<p>La inscripci\u00f3n <strong>es por el SIU<\/strong>, y la realiza el alumno interesado en rendir.<\/p>\n<p>Sin embargo para saber la cantidad de interesados, solicitamos escribir\u00a0 <strong>una semana antes<\/strong>\u00a0 a la fecha pactada, su confirmaci\u00f3n de asistencia\u00a0 a\u00a0 <a href=\"contactocalculoiii@gmail.com\" target=\"_blank\" rel=\"noopener noreferrer\">contactocalculoiii@gmail.com <\/a>\u00a0indicando los siguientes\u00a0 datos:<\/p>\n<p>Asunto: <strong>MESA ESPECIAL DE &#8230;.<\/strong><\/p>\n<p><strong>Apellido completo:<\/strong><\/p>\n<p><strong>Nombre completo:<\/strong><\/p>\n<p><strong>N\u00b0 de DNI:<\/strong><\/p>\n<p><strong>Carrera:<\/strong><\/p>\n<p>En el programa se detalla lo que debes estudiar. Puedes ver el programa en la p\u00e1gina web:<\/p>\n<p><a href=\"https:\/\/catedras.facet.unt.edu.ar\/calculoiii\/inicio\/programa\/\" data-saferedirecturl=\"https:\/\/www.google.com\/url?q=https:\/\/catedras.facet.unt.edu.ar\/calculoiii\/inicio\/programa\/&amp;source=gmail&amp;ust=1647442916350000&amp;usg=AOvVaw0NRSjX_ZVPVq3P89IEv6uw\">https:\/\/catedras.facet.unt.edu.ar\/calculoiii\/inicio\/programa\/<\/a><\/p>\n<p>&nbsp;<\/p>\n","protected":false},"excerpt":{"rendered":"<p>MESA ESPECIAL\u00a0 2026 EXAMEN REGULAR FECHA: LUNES 6 de ABRIL HORARIO: 11HS LUGAR: Aula 2-4-6 IMPORTANTE! Para que se acepte su inscripci\u00f3n en la mesa debe estar cursando NO M\u00c1S de dos materias. La inscripci\u00f3n es por el SIU, y la realiza el alumno interesado en rendir. Sin embargo para saber la cantidad de interesados, [&hellip;]<\/p>\n","protected":false},"author":175,"featured_media":0,"parent":3163,"menu_order":30,"comment_status":"closed","ping_status":"closed","template":"","meta":[],"_links":{"self":[{"href":"https:\/\/catedras.facet.unt.edu.ar\/calculoiii\/wp-json\/wp\/v2\/pages\/3414"}],"collection":[{"href":"https:\/\/catedras.facet.unt.edu.ar\/calculoiii\/wp-json\/wp\/v2\/pages"}],"about":[{"href":"https:\/\/catedras.facet.unt.edu.ar\/calculoiii\/wp-json\/wp\/v2\/types\/page"}],"author":[{"embeddable":true,"href":"https:\/\/catedras.facet.unt.edu.ar\/calculoiii\/wp-json\/wp\/v2\/users\/175"}],"replies":[{"embeddable":true,"href":"https:\/\/catedras.facet.unt.edu.ar\/calculoiii\/wp-json\/wp\/v2\/comments?post=3414"}],"version-history":[{"count":38,"href":"https:\/\/catedras.facet.unt.edu.ar\/calculoiii\/wp-json\/wp\/v2\/pages\/3414\/revisions"}],"predecessor-version":[{"id":3811,"href":"https:\/\/catedras.facet.unt.edu.ar\/calculoiii\/wp-json\/wp\/v2\/pages\/3414\/revisions\/3811"}],"up":[{"embeddable":true,"href":"https:\/\/catedras.facet.unt.edu.ar\/calculoiii\/wp-json\/wp\/v2\/pages\/3163"}],"wp:attachment":[{"href":"https:\/\/catedras.facet.unt.edu.ar\/calculoiii\/wp-json\/wp\/v2\/media?parent=3414"}],"curies":[{"name":"wp","href":"https:\/\/api.w.org\/{rel}","templated":true}]}}