{"id":23,"date":"2013-04-19T14:46:10","date_gmt":"2013-04-19T14:46:10","guid":{"rendered":"http:\/\/www1.herrera.unt.edu.ar\/faceyt\/calculoiii\/?page_id=23"},"modified":"2025-08-20T10:01:09","modified_gmt":"2025-08-20T13:01:09","slug":"regimen-para-cursar","status":"publish","type":"page","link":"https:\/\/catedras.facet.unt.edu.ar\/calculoiii\/inicio\/regimen-para-cursar\/","title":{"rendered":"R\u00e9gimen para cursar"},"content":{"rendered":"<p><!-- [if gte mso 9]&gt;--><\/p>\n<ul>\n<li>\n<h3><strong>INSCRIPCI\u00d3N\u00a0<\/strong><\/h3>\n<\/li>\n<\/ul>\n<h3>Las inscripciones en el sistema SIU Guarani, para el cursado en el 2do\u00a0 cuatrimestre, se realizar\u00e1n desde el 18 de agosto hasta el 24 de agosto de 2025.<\/h3>\n<ul>\n<li>\n<h3><strong>CONDICIONES PARA PODER CURSAR<\/strong><\/h3>\n<\/li>\n<\/ul>\n<h3>Deben tener aprobado C\u00e1lculo I y II, \u00c1lgebra y Geometr\u00eda Anal\u00edtica y Elementos de \u00c1lgebra Lineal.<\/h3>\n<h3><\/h3>\n<p>&nbsp;<\/p>\n<h3><\/h3>\n<p>&nbsp;<\/p>\n","protected":false},"excerpt":{"rendered":"<p>INSCRIPCI\u00d3N\u00a0 Las inscripciones en el sistema SIU Guarani, para el cursado en el 2do\u00a0 cuatrimestre, se realizar\u00e1n desde el 18 de agosto hasta el 24 de agosto de 2025. CONDICIONES PARA PODER CURSAR Deben tener aprobado C\u00e1lculo I y II, \u00c1lgebra y Geometr\u00eda Anal\u00edtica y Elementos de \u00c1lgebra Lineal. &nbsp; &nbsp;<\/p>\n","protected":false},"author":175,"featured_media":0,"parent":179,"menu_order":30,"comment_status":"closed","ping_status":"closed","template":"","meta":[],"_links":{"self":[{"href":"https:\/\/catedras.facet.unt.edu.ar\/calculoiii\/wp-json\/wp\/v2\/pages\/23"}],"collection":[{"href":"https:\/\/catedras.facet.unt.edu.ar\/calculoiii\/wp-json\/wp\/v2\/pages"}],"about":[{"href":"https:\/\/catedras.facet.unt.edu.ar\/calculoiii\/wp-json\/wp\/v2\/types\/page"}],"author":[{"embeddable":true,"href":"https:\/\/catedras.facet.unt.edu.ar\/calculoiii\/wp-json\/wp\/v2\/users\/175"}],"replies":[{"embeddable":true,"href":"https:\/\/catedras.facet.unt.edu.ar\/calculoiii\/wp-json\/wp\/v2\/comments?post=23"}],"version-history":[{"count":17,"href":"https:\/\/catedras.facet.unt.edu.ar\/calculoiii\/wp-json\/wp\/v2\/pages\/23\/revisions"}],"predecessor-version":[{"id":3785,"href":"https:\/\/catedras.facet.unt.edu.ar\/calculoiii\/wp-json\/wp\/v2\/pages\/23\/revisions\/3785"}],"up":[{"embeddable":true,"href":"https:\/\/catedras.facet.unt.edu.ar\/calculoiii\/wp-json\/wp\/v2\/pages\/179"}],"wp:attachment":[{"href":"https:\/\/catedras.facet.unt.edu.ar\/calculoiii\/wp-json\/wp\/v2\/media?parent=23"}],"curies":[{"name":"wp","href":"https:\/\/api.w.org\/{rel}","templated":true}]}}