{"id":1055,"date":"2018-02-14T10:53:46","date_gmt":"2018-02-14T13:53:46","guid":{"rendered":"http:\/\/www1.herrera.unt.edu.ar\/faceyt\/calculoiii\/?page_id=30"},"modified":"2024-11-11T10:34:06","modified_gmt":"2024-11-11T13:34:06","slug":"docentes-2","status":"publish","type":"page","link":"https:\/\/catedras.facet.unt.edu.ar\/calculoiii\/inicio\/docentes-2\/","title":{"rendered":"Docentes"},"content":{"rendered":"<p>&nbsp;<\/p>\n<p><span style=\"font-size: medium\"><a href=\"https:\/\/catedras.facet.unt.edu.ar\/calculoiii\/wp-content\/uploads\/sites\/72\/2023\/08\/c76d22ef-7d56-4178-872a-9b916e03da09.jpg\"><img loading=\"lazy\" class=\"alignnone wp-image-3585\" src=\"https:\/\/catedras.facet.unt.edu.ar\/calculoiii\/wp-content\/uploads\/sites\/72\/2023\/08\/c76d22ef-7d56-4178-872a-9b916e03da09.jpg\" alt=\"\" width=\"122\" height=\"126\" \/><\/a> Silvina Ruth G\u00f3mez, Profesora Titular<\/span><\/p>\n<p><a href=\"https:\/\/catedras.facet.unt.edu.ar\/calculoiii\/wp-content\/uploads\/sites\/72\/2023\/08\/dc28a8df-b72a-4609-8413-203b9f577559.jpg\"><img loading=\"lazy\" class=\"alignnone wp-image-3578\" src=\"https:\/\/catedras.facet.unt.edu.ar\/calculoiii\/wp-content\/uploads\/sites\/72\/2023\/08\/dc28a8df-b72a-4609-8413-203b9f577559.jpg\" alt=\"\" width=\"120\" height=\"127\" \/><\/a> Mar\u00eda\u00a0 Fernanda Galante, Profesora Asociada<\/p>\n<p><a href=\"https:\/\/catedras.facet.unt.edu.ar\/calculoiii\/wp-content\/uploads\/sites\/72\/2023\/08\/f5b0e616-d563-4ca0-96fb-1aa77cc4420e.jpg\"><img loading=\"lazy\" class=\"alignnone wp-image-3577\" src=\"https:\/\/catedras.facet.unt.edu.ar\/calculoiii\/wp-content\/uploads\/sites\/72\/2023\/08\/f5b0e616-d563-4ca0-96fb-1aa77cc4420e.jpg\" alt=\"\" width=\"113\" height=\"116\" \/><\/a> Mar\u00eda In\u00e9s Camazano, Profesora Adjunta<\/p>\n<p><a href=\"https:\/\/catedras.facet.unt.edu.ar\/calculoiii\/wp-content\/uploads\/sites\/72\/2023\/08\/c76d22ef-7d56-4178-872a-9b916e03da09-2.jpg\"><img loading=\"lazy\" class=\"alignnone wp-image-3588\" src=\"https:\/\/catedras.facet.unt.edu.ar\/calculoiii\/wp-content\/uploads\/sites\/72\/2023\/08\/c76d22ef-7d56-4178-872a-9b916e03da09-2.jpg\" alt=\"\" width=\"107\" height=\"103\" \/><\/a> Victoria Trimarco, Profesora Adjunta<\/p>\n<p><a href=\"https:\/\/catedras.facet.unt.edu.ar\/calculoiii\/wp-content\/uploads\/sites\/72\/2023\/08\/c76d22ef-7d56-4178-872a-9b916e03da09-1.jpg\"><img loading=\"lazy\" class=\"alignnone wp-image-3586\" src=\"https:\/\/catedras.facet.unt.edu.ar\/calculoiii\/wp-content\/uploads\/sites\/72\/2023\/08\/c76d22ef-7d56-4178-872a-9b916e03da09-1.jpg\" alt=\"\" width=\"108\" height=\"118\" \/><\/a> Bel\u00e9n Bulacio, Jefe de Trabajos Pr\u00e1cticos<\/p>\n<p><a href=\"https:\/\/catedras.facet.unt.edu.ar\/calculoiii\/wp-content\/uploads\/sites\/72\/2024\/11\/Imagen-de-WhatsApp-2024-11-11-a-las-10.25.15_f9f9f2fa.jpg\"><img loading=\"lazy\" class=\"alignnone  wp-image-3714\" src=\"https:\/\/catedras.facet.unt.edu.ar\/calculoiii\/wp-content\/uploads\/sites\/72\/2024\/11\/Imagen-de-WhatsApp-2024-11-11-a-las-10.25.15_f9f9f2fa.jpg\" alt=\"\" width=\"109\" height=\"109\" \/><\/a>\u00a0Nayla Chaben, Auxiliar Docente Graduado<\/p>\n<p>&nbsp;<\/p>\n","protected":false},"excerpt":{"rendered":"<p>&nbsp; Silvina Ruth G\u00f3mez, Profesora Titular Mar\u00eda\u00a0 Fernanda Galante, Profesora Asociada Mar\u00eda In\u00e9s Camazano, Profesora Adjunta Victoria Trimarco, Profesora Adjunta Bel\u00e9n Bulacio, Jefe de Trabajos Pr\u00e1cticos \u00a0Nayla Chaben, Auxiliar Docente Graduado &nbsp;<\/p>\n","protected":false},"author":175,"featured_media":0,"parent":179,"menu_order":10,"comment_status":"closed","ping_status":"closed","template":"","meta":[],"_links":{"self":[{"href":"https:\/\/catedras.facet.unt.edu.ar\/calculoiii\/wp-json\/wp\/v2\/pages\/1055"}],"collection":[{"href":"https:\/\/catedras.facet.unt.edu.ar\/calculoiii\/wp-json\/wp\/v2\/pages"}],"about":[{"href":"https:\/\/catedras.facet.unt.edu.ar\/calculoiii\/wp-json\/wp\/v2\/types\/page"}],"author":[{"embeddable":true,"href":"https:\/\/catedras.facet.unt.edu.ar\/calculoiii\/wp-json\/wp\/v2\/users\/175"}],"replies":[{"embeddable":true,"href":"https:\/\/catedras.facet.unt.edu.ar\/calculoiii\/wp-json\/wp\/v2\/comments?post=1055"}],"version-history":[{"count":36,"href":"https:\/\/catedras.facet.unt.edu.ar\/calculoiii\/wp-json\/wp\/v2\/pages\/1055\/revisions"}],"predecessor-version":[{"id":3715,"href":"https:\/\/catedras.facet.unt.edu.ar\/calculoiii\/wp-json\/wp\/v2\/pages\/1055\/revisions\/3715"}],"up":[{"embeddable":true,"href":"https:\/\/catedras.facet.unt.edu.ar\/calculoiii\/wp-json\/wp\/v2\/pages\/179"}],"wp:attachment":[{"href":"https:\/\/catedras.facet.unt.edu.ar\/calculoiii\/wp-json\/wp\/v2\/media?parent=1055"}],"curies":[{"name":"wp","href":"https:\/\/api.w.org\/{rel}","templated":true}]}}