{"id":98,"date":"2018-12-03T11:48:25","date_gmt":"2018-12-03T14:48:25","guid":{"rendered":"https:\/\/catedras.facet.unt.edu.ar\/calculoi-ii\/?page_id=98"},"modified":"2018-12-05T20:44:51","modified_gmt":"2018-12-05T23:44:51","slug":"oficinas","status":"publish","type":"page","link":"https:\/\/catedras.facet.unt.edu.ar\/calculoi-ii\/oficinas\/","title":{"rendered":"OFICINAS"},"content":{"rendered":"<p><strong>Las oficinas de la C\u00e1tedra est\u00e1n ubicadas en el primer y segundo piso del Block 2 de la Facultad de Ciencias Exactas y Tecnolog\u00eda, Universidad Nacional de Tucum\u00e1n, Avenida Independencia 1800, San Miguel de Tucum\u00e1n, Tucum\u00e1n, Argentina.<\/strong><\/p>\n<p><strong>\u00a0<\/strong><\/p>\n<p><strong>Oficina 2 &#8211; 1- 20\u00a0 \u00a0 (Block 2, 1er piso, Oficina 20)\u00a0 \u00a0 \u00a0 \u00a0 \u00a0 \u00a0 \u00a0 \u00a0 \u00a0 \u00a0 \u00a0 \u00a0 \u00a0 \u00a0Tel\u00e9fono +54 381 4364093 Interno\u00a07827<\/strong><\/p>\n<p>&nbsp;<\/p>\n<p><strong>Oficina 2 &#8211; 1 &#8211; 19\u00a0 \u00a0(Block 2, 1er piso, Oficina 19)\u00a0 \u00a0 \u00a0 \u00a0 \u00a0 \u00a0 \u00a0 \u00a0 \u00a0 \u00a0 \u00a0 \u00a0 \u00a0 Tel\u00e9fono +54 381 4364093 Interno\u00a07827<\/strong><\/p>\n<p>&nbsp;<\/p>\n<p><strong>Oficina 2 &#8211; 1 \u2013 15\u00a0 (Block 2, 1er piso, Oficina 15)\u00a0<\/strong><\/p>\n<p>&nbsp;<\/p>\n<p><strong>Oficina 2 &#8211; 2 &#8211; 30\u00a0\u00a0(Block 2, 2do piso, Oficina 31)\u00a0 \u00a0 \u00a0 \u00a0 \u00a0 \u00a0 \u00a0 \u00a0 \u00a0 \u00a0 \u00a0 \u00a0 \u00a0 Tel\u00e9fono +54 381 4364093 Interno 7737<\/strong><\/p>\n","protected":false},"excerpt":{"rendered":"<p>Las oficinas de la C\u00e1tedra est\u00e1n ubicadas en el primer y segundo piso del Block 2 de la Facultad de Ciencias Exactas y Tecnolog\u00eda, Universidad Nacional de Tucum\u00e1n, Avenida Independencia 1800, San Miguel de Tucum\u00e1n, Tucum\u00e1n, Argentina. \u00a0 Oficina 2 &#8211; 1- 20\u00a0 \u00a0 (Block 2, 1er piso, Oficina 20)\u00a0 \u00a0 \u00a0 \u00a0 \u00a0 \u00a0 [&hellip;]<\/p>\n","protected":false},"author":101708,"featured_media":0,"parent":0,"menu_order":0,"comment_status":"closed","ping_status":"closed","template":"","meta":[],"_links":{"self":[{"href":"https:\/\/catedras.facet.unt.edu.ar\/calculoi-ii\/wp-json\/wp\/v2\/pages\/98"}],"collection":[{"href":"https:\/\/catedras.facet.unt.edu.ar\/calculoi-ii\/wp-json\/wp\/v2\/pages"}],"about":[{"href":"https:\/\/catedras.facet.unt.edu.ar\/calculoi-ii\/wp-json\/wp\/v2\/types\/page"}],"author":[{"embeddable":true,"href":"https:\/\/catedras.facet.unt.edu.ar\/calculoi-ii\/wp-json\/wp\/v2\/users\/101708"}],"replies":[{"embeddable":true,"href":"https:\/\/catedras.facet.unt.edu.ar\/calculoi-ii\/wp-json\/wp\/v2\/comments?post=98"}],"version-history":[{"count":7,"href":"https:\/\/catedras.facet.unt.edu.ar\/calculoi-ii\/wp-json\/wp\/v2\/pages\/98\/revisions"}],"predecessor-version":[{"id":158,"href":"https:\/\/catedras.facet.unt.edu.ar\/calculoi-ii\/wp-json\/wp\/v2\/pages\/98\/revisions\/158"}],"wp:attachment":[{"href":"https:\/\/catedras.facet.unt.edu.ar\/calculoi-ii\/wp-json\/wp\/v2\/media?parent=98"}],"curies":[{"name":"wp","href":"https:\/\/api.w.org\/{rel}","templated":true}]}}