{"id":70,"date":"2018-12-03T11:28:28","date_gmt":"2018-12-03T14:28:28","guid":{"rendered":"https:\/\/catedras.facet.unt.edu.ar\/calculoi-ii\/?page_id=70"},"modified":"2018-12-05T20:52:32","modified_gmt":"2018-12-05T23:52:32","slug":"calculo-ii","status":"publish","type":"page","link":"https:\/\/catedras.facet.unt.edu.ar\/calculoi-ii\/calculo-ii\/","title":{"rendered":"C\u00e1lculo II y C\u00e1lculo Nivel II"},"content":{"rendered":"<blockquote class=\"wp-embedded-content\" data-secret=\"fyK2lQCbNY\"><p><a href=\"https:\/\/catedras.facet.unt.edu.ar\/calculoi-ii\/cuerpo-docente\/\">Cuerpo Docente<\/a><\/p><\/blockquote>\n<p><iframe class=\"wp-embedded-content\" sandbox=\"allow-scripts\" security=\"restricted\" style=\"position: absolute; clip: rect(1px, 1px, 1px, 1px);\" src=\"https:\/\/catedras.facet.unt.edu.ar\/calculoi-ii\/cuerpo-docente\/embed\/#?secret=fyK2lQCbNY\" data-secret=\"fyK2lQCbNY\" width=\"600\" height=\"338\" title=\"&#8220;Cuerpo Docente&#8221; &#8212; C\u00e1lculo I y II\" frameborder=\"0\" marginwidth=\"0\" marginheight=\"0\" scrolling=\"no\"><\/iframe><\/p>\n<blockquote class=\"wp-embedded-content\" data-secret=\"McKDUw5apy\"><p><a href=\"https:\/\/catedras.facet.unt.edu.ar\/calculoi-ii\/oficinas\/\">OFICINAS<\/a><\/p><\/blockquote>\n<p><iframe class=\"wp-embedded-content\" sandbox=\"allow-scripts\" security=\"restricted\" style=\"position: absolute; clip: rect(1px, 1px, 1px, 1px);\" src=\"https:\/\/catedras.facet.unt.edu.ar\/calculoi-ii\/oficinas\/embed\/#?secret=McKDUw5apy\" data-secret=\"McKDUw5apy\" width=\"600\" height=\"338\" title=\"&#8220;OFICINAS&#8221; &#8212; C\u00e1lculo I y II\" frameborder=\"0\" marginwidth=\"0\" marginheight=\"0\" scrolling=\"no\"><\/iframe><\/p>\n<blockquote class=\"wp-embedded-content\" data-secret=\"cxefSxaCkt\"><p><a href=\"https:\/\/catedras.facet.unt.edu.ar\/calculoi-ii\/programa-calculo-ii\/\">Programa: C\u00e1lculo II &#8211; C\u00e1lculo Nivel II<\/a><\/p><\/blockquote>\n<p><iframe class=\"wp-embedded-content\" sandbox=\"allow-scripts\" security=\"restricted\" style=\"position: absolute; clip: rect(1px, 1px, 1px, 1px);\" src=\"https:\/\/catedras.facet.unt.edu.ar\/calculoi-ii\/programa-calculo-ii\/embed\/#?secret=cxefSxaCkt\" data-secret=\"cxefSxaCkt\" width=\"600\" height=\"338\" title=\"&#8220;Programa: C\u00e1lculo II &#8211; C\u00e1lculo Nivel II&#8221; &#8212; C\u00e1lculo I y II\" frameborder=\"0\" marginwidth=\"0\" marginheight=\"0\" scrolling=\"no\"><\/iframe><\/p>\n","protected":false},"excerpt":{"rendered":"","protected":false},"author":101708,"featured_media":0,"parent":0,"menu_order":0,"comment_status":"closed","ping_status":"closed","template":"","meta":[],"_links":{"self":[{"href":"https:\/\/catedras.facet.unt.edu.ar\/calculoi-ii\/wp-json\/wp\/v2\/pages\/70"}],"collection":[{"href":"https:\/\/catedras.facet.unt.edu.ar\/calculoi-ii\/wp-json\/wp\/v2\/pages"}],"about":[{"href":"https:\/\/catedras.facet.unt.edu.ar\/calculoi-ii\/wp-json\/wp\/v2\/types\/page"}],"author":[{"embeddable":true,"href":"https:\/\/catedras.facet.unt.edu.ar\/calculoi-ii\/wp-json\/wp\/v2\/users\/101708"}],"replies":[{"embeddable":true,"href":"https:\/\/catedras.facet.unt.edu.ar\/calculoi-ii\/wp-json\/wp\/v2\/comments?post=70"}],"version-history":[{"count":6,"href":"https:\/\/catedras.facet.unt.edu.ar\/calculoi-ii\/wp-json\/wp\/v2\/pages\/70\/revisions"}],"predecessor-version":[{"id":160,"href":"https:\/\/catedras.facet.unt.edu.ar\/calculoi-ii\/wp-json\/wp\/v2\/pages\/70\/revisions\/160"}],"wp:attachment":[{"href":"https:\/\/catedras.facet.unt.edu.ar\/calculoi-ii\/wp-json\/wp\/v2\/media?parent=70"}],"curies":[{"name":"wp","href":"https:\/\/api.w.org\/{rel}","templated":true}]}}