{"id":37,"date":"2014-08-12T11:49:09","date_gmt":"2014-08-12T14:49:09","guid":{"rendered":"https:\/\/catedras.facet.unt.edu.ar\/calculoiyii\/home\/"},"modified":"2018-12-05T20:55:52","modified_gmt":"2018-12-05T23:55:52","slug":"home","status":"publish","type":"page","link":"https:\/\/catedras.facet.unt.edu.ar\/calculoi-ii\/","title":{"rendered":"C\u00e1lculo I y II"},"content":{"rendered":"<div id=\"pl-37\"  class=\"panel-layout\" ><div id=\"pg-37-0\"  class=\"panel-grid panel-no-style\" ><div id=\"pgc-37-0-0\"  class=\"panel-grid-cell\" ><div id=\"panel-37-0-0-0\" class=\"so-panel widget widget_black-studio-tinymce widget_black_studio_tinymce panel-first-child panel-last-child\" data-index=\"0\" ><h3 class=\"widget-title\">                                                                                                         <\/h3><div class=\"textwidget\"><h2 style=\"text-align: center;\"><strong> Bienvenidos a la p\u00e1gina oficial de la c\u00e1tedra An\u00e1lisis Matem\u00e1tico I<\/strong><\/h2>\n<p style=\"text-align: center;\">del Departamento de Matem\u00e1tica de la Facultad de Ciencias Exactas y Tecnolog\u00eda de la Universidad Nacional de Tucum\u00e1n.<\/p>\n<p style=\"text-align: center;\">Aqu\u00ed encontrar\u00e1s toda la informaci\u00f3n respecto a las materias que se dictan:<\/p>\n<\/div><\/div><\/div><\/div><div id=\"pg-37-1\"  class=\"panel-grid panel-no-style\" ><div id=\"pgc-37-1-0\"  class=\"panel-grid-cell\" ><div id=\"panel-37-1-0-0\" class=\"so-panel widget widget_black-studio-tinymce widget_black_studio_tinymce panel-first-child panel-last-child\" data-index=\"1\" ><h3 class=\"widget-title\">                                                                                                         <\/h3><div class=\"textwidget\"><p><a href=\"https:\/\/catedras.facet.unt.edu.ar\/calculoi-ii\/calculoi\/\"><img class=\"alignnone wp-image-153 aligncenter\" src=\"https:\/\/catedras.facet.unt.edu.ar\/calculoi-ii\/wp-content\/uploads\/sites\/129\/2018\/12\/Sin-t\u00edtulo-2-300x295.png\" alt=\"\" width=\"154\" height=\"151\" \/><\/a><\/p>\n<p style=\"text-align: center;\"><strong>C\u00e1lculo I, C\u00e1lculo Nivel I<\/strong><\/p>\n<p style=\"text-align: center;\">Ir al sitio Web<\/p>\n<\/div><\/div><\/div><div id=\"pgc-37-1-1\"  class=\"panel-grid-cell\" ><div id=\"panel-37-1-1-0\" class=\"so-panel widget widget_circleicon-widget panel-first-child panel-last-child\" data-index=\"2\" >\t\t<div class=\"circle-icon-box circle-icon-position-top circle-icon-hide-box circle-icon-size-small\">\n\t\t\t<div class=\"circle-icon-wrapper\">\n\t\t\t\t<a href=\"https:\/\/catedras.facet.unt.edu.ar\/calculoi-ii\/calculo-ii\/\" class=\"link-icon\" >\t\t\t\t<div class=\"circle-icon icon-style-set\" style=\"background-image: url(https:\/\/catedras.facet.unt.edu.ar\/calculoi-ii\/calculo-ii\/);background-color: #dd9933\">\n\t\t\t\t\t<div class=\"fa fa-check-circle-o icon-color-set\" style=\"color: #ededa6\"><\/div>\t\t\t\t<\/div>\n\t\t\t\t<\/a>\t\t\t<\/div>\n\n\t\t\t<a href=\"https:\/\/catedras.facet.unt.edu.ar\/calculoi-ii\/calculo-ii\/\" class=\"link-title\" >\t\t\t<h4 style=\"color: #dd3333\">C\u00e1lculo II &#8211; C\u00e1lculo Nivel II<\/h4>\t\t\t<\/a>\n\t\t\t\t\t\t\t\t\t\t<a href=\"https:\/\/catedras.facet.unt.edu.ar\/calculoi-ii\/calculo-ii\/\" class=\"more-button\" >Ir al sitio web <i><\/i><\/a>\n\t\t\t\t\t<\/div>\n\t\t<\/div><\/div><div id=\"pgc-37-1-2\"  class=\"panel-grid-cell\" ><div id=\"panel-37-1-2-0\" class=\"so-panel widget widget_calendar panel-first-child panel-last-child\" data-index=\"3\" ><div id=\"calendar_wrap\" class=\"calendar_wrap\"><table id=\"wp-calendar\" class=\"wp-calendar-table\">\n\t<caption>abril 2026<\/caption>\n\t<thead>\n\t<tr>\n\t\t<th scope=\"col\" title=\"lunes\">L<\/th>\n\t\t<th scope=\"col\" title=\"martes\">M<\/th>\n\t\t<th scope=\"col\" title=\"mi\u00e9rcoles\">X<\/th>\n\t\t<th scope=\"col\" title=\"jueves\">J<\/th>\n\t\t<th scope=\"col\" title=\"viernes\">V<\/th>\n\t\t<th scope=\"col\" title=\"s\u00e1bado\">S<\/th>\n\t\t<th scope=\"col\" title=\"domingo\">D<\/th>\n\t<\/tr>\n\t<\/thead>\n\t<tbody>\n\t<tr>\n\t\t<td colspan=\"2\" class=\"pad\">&nbsp;<\/td><td>1<\/td><td>2<\/td><td>3<\/td><td>4<\/td><td>5<\/td>\n\t<\/tr>\n\t<tr>\n\t\t<td id=\"today\">6<\/td><td>7<\/td><td>8<\/td><td>9<\/td><td>10<\/td><td>11<\/td><td>12<\/td>\n\t<\/tr>\n\t<tr>\n\t\t<td>13<\/td><td>14<\/td><td>15<\/td><td>16<\/td><td>17<\/td><td>18<\/td><td>19<\/td>\n\t<\/tr>\n\t<tr>\n\t\t<td>20<\/td><td>21<\/td><td>22<\/td><td>23<\/td><td>24<\/td><td>25<\/td><td>26<\/td>\n\t<\/tr>\n\t<tr>\n\t\t<td>27<\/td><td>28<\/td><td>29<\/td><td>30<\/td>\n\t\t<td class=\"pad\" colspan=\"3\">&nbsp;<\/td>\n\t<\/tr>\n\t<\/tbody>\n\t<\/table><nav aria-label=\"Meses anteriores y posteriores\" class=\"wp-calendar-nav\">\n\t\t<span class=\"wp-calendar-nav-prev\"><a href=\"https:\/\/catedras.facet.unt.edu.ar\/calculoi-ii\/2013\/11\/\">&laquo; Nov<\/a><\/span>\n\t\t<span class=\"pad\">&nbsp;<\/span>\n\t\t<span class=\"wp-calendar-nav-next\">&nbsp;<\/span>\n\t<\/nav><\/div><\/div><\/div><\/div><\/div>","protected":false},"excerpt":{"rendered":"<p>Bienvenidos a la p\u00e1gina oficial de la c\u00e1tedra An\u00e1lisis Matem\u00e1tico I del Departamento de Matem\u00e1tica de la Facultad de Ciencias Exactas y Tecnolog\u00eda de la Universidad Nacional de Tucum\u00e1n. Aqu\u00ed encontrar\u00e1s toda la informaci\u00f3n respecto a las materias que se dictan: C\u00e1lculo I, C\u00e1lculo Nivel I Ir al sitio Web<\/p>\n","protected":false},"author":1,"featured_media":0,"parent":0,"menu_order":0,"comment_status":"closed","ping_status":"closed","template":"home-panels.php","meta":[],"_links":{"self":[{"href":"https:\/\/catedras.facet.unt.edu.ar\/calculoi-ii\/wp-json\/wp\/v2\/pages\/37"}],"collection":[{"href":"https:\/\/catedras.facet.unt.edu.ar\/calculoi-ii\/wp-json\/wp\/v2\/pages"}],"about":[{"href":"https:\/\/catedras.facet.unt.edu.ar\/calculoi-ii\/wp-json\/wp\/v2\/types\/page"}],"author":[{"embeddable":true,"href":"https:\/\/catedras.facet.unt.edu.ar\/calculoi-ii\/wp-json\/wp\/v2\/users\/1"}],"replies":[{"embeddable":true,"href":"https:\/\/catedras.facet.unt.edu.ar\/calculoi-ii\/wp-json\/wp\/v2\/comments?post=37"}],"version-history":[{"count":27,"href":"https:\/\/catedras.facet.unt.edu.ar\/calculoi-ii\/wp-json\/wp\/v2\/pages\/37\/revisions"}],"predecessor-version":[{"id":133,"href":"https:\/\/catedras.facet.unt.edu.ar\/calculoi-ii\/wp-json\/wp\/v2\/pages\/37\/revisions\/133"}],"wp:attachment":[{"href":"https:\/\/catedras.facet.unt.edu.ar\/calculoi-ii\/wp-json\/wp\/v2\/media?parent=37"}],"curies":[{"name":"wp","href":"https:\/\/api.w.org\/{rel}","templated":true}]}}