{"id":2,"date":"2013-11-22T14:58:07","date_gmt":"2013-11-22T14:58:07","guid":{"rendered":"https:\/\/catedras.facet.unt.edu.ar\/sitio1\/?page_id=2"},"modified":"2018-12-05T20:52:12","modified_gmt":"2018-12-05T23:52:12","slug":"calculoi","status":"publish","type":"page","link":"https:\/\/catedras.facet.unt.edu.ar\/calculoi-ii\/calculoi\/","title":{"rendered":"C\u00e1lculo I y C\u00e1lculo Nivel I"},"content":{"rendered":"<p style=\"text-align: center;\"><a href=\"https:\/\/catedras.facet.unt.edu.ar\/calculoi-ii\/wp-content\/uploads\/sites\/129\/2018\/12\/Sin-t\u00edtulo-2.png\"><img loading=\"lazy\" class=\"alignnone size-medium wp-image-153\" src=\"https:\/\/catedras.facet.unt.edu.ar\/calculoi-ii\/wp-content\/uploads\/sites\/129\/2018\/12\/Sin-t\u00edtulo-2-300x295.png\" alt=\"\" width=\"300\" height=\"295\" srcset=\"https:\/\/catedras.facet.unt.edu.ar\/calculoi-ii\/wp-content\/uploads\/sites\/129\/2018\/12\/Sin-t\u00edtulo-2-300x295.png 300w, https:\/\/catedras.facet.unt.edu.ar\/calculoi-ii\/wp-content\/uploads\/sites\/129\/2018\/12\/Sin-t\u00edtulo-2-768x754.png 768w, https:\/\/catedras.facet.unt.edu.ar\/calculoi-ii\/wp-content\/uploads\/sites\/129\/2018\/12\/Sin-t\u00edtulo-2.png 784w\" sizes=\"(max-width: 300px) 100vw, 300px\" \/><\/a><\/p>\n<blockquote class=\"wp-embedded-content\" data-secret=\"GsH7nBOTj3\"><p><a href=\"https:\/\/catedras.facet.unt.edu.ar\/calculoi-ii\/cuerpo-docente\/\">Cuerpo Docente<\/a><\/p><\/blockquote>\n<p><iframe class=\"wp-embedded-content\" sandbox=\"allow-scripts\" security=\"restricted\" style=\"position: absolute; clip: rect(1px, 1px, 1px, 1px);\" src=\"https:\/\/catedras.facet.unt.edu.ar\/calculoi-ii\/cuerpo-docente\/embed\/#?secret=GsH7nBOTj3\" data-secret=\"GsH7nBOTj3\" width=\"600\" height=\"338\" title=\"&#8220;Cuerpo Docente&#8221; &#8212; C\u00e1tedra An\u00e1lisis Matem\u00e1tico I\" frameborder=\"0\" marginwidth=\"0\" marginheight=\"0\" scrolling=\"no\"><\/iframe><\/p>\n<blockquote class=\"wp-embedded-content\" data-secret=\"q9oQgYDwbn\"><p><a href=\"https:\/\/catedras.facet.unt.edu.ar\/calculoi-ii\/oficinas\/\">OFICINAS<\/a><\/p><\/blockquote>\n<p><iframe class=\"wp-embedded-content\" sandbox=\"allow-scripts\" security=\"restricted\" style=\"position: absolute; clip: rect(1px, 1px, 1px, 1px);\" src=\"https:\/\/catedras.facet.unt.edu.ar\/calculoi-ii\/oficinas\/embed\/#?secret=q9oQgYDwbn\" data-secret=\"q9oQgYDwbn\" width=\"600\" height=\"338\" title=\"&#8220;OFICINAS&#8221; &#8212; C\u00e1tedra An\u00e1lisis Matem\u00e1tico I\" frameborder=\"0\" marginwidth=\"0\" marginheight=\"0\" scrolling=\"no\"><\/iframe><\/p>\n<blockquote class=\"wp-embedded-content\" data-secret=\"rW7yym8Pf9\"><p><a href=\"https:\/\/catedras.facet.unt.edu.ar\/calculoi-ii\/programa\/\">Programa C\u00e1lculo I &#8211; C\u00e1lculo Nivel I<\/a><\/p><\/blockquote>\n<p><iframe class=\"wp-embedded-content\" sandbox=\"allow-scripts\" security=\"restricted\" style=\"position: absolute; clip: rect(1px, 1px, 1px, 1px);\" src=\"https:\/\/catedras.facet.unt.edu.ar\/calculoi-ii\/programa\/embed\/#?secret=rW7yym8Pf9\" data-secret=\"rW7yym8Pf9\" width=\"600\" height=\"338\" title=\"&#8220;Programa C\u00e1lculo I &#8211; C\u00e1lculo Nivel I&#8221; &#8212; C\u00e1tedra An\u00e1lisis Matem\u00e1tico I\" frameborder=\"0\" marginwidth=\"0\" marginheight=\"0\" scrolling=\"no\"><\/iframe><\/p>\n<p style=\"text-align: left;\">\n","protected":false},"excerpt":{"rendered":"","protected":false},"author":1,"featured_media":0,"parent":0,"menu_order":0,"comment_status":"closed","ping_status":"closed","template":"","meta":[],"_links":{"self":[{"href":"https:\/\/catedras.facet.unt.edu.ar\/calculoi-ii\/wp-json\/wp\/v2\/pages\/2"}],"collection":[{"href":"https:\/\/catedras.facet.unt.edu.ar\/calculoi-ii\/wp-json\/wp\/v2\/pages"}],"about":[{"href":"https:\/\/catedras.facet.unt.edu.ar\/calculoi-ii\/wp-json\/wp\/v2\/types\/page"}],"author":[{"embeddable":true,"href":"https:\/\/catedras.facet.unt.edu.ar\/calculoi-ii\/wp-json\/wp\/v2\/users\/1"}],"replies":[{"embeddable":true,"href":"https:\/\/catedras.facet.unt.edu.ar\/calculoi-ii\/wp-json\/wp\/v2\/comments?post=2"}],"version-history":[{"count":13,"href":"https:\/\/catedras.facet.unt.edu.ar\/calculoi-ii\/wp-json\/wp\/v2\/pages\/2\/revisions"}],"predecessor-version":[{"id":159,"href":"https:\/\/catedras.facet.unt.edu.ar\/calculoi-ii\/wp-json\/wp\/v2\/pages\/2\/revisions\/159"}],"wp:attachment":[{"href":"https:\/\/catedras.facet.unt.edu.ar\/calculoi-ii\/wp-json\/wp\/v2\/media?parent=2"}],"curies":[{"name":"wp","href":"https:\/\/api.w.org\/{rel}","templated":true}]}}