{"id":37,"date":"2014-08-12T11:49:09","date_gmt":"2014-08-12T14:49:09","guid":{"rendered":"https:\/\/catedras.facet.unt.edu.ar\/bd\/home\/"},"modified":"2025-08-19T23:19:37","modified_gmt":"2025-08-20T02:19:37","slug":"home","status":"publish","type":"page","link":"https:\/\/catedras.facet.unt.edu.ar\/bd\/","title":{"rendered":"Inicio"},"content":{"rendered":"<div id=\"pl-37\"  class=\"panel-layout\" ><div id=\"pg-37-0\"  class=\"panel-grid panel-has-style\" ><div class=\"wide-grey panel-row-style panel-row-style-for-37-0\" ><div id=\"pgc-37-0-0\"  class=\"panel-grid-cell\" ><div id=\"panel-37-0-0-0\" class=\"so-panel widget widget_text panel-first-child panel-last-child\" data-index=\"0\" >\t\t\t<div class=\"textwidget\">Este es el sitio de la c\u00e1tedra de la asignatura Bases de Datos perteneciente al Departamento de El\u00e9ctrica, Electr\u00f3nica y Computaci\u00f3n (DEEC), de la Facultad de Ciencias Exactas y Tecnolog\u00eda. La c\u00e1tedra dicta la asignatura a alumnos de la carrera Ingenier\u00eda.en Computaci\u00f3n.\n\nEn esta p\u00e1gina encontrar\u00e1 informaci\u00f3n de inter\u00e9s para el cursado de la materia: horarios, bibliograf\u00eda, cronograma, documentos, v\u00ednculos y novedades.\n\n\n\n\n\n\n\n<\/div>\n\t\t<\/div><\/div><\/div><\/div><\/div>","protected":false},"excerpt":{"rendered":"<p>Este es el sitio de la c\u00e1tedra de la asignatura Bases de Datos perteneciente al Departamento de El\u00e9ctrica, Electr\u00f3nica y Computaci\u00f3n (DEEC), de la Facultad de Ciencias Exactas y Tecnolog\u00eda. La c\u00e1tedra dicta la asignatura a alumnos de la carrera Ingenier\u00eda.en Computaci\u00f3n. En esta p\u00e1gina encontrar\u00e1 informaci\u00f3n de inter\u00e9s para el cursado de la materia: [&hellip;]<\/p>\n","protected":false},"author":1,"featured_media":0,"parent":0,"menu_order":1,"comment_status":"closed","ping_status":"closed","template":"home-panels.php","meta":[],"_links":{"self":[{"href":"https:\/\/catedras.facet.unt.edu.ar\/bd\/wp-json\/wp\/v2\/pages\/37"}],"collection":[{"href":"https:\/\/catedras.facet.unt.edu.ar\/bd\/wp-json\/wp\/v2\/pages"}],"about":[{"href":"https:\/\/catedras.facet.unt.edu.ar\/bd\/wp-json\/wp\/v2\/types\/page"}],"author":[{"embeddable":true,"href":"https:\/\/catedras.facet.unt.edu.ar\/bd\/wp-json\/wp\/v2\/users\/1"}],"replies":[{"embeddable":true,"href":"https:\/\/catedras.facet.unt.edu.ar\/bd\/wp-json\/wp\/v2\/comments?post=37"}],"version-history":[{"count":5,"href":"https:\/\/catedras.facet.unt.edu.ar\/bd\/wp-json\/wp\/v2\/pages\/37\/revisions"}],"predecessor-version":[{"id":761,"href":"https:\/\/catedras.facet.unt.edu.ar\/bd\/wp-json\/wp\/v2\/pages\/37\/revisions\/761"}],"wp:attachment":[{"href":"https:\/\/catedras.facet.unt.edu.ar\/bd\/wp-json\/wp\/v2\/media?parent=37"}],"curies":[{"name":"wp","href":"https:\/\/api.w.org\/{rel}","templated":true}]}}