{"id":92,"date":"2015-03-12T15:25:46","date_gmt":"2015-03-12T18:25:46","guid":{"rendered":"https:\/\/catedras.facet.unt.edu.ar\/aycp\/?page_id=92"},"modified":"2025-02-18T11:49:59","modified_gmt":"2025-02-18T14:49:59","slug":"material-didactico","status":"publish","type":"page","link":"https:\/\/catedras.facet.unt.edu.ar\/aycp\/material-didactico\/","title":{"rendered":"Material"},"content":{"rendered":"<h1 style=\"text-align: center\"><span style=\"color: #c70e0e\"><strong>MATERIAL DID\u00c1CTICO DE APOYO<\/strong><\/span><\/h1>\n<p>&nbsp;<\/p>\n<h3><del><\/del><strong>TP.1 Introducci\u00f3n a los sistemas de control\u00a0<\/strong><\/h3>\n<ul>\n<li style=\"list-style-type: none\">\n<ul>\n<li><strong><a href=\"https:\/\/catedras.facet.unt.edu.ar\/aycp\/wp-content\/uploads\/sites\/88\/2015\/03\/1_Sistemas-de-Control-Automatico.pdf\" target=\"_blank\" rel=\"noopener noreferrer\">Sistemas de Control Autom\u00e1tico<\/a><\/strong><\/li>\n<li><strong><a href=\"https:\/\/catedras.facet.unt.edu.ar\/aycp\/wp-content\/uploads\/sites\/88\/2015\/03\/Notas-Diagrama-en-bloques.pdf\" target=\"_blank\" rel=\"noopener noreferrer\">Diagrama en bloques<\/a><\/strong><\/li>\n<li><strong><a href=\"https:\/\/catedras.facet.unt.edu.ar\/aycp\/wp-content\/uploads\/sites\/88\/2015\/03\/Normas-y-diagramas-PI.pdf\" target=\"_blank\" rel=\"noopener noreferrer\">Normas y diagramas P&amp;I<\/a><\/strong><\/li>\n<\/ul>\n<\/li>\n<\/ul>\n<h3><strong>TP.2\u00a0Din\u00e1mica de procesos continuos <\/strong><\/h3>\n<ul>\n<li style=\"list-style-type: none\">\n<ul>\n<li><strong><a href=\"https:\/\/catedras.facet.unt.edu.ar\/aycp\/wp-content\/uploads\/sites\/88\/2021\/04\/Tabla-de-transformada-de-Laplace-1.pdf\">Tabla de transformada de Laplace<\/a><\/strong><\/li>\n<li><strong><a href=\"https:\/\/catedras.facet.unt.edu.ar\/aycp\/wp-content\/uploads\/sites\/88\/2022\/02\/AyCP-T2.2-Identificacion.pdf\" target=\"_blank\" rel=\"noopener noreferrer\">Identificaci\u00f3n de sistemas de segundo orden subamortiguados<\/a><\/strong><\/li>\n<li><strong><a href=\"https:\/\/catedras.facet.unt.edu.ar\/aycp\/wp-content\/uploads\/sites\/88\/2015\/03\/Intro-a-Simulink.pdf\" target=\"_blank\" rel=\"noopener noreferrer\">Introducci\u00f3n a Simulink<\/a><\/strong><\/li>\n<li><strong><a href=\"https:\/\/catedras.facet.unt.edu.ar\/controldeprocesos\/wp-content\/uploads\/sites\/85\/2016\/02\/Guia-para-crear-un-modelo-en-Simulink.pdf\" target=\"_blank\" rel=\"noopener noreferrer\">Gu\u00eda para crear un modelo en Simulink<\/a><\/strong><\/li>\n<\/ul>\n<\/li>\n<\/ul>\n<h3><strong>TP.3\u00a0Instrumentaci\u00f3n Industrial de procesos continuos <\/strong><\/h3>\n<ul>\n<li style=\"list-style-type: none\">\n<ul>\n<li><strong><a href=\"https:\/\/catedras.facet.unt.edu.ar\/aycp\/wp-content\/uploads\/sites\/88\/2015\/03\/AyCP-T3.1-Instrumentacion-analogica.pdf\" target=\"_blank\" rel=\"noopener noreferrer\">Instrumentaci\u00f3n anal\u00f3gica<\/a><\/strong><\/li>\n<li><strong><a href=\"https:\/\/catedras.facet.unt.edu.ar\/aycp\/wp-content\/uploads\/sites\/88\/2015\/03\/AyCP-T3.2-Terminologia-de-instrumentacion.pdf\" target=\"_blank\" rel=\"noopener noreferrer\">T\u00e9rminos caracter\u00edsticos de los instrumentos<\/a><\/strong><\/li>\n<li><strong><a href=\"https:\/\/catedras.facet.unt.edu.ar\/aycp\/wp-content\/uploads\/sites\/88\/2015\/03\/AyCP-T3.3-Valvulas-1.pdf\" target=\"_blank\" rel=\"noopener noreferrer\">V\u00e1lvulas de control<\/a><\/strong><\/li>\n<li><strong><a href=\"https:\/\/catedras.facet.unt.edu.ar\/aycp\/wp-content\/uploads\/sites\/88\/2015\/03\/AyCP-T3.4-Instrumentacion-logica.pdf\" target=\"_blank\" rel=\"noopener noreferrer\">Instrumentaci\u00f3n de los automatismos<\/a><br \/>\n<\/strong><\/li>\n<\/ul>\n<\/li>\n<\/ul>\n<h3><strong>TP.4\u00a0Sistemas realimentados anal\u00f3gicos <\/strong><\/h3>\n<ul>\n<li style=\"list-style-type: none\">\n<ul>\n<li><strong><a href=\"https:\/\/catedras.facet.unt.edu.ar\/aycp\/wp-content\/uploads\/sites\/88\/2015\/03\/Estabilidad_Routh_new.pdf\" target=\"_blank\" rel=\"noopener noreferrer\">Criterio de estabilidad de Routh<\/a><\/strong><\/li>\n<li><strong><a href=\"https:\/\/catedras.facet.unt.edu.ar\/aycp\/wp-content\/uploads\/sites\/88\/2015\/03\/reglas_sintonizacion.pdf\" target=\"_blank\" rel=\"noopener noreferrer\">Reglas sintonizaci\u00f3n de controladores PID<\/a><\/strong><\/li>\n<\/ul>\n<\/li>\n<\/ul>\n<h3><strong>TP.5 Elementos de \u00c1lgebra de Boole<\/strong><\/h3>\n<ul>\n<li style=\"list-style-type: none\">\n<ul>\n<li><strong><a href=\"https:\/\/catedras.facet.unt.edu.ar\/aycp\/wp-content\/uploads\/sites\/88\/2015\/03\/2_Elementos-de-Algebra-de-Boole.pdf\" target=\"_blank\" rel=\"noopener noreferrer\">Elementos de \u00c1lgebra de Boole<\/a><\/strong><\/li>\n<li><strong><a href=\"https:\/\/catedras.facet.unt.edu.ar\/aycp\/wp-content\/uploads\/sites\/88\/2015\/03\/Operaciones-booleanas1.pdf\" target=\"_blank\" rel=\"noopener noreferrer\">Resumen de Operaciones booleanas<\/a><\/strong><\/li>\n<\/ul>\n<\/li>\n<\/ul>\n<h3><strong>TP.6 Instrumentaci\u00f3n para automatismos<\/strong><\/h3>\n<ul>\n<li style=\"list-style-type: none\">\n<ul>\n<li><strong><a href=\"https:\/\/catedras.facet.unt.edu.ar\/aycp\/wp-content\/uploads\/sites\/88\/2015\/03\/AyCP-T3.4-Instrumentacion-logica.pdf\" target=\"_blank\" rel=\"noopener noreferrer\">Instrumentaci\u00f3n de los automatismos<\/a><\/strong><\/li>\n<li><strong><a href=\"https:\/\/catedras.facet.unt.edu.ar\/aycp\/wp-content\/uploads\/sites\/88\/2015\/03\/4_Automatas-Programables.pdf\" target=\"_blank\" rel=\"noopener noreferrer\">Controladores L\u00f3gicos Programables<\/a><\/strong><\/li>\n<\/ul>\n<\/li>\n<\/ul>\n<h3><strong>TP.7 Programaci\u00f3n de Controladores l\u00f3gicos programables<\/strong><\/h3>\n<ul>\n<li style=\"list-style-type: none\">\n<ul>\n<li><strong><a href=\"https:\/\/catedras.facet.unt.edu.ar\/aycp\/wp-content\/uploads\/sites\/88\/2015\/03\/5_a-Programacion-de-PLC-2.pdf\" target=\"_blank\" rel=\"noopener noreferrer\">Programaci\u00f3n de aut\u00f3matas (Parte 1)<\/a><\/strong><\/li>\n<li><strong><a href=\"https:\/\/catedras.facet.unt.edu.ar\/aycp\/wp-content\/uploads\/sites\/88\/2015\/03\/5_b-Programacion-de-PLC-1.pdf\" target=\"_blank\" rel=\"noopener noreferrer\">Programaci\u00f3n de aut\u00f3matas (Parte 2)<\/a><\/strong><\/li>\n<li><strong><a href=\"https:\/\/catedras.facet.unt.edu.ar\/aycp\/wp-content\/uploads\/sites\/88\/2015\/03\/5_c-Programacion-de-PLC-1.pdf\" target=\"_blank\" rel=\"noopener noreferrer\">Programaci\u00f3n de aut\u00f3matas (Parte 3)<\/a><\/strong><\/li>\n<\/ul>\n<\/li>\n<\/ul>\n<p>&nbsp;<\/p>\n","protected":false},"excerpt":{"rendered":"<p>MATERIAL DID\u00c1CTICO DE APOYO &nbsp; TP.1 Introducci\u00f3n a los sistemas de control\u00a0 Sistemas de Control Autom\u00e1tico Diagrama en bloques Normas y diagramas P&amp;I TP.2\u00a0Din\u00e1mica de procesos continuos Tabla de transformada de Laplace Identificaci\u00f3n de sistemas de segundo orden subamortiguados Introducci\u00f3n a Simulink Gu\u00eda para crear un modelo en Simulink TP.3\u00a0Instrumentaci\u00f3n Industrial de procesos continuos Instrumentaci\u00f3n [&hellip;]<\/p>\n","protected":false},"author":185,"featured_media":0,"parent":0,"menu_order":50,"comment_status":"closed","ping_status":"closed","template":"","meta":[],"_links":{"self":[{"href":"https:\/\/catedras.facet.unt.edu.ar\/aycp\/wp-json\/wp\/v2\/pages\/92"}],"collection":[{"href":"https:\/\/catedras.facet.unt.edu.ar\/aycp\/wp-json\/wp\/v2\/pages"}],"about":[{"href":"https:\/\/catedras.facet.unt.edu.ar\/aycp\/wp-json\/wp\/v2\/types\/page"}],"author":[{"embeddable":true,"href":"https:\/\/catedras.facet.unt.edu.ar\/aycp\/wp-json\/wp\/v2\/users\/185"}],"replies":[{"embeddable":true,"href":"https:\/\/catedras.facet.unt.edu.ar\/aycp\/wp-json\/wp\/v2\/comments?post=92"}],"version-history":[{"count":55,"href":"https:\/\/catedras.facet.unt.edu.ar\/aycp\/wp-json\/wp\/v2\/pages\/92\/revisions"}],"predecessor-version":[{"id":1143,"href":"https:\/\/catedras.facet.unt.edu.ar\/aycp\/wp-json\/wp\/v2\/pages\/92\/revisions\/1143"}],"wp:attachment":[{"href":"https:\/\/catedras.facet.unt.edu.ar\/aycp\/wp-json\/wp\/v2\/media?parent=92"}],"curies":[{"name":"wp","href":"https:\/\/api.w.org\/{rel}","templated":true}]}}