{"id":88,"date":"2015-03-12T15:22:53","date_gmt":"2015-03-12T18:22:53","guid":{"rendered":"https:\/\/catedras.facet.unt.edu.ar\/aycp\/?page_id=88"},"modified":"2026-03-16T18:41:31","modified_gmt":"2026-03-16T21:41:31","slug":"novedades","status":"publish","type":"page","link":"https:\/\/catedras.facet.unt.edu.ar\/aycp\/novedades\/","title":{"rendered":"Novedades"},"content":{"rendered":"<h1 style=\"text-align: center\"><span style=\"color: #c70e0e\"><strong>N<span style=\"color: #c70e0e\">OV<\/span><\/strong><strong>ED<\/strong><strong>AD<\/strong><strong><span style=\"color: #c70e0e\">E<\/span>S<\/strong><\/span><\/h1>\n<hr \/>\n<h2 style=\"text-align: center\"><span style=\"color: #c70e0e\"><strong>EX\u00c1MENES DE MESAS DEL TURNO ABRIL-JUNIO<\/strong><\/span><\/h2>\n<p style=\"text-align: center\"><strong>Mi\u00e9rcoles 01-04-2026<\/strong>\u00a0\u2013 Mesa regular y libre<\/p>\n<p style=\"text-align: center\"><strong>Martes 05-05-2026<\/strong> \u2013 Mesa regular<\/p>\n<p style=\"text-align: center\">M<strong>artes 02-06-2026<\/strong> \u2013 Mesa regular<\/p>\n<hr \/>\n<h2 style=\"text-align: center\"><span style=\"color: #c70e0e\"><strong>CONSULTAS PARA EX\u00c1MENES FINALES<\/strong><\/span><\/h2>\n<p>Las\u00a0<strong>CONSULTAS\u00a0<\/strong>para los alumnos que preparan su examen final (Regular o libre), agendar con los docentes a trav\u00e9s del correo electr\u00f3nico\u00a0 <strong><a href=\"mailto:automatizacionycontroldeprocesos@herrera.unt.edu.ar\">automatizacionycontroldeprocesos@herrera.unt.edu.ar<\/a>, <\/strong>a los fines de coordinar d\u00eda y hora.<\/p>\n<hr \/>\n<p>&nbsp;<\/p>\n<h2 style=\"text-align: center\"><span style=\"color: #c70e0e\"><strong>PRE-INSCRIPCI\u00d3N PARA EL CURSADO 2026<\/strong><\/span><\/h2>\n<p>Todos los alumnos que re\u00fanan los requisitos para el cursado de la materia deber\u00e1n pre-inscribirse para tener acceso a las plataforma virtual . Los invitamos a que <strong>previamente <\/strong>se informen \u00a0sobre el <strong>r\u00e9gimen de cursado y aprobaci\u00f3n<\/strong> que <a href=\"https:\/\/catedras.facet.unt.edu.ar\/aycp\/regimen-de-cursado\/\"><strong>encontrar\u00e1n en este mismo sitio<\/strong><\/a>.<\/p>\n<p>Deber\u00e1n completar el formulario haciendo clic <a href=\"https:\/\/docs.google.com\/forms\/d\/e\/1FAIpQLSeVi6N_y4bFZ1oc1_6ZZs4xoKnuy82HYn3y9saAs5VdgVoZbg\/viewform?usp=header\" target=\"_blank\" rel=\"noopener noreferrer\"><strong>AQU\u00cd<\/strong><\/a>\u00a0\u00a0partir del <strong>01-03-2026.<\/strong> Con la pre-inscripci\u00f3n usted recibir\u00e1 la invitaci\u00f3n para acceder a la plataforma Classroom.<\/p>\n<hr \/>\n<p>&nbsp;<\/p>\n","protected":false},"excerpt":{"rendered":"<p>NOVEDADES EX\u00c1MENES DE MESAS DEL TURNO ABRIL-JUNIO Mi\u00e9rcoles 01-04-2026\u00a0\u2013 Mesa regular y libre Martes 05-05-2026 \u2013 Mesa regular Martes 02-06-2026 \u2013 Mesa regular CONSULTAS PARA EX\u00c1MENES FINALES Las\u00a0CONSULTAS\u00a0para los alumnos que preparan su examen final (Regular o libre), agendar con los docentes a trav\u00e9s del correo electr\u00f3nico\u00a0 automatizacionycontroldeprocesos@herrera.unt.edu.ar, a los fines de coordinar d\u00eda y [&hellip;]<\/p>\n","protected":false},"author":185,"featured_media":0,"parent":0,"menu_order":60,"comment_status":"closed","ping_status":"closed","template":"","meta":[],"_links":{"self":[{"href":"https:\/\/catedras.facet.unt.edu.ar\/aycp\/wp-json\/wp\/v2\/pages\/88"}],"collection":[{"href":"https:\/\/catedras.facet.unt.edu.ar\/aycp\/wp-json\/wp\/v2\/pages"}],"about":[{"href":"https:\/\/catedras.facet.unt.edu.ar\/aycp\/wp-json\/wp\/v2\/types\/page"}],"author":[{"embeddable":true,"href":"https:\/\/catedras.facet.unt.edu.ar\/aycp\/wp-json\/wp\/v2\/users\/185"}],"replies":[{"embeddable":true,"href":"https:\/\/catedras.facet.unt.edu.ar\/aycp\/wp-json\/wp\/v2\/comments?post=88"}],"version-history":[{"count":288,"href":"https:\/\/catedras.facet.unt.edu.ar\/aycp\/wp-json\/wp\/v2\/pages\/88\/revisions"}],"predecessor-version":[{"id":1177,"href":"https:\/\/catedras.facet.unt.edu.ar\/aycp\/wp-json\/wp\/v2\/pages\/88\/revisions\/1177"}],"wp:attachment":[{"href":"https:\/\/catedras.facet.unt.edu.ar\/aycp\/wp-json\/wp\/v2\/media?parent=88"}],"curies":[{"name":"wp","href":"https:\/\/api.w.org\/{rel}","templated":true}]}}