{"id":84,"date":"2015-03-12T15:14:53","date_gmt":"2015-03-12T18:14:53","guid":{"rendered":"https:\/\/catedras.facet.unt.edu.ar\/aycp\/?page_id=84"},"modified":"2026-01-29T09:52:38","modified_gmt":"2026-01-29T12:52:38","slug":"regimen-de-cursado","status":"publish","type":"page","link":"https:\/\/catedras.facet.unt.edu.ar\/aycp\/regimen-de-cursado\/","title":{"rendered":"R\u00e9gimen"},"content":{"rendered":"<h1 style=\"text-align: center\"><span style=\"color: #c70e0e\"><strong>R\u00c9GIMEN DE CURSADO Y APROBACI\u00d3N<\/strong><\/span><\/h1>\n<h2><span style=\"color: #c70e0e\"><strong>REQUISITOS PARA APROBAR LA MATERIA<\/strong><\/span><\/h2>\n<p>Para aprobar la materia los alumnos deber\u00e1n:<\/p>\n<ul>\n<li><strong>Asistir <\/strong>al menos al<strong> 80 % <\/strong>de todas las clases te\u00f3rico-pr\u00e1cticas y pr\u00e1cticas de problemas.<\/li>\n<li><strong>Desarrollar 3 Evaluaciones breves <\/strong>para verificaci\u00f3n de la comprensi\u00f3n alcanzada de los Temas 1, 2 y 5 <strong>(optativo)<\/strong><\/li>\n<li><strong>Aprobar<\/strong> <strong>un Examen integrador sobre Control de Procesos \u2013 Parte 1<\/strong> (corresponde a los temas 1 a 4 del programa)<\/li>\n<li><strong>Aprobar<\/strong> <strong>un Examen integrador sobre Automatizaci\u00f3n \u2013 Parte 2<\/strong> (corresponde a los temas 5 a 7 del programa)<\/li>\n<\/ul>\n<p>Todas son actividades presenciales. En caso en el que, por alguna circunstancia, como paro de \u00f3mnibus, desinfecci\u00f3n de las instalaciones, etc., no fuera posible usar las instalaciones del Block 3 de la FACET, entonces las actividades se desarrollar\u00e1n por videoconferencia, en los horarios preestablecidos. El enlace se informar\u00e1 por la plataforma virtual de la materia.<\/p>\n<p>Los alumnos que no aprobaron en el per\u00edodo regular uno o los dos ex\u00e1menes integradores, en la <strong>instancia de recuperaci\u00f3n<\/strong> deber\u00e1n:<\/p>\n<ul>\n<li><strong>Asistir<\/strong> al menos al <strong>80 %<\/strong> de todas las clases te\u00f3rico-pr\u00e1cticas de repaso de la parte que no aprobaron<\/li>\n<li><strong>Aprobar<\/strong> <strong>los Ex\u00e1menes Integradores <\/strong>desaprobados en el per\u00edodo regular.<\/li>\n<\/ul>\n<p>Para los alumnos <strong>cursaron en forma completa<\/strong> la materia (es decir que completaron las dos partes pero no aprobaron las evaluaciones), <strong>ser\u00e1 opcional la asistencia a las clases te\u00f3rico-pr\u00e1cticas y pr\u00e1cticas de problemas.<\/strong><\/p>\n<p>&nbsp;<\/p>\n<h2><span style=\"color: #c70e0e\"><strong>EXAMEN LIBRE <\/strong><\/span><\/h2>\n<p>Se har\u00e1 seg\u00fan la Reglamentaci\u00f3n de la actividad acad\u00e9mica de la FACET.<\/p>\n<p><em><strong>Es requisito indispensable haber cursado en forma completa la materia al menos una vez.<\/strong><\/em><\/p>\n<p>&nbsp;<\/p>\n","protected":false},"excerpt":{"rendered":"<p>R\u00c9GIMEN DE CURSADO Y APROBACI\u00d3N REQUISITOS PARA APROBAR LA MATERIA Para aprobar la materia los alumnos deber\u00e1n: Asistir al menos al 80 % de todas las clases te\u00f3rico-pr\u00e1cticas y pr\u00e1cticas de problemas. Desarrollar 3 Evaluaciones breves para verificaci\u00f3n de la comprensi\u00f3n alcanzada de los Temas 1, 2 y 5 (optativo) Aprobar un Examen integrador sobre [&hellip;]<\/p>\n","protected":false},"author":185,"featured_media":0,"parent":0,"menu_order":25,"comment_status":"closed","ping_status":"closed","template":"","meta":[],"_links":{"self":[{"href":"https:\/\/catedras.facet.unt.edu.ar\/aycp\/wp-json\/wp\/v2\/pages\/84"}],"collection":[{"href":"https:\/\/catedras.facet.unt.edu.ar\/aycp\/wp-json\/wp\/v2\/pages"}],"about":[{"href":"https:\/\/catedras.facet.unt.edu.ar\/aycp\/wp-json\/wp\/v2\/types\/page"}],"author":[{"embeddable":true,"href":"https:\/\/catedras.facet.unt.edu.ar\/aycp\/wp-json\/wp\/v2\/users\/185"}],"replies":[{"embeddable":true,"href":"https:\/\/catedras.facet.unt.edu.ar\/aycp\/wp-json\/wp\/v2\/comments?post=84"}],"version-history":[{"count":37,"href":"https:\/\/catedras.facet.unt.edu.ar\/aycp\/wp-json\/wp\/v2\/pages\/84\/revisions"}],"predecessor-version":[{"id":1168,"href":"https:\/\/catedras.facet.unt.edu.ar\/aycp\/wp-json\/wp\/v2\/pages\/84\/revisions\/1168"}],"wp:attachment":[{"href":"https:\/\/catedras.facet.unt.edu.ar\/aycp\/wp-json\/wp\/v2\/media?parent=84"}],"curies":[{"name":"wp","href":"https:\/\/api.w.org\/{rel}","templated":true}]}}