{"id":67,"date":"2015-03-12T11:37:09","date_gmt":"2015-03-12T14:37:09","guid":{"rendered":"https:\/\/catedras.facet.unt.edu.ar\/aycp\/?page_id=67"},"modified":"2022-02-08T16:24:07","modified_gmt":"2022-02-08T19:24:07","slug":"bibliografia","status":"publish","type":"page","link":"https:\/\/catedras.facet.unt.edu.ar\/aycp\/bibliografia\/","title":{"rendered":"Bibliograf\u00eda"},"content":{"rendered":"<h1 style=\"text-align: center\"><span style=\"color: #c70e0e\"><strong>BIBLIOGRAF\u00cdA <\/strong><\/span><\/h1>\n<p>&nbsp;<\/p>\n<h2><span style=\"color: #c70e0e\"><strong>BIBLIOGRAF\u00cdA FUNDAMENTAL<\/strong><\/span><\/h2>\n<ul>\n<li><strong>CONTROL AUTOM\u00c1TICO DE PROCESOS<\/strong>, Smith, C. A. y Corripio, A. B., Limusa, M\u00e9jico. (1991). (1 ejemplar en biblioteca)<\/li>\n<li><strong>LA AUTOMATIZACI\u00d3N EN LA INDUSTRIA QU\u00cdMICA<\/strong>, Jos\u00e9 Luis Medina y Josep Guadayol, Universitat Politecnica de Catalunya &#8211; Iniciativa Digital Politecnica, Espa\u00f1a, 2010. (Disponible en biblioteca como<strong> e-book<\/strong>)<\/li>\n<\/ul>\n<p>&nbsp;<\/p>\n<h2><span style=\"color: #c70e0e\"><strong>BIBLIOGRAF\u00cdA COMPLEMENTARIA<\/strong><\/span><\/h2>\n<ul>\n<li><strong>SISTEMAS DE CONTROL MODERNO<\/strong>, Richard C. Dorf y Robert H. Bishop, Pearson Educaci\u00f3n, Madrid, 10\u00aa Ed., 2005. (3 ejemplares en biblioteca)<\/li>\n<li><strong>CONTROL E INSTRUMENTACI\u00d3N DE PROCESOS QU\u00cdMICOS<\/strong>, Pedro Ollero de Castro y Eduardo Fern\u00e1ndez Camacho, S\u00edntesis, Sevilla, Espa\u00f1a, 1997. (1 ejemplar en biblioteca)<\/li>\n<li><strong>INSTRUMENTACI\u00d3N Y CONTROL B\u00c1SICO DE PROCESOS<\/strong>, Jos\u00e9 Acedo S\u00e1nchez,.Madrid, Espa\u00f1a. Ediciones D\u00edaz de Santos, 2006. (Disponible en biblioteca como <strong>e-book<\/strong>)<\/li>\n<li><strong>SISTEMAS DIGITALES DE CONTROL DE PROCESOS<\/strong>, Sergio V. Szklanny\u00a0 y Carlos R. Behrends, Editorial Control, Buenos Aires, Argentina. 2\u00ba Ed., 2006. \u00a0\u00a0(1 ejemplar en biblioteca)<\/li>\n<\/ul>\n<p>&nbsp;<\/p>\n<p>&nbsp;<\/p>\n","protected":false},"excerpt":{"rendered":"<p>BIBLIOGRAF\u00cdA &nbsp; BIBLIOGRAF\u00cdA FUNDAMENTAL CONTROL AUTOM\u00c1TICO DE PROCESOS, Smith, C. A. y Corripio, A. B., Limusa, M\u00e9jico. (1991). (1 ejemplar en biblioteca) LA AUTOMATIZACI\u00d3N EN LA INDUSTRIA QU\u00cdMICA, Jos\u00e9 Luis Medina y Josep Guadayol, Universitat Politecnica de Catalunya &#8211; Iniciativa Digital Politecnica, Espa\u00f1a, 2010. (Disponible en biblioteca como e-book) &nbsp; BIBLIOGRAF\u00cdA COMPLEMENTARIA SISTEMAS DE CONTROL [&hellip;]<\/p>\n","protected":false},"author":185,"featured_media":0,"parent":0,"menu_order":20,"comment_status":"closed","ping_status":"closed","template":"","meta":[],"_links":{"self":[{"href":"https:\/\/catedras.facet.unt.edu.ar\/aycp\/wp-json\/wp\/v2\/pages\/67"}],"collection":[{"href":"https:\/\/catedras.facet.unt.edu.ar\/aycp\/wp-json\/wp\/v2\/pages"}],"about":[{"href":"https:\/\/catedras.facet.unt.edu.ar\/aycp\/wp-json\/wp\/v2\/types\/page"}],"author":[{"embeddable":true,"href":"https:\/\/catedras.facet.unt.edu.ar\/aycp\/wp-json\/wp\/v2\/users\/185"}],"replies":[{"embeddable":true,"href":"https:\/\/catedras.facet.unt.edu.ar\/aycp\/wp-json\/wp\/v2\/comments?post=67"}],"version-history":[{"count":20,"href":"https:\/\/catedras.facet.unt.edu.ar\/aycp\/wp-json\/wp\/v2\/pages\/67\/revisions"}],"predecessor-version":[{"id":1021,"href":"https:\/\/catedras.facet.unt.edu.ar\/aycp\/wp-json\/wp\/v2\/pages\/67\/revisions\/1021"}],"wp:attachment":[{"href":"https:\/\/catedras.facet.unt.edu.ar\/aycp\/wp-json\/wp\/v2\/media?parent=67"}],"curies":[{"name":"wp","href":"https:\/\/api.w.org\/{rel}","templated":true}]}}