{"id":52,"date":"2015-03-12T11:25:31","date_gmt":"2015-03-12T14:25:31","guid":{"rendered":"https:\/\/catedras.facet.unt.edu.ar\/aycp\/?page_id=52"},"modified":"2026-01-28T20:39:40","modified_gmt":"2026-01-28T23:39:40","slug":"inicio","status":"publish","type":"page","link":"https:\/\/catedras.facet.unt.edu.ar\/aycp\/","title":{"rendered":"HOME"},"content":{"rendered":"<h1 style=\"text-align: center\"><span style=\"color: #000000\"><strong>IMPORTANTE. Pre-inscripci\u00f3n para el cursado 2026\u00a0<\/strong><\/span><strong><span style=\"color: #000000\"><span style=\"color: #c70e0e\"><a style=\"color: #c70e0e\" href=\"https:\/\/catedras.facet.unt.edu.ar\/aycp\/novedades\/\">AQU\u00cd<\/a>.<\/span><\/span><\/strong><\/h1>\n<h1 style=\"text-align: center\"><strong><span style=\"color: #000000\">Consultas y fechas para ex\u00e1menes <span style=\"color: #c70e0e\"><a style=\"color: #c70e0e\" href=\"https:\/\/catedras.facet.unt.edu.ar\/aycp\/novedades\/\">AQ<span style=\"color: #c70e0e\">U\u00cd<\/span><\/a>.<\/span><\/span><\/strong><\/h1>\n<p>&nbsp;<\/p>\n<p>El desarrollo de la actividad curricular contempla los cambios tecnol\u00f3gicos \u00a0para el control autom\u00e1tico.\u00a0Usa los recursos disponibles en la actualidad en el proceso de ense\u00f1anza (software de c\u00e1lculo, hardware de campo , p\u00e1gina Web, campus virtual)<\/p>\n<p>&nbsp;<\/p>\n<h4><span style=\"color: #c70e0e\"><strong>El curso confiere al alumno la capacidad para:<\/strong><\/span><\/h4>\n<ul>\n<li>la integraci\u00f3n de contenidos y visi\u00f3n global de hardware de control de procesos y automatismos, desarrollo de informes, esp\u00edritu cr\u00edtico y capacidad anal\u00edtica,<\/li>\n<li>manejo de: an\u00e1lisis, especificaci\u00f3n, selecci\u00f3n y dimensionamiento de hardware de control,\u00a0manejo de cat\u00e1logos industriales, manejo de software de c\u00e1lculo.<\/li>\n<\/ul>\n<p>&nbsp;<\/p>\n<h4><span style=\"color: #c70e0e\"><strong>Los alumnos adquieren los siguientes conocimientos<\/strong>:<\/span><\/h4>\n<ul>\n<li>Importancia de los de automatismos y los sistemas Control de Procesos en el ambiente industrial<\/li>\n<li>Caracter\u00edsticas fundamentales de los sistemas de control anal\u00f3gicos, l\u00f3gicos y secuenciales<\/li>\n<li>Caracter\u00edsticas b\u00e1sicas de los elementos de medici\u00f3n, actuaci\u00f3n y control autom\u00e1tico de la industria de procesos<\/li>\n<\/ul>\n<p>&nbsp;<\/p>\n<h4><span style=\"color: #c70e0e\"><strong>Para el cursado se requieren los siguientes conocimientos<\/strong>:<\/span><\/h4>\n<ul>\n<li>Transporte de fluidos<\/li>\n<li>Equipos de procesos de acumulaci\u00f3n de materia y para transferencia de calor<\/li>\n<li>Integraci\u00f3n de ecuaciones diferenciales ordinarias<\/li>\n<li>Electr\u00f3nica elemental<\/li>\n<\/ul>\n<p>&nbsp;<\/p>\n","protected":false},"excerpt":{"rendered":"<p>IMPORTANTE. Pre-inscripci\u00f3n para el cursado 2026\u00a0AQU\u00cd. Consultas y fechas para ex\u00e1menes AQU\u00cd. &nbsp; El desarrollo de la actividad curricular contempla los cambios tecnol\u00f3gicos \u00a0para el control autom\u00e1tico.\u00a0Usa los recursos disponibles en la actualidad en el proceso de ense\u00f1anza (software de c\u00e1lculo, hardware de campo , p\u00e1gina Web, campus virtual) &nbsp; El curso confiere al alumno [&hellip;]<\/p>\n","protected":false},"author":185,"featured_media":0,"parent":0,"menu_order":2,"comment_status":"closed","ping_status":"closed","template":"","meta":[],"_links":{"self":[{"href":"https:\/\/catedras.facet.unt.edu.ar\/aycp\/wp-json\/wp\/v2\/pages\/52"}],"collection":[{"href":"https:\/\/catedras.facet.unt.edu.ar\/aycp\/wp-json\/wp\/v2\/pages"}],"about":[{"href":"https:\/\/catedras.facet.unt.edu.ar\/aycp\/wp-json\/wp\/v2\/types\/page"}],"author":[{"embeddable":true,"href":"https:\/\/catedras.facet.unt.edu.ar\/aycp\/wp-json\/wp\/v2\/users\/185"}],"replies":[{"embeddable":true,"href":"https:\/\/catedras.facet.unt.edu.ar\/aycp\/wp-json\/wp\/v2\/comments?post=52"}],"version-history":[{"count":47,"href":"https:\/\/catedras.facet.unt.edu.ar\/aycp\/wp-json\/wp\/v2\/pages\/52\/revisions"}],"predecessor-version":[{"id":1163,"href":"https:\/\/catedras.facet.unt.edu.ar\/aycp\/wp-json\/wp\/v2\/pages\/52\/revisions\/1163"}],"wp:attachment":[{"href":"https:\/\/catedras.facet.unt.edu.ar\/aycp\/wp-json\/wp\/v2\/media?parent=52"}],"curies":[{"name":"wp","href":"https:\/\/api.w.org\/{rel}","templated":true}]}}