{"id":2,"date":"2013-11-22T14:58:07","date_gmt":"2013-11-22T17:58:07","guid":{"rendered":"https:\/\/catedras.facet.unt.edu.ar\/sitio1\/?page_id=2"},"modified":"2026-01-29T10:12:10","modified_gmt":"2026-01-29T13:12:10","slug":"pagina-ejemplo","status":"publish","type":"page","link":"https:\/\/catedras.facet.unt.edu.ar\/aycp\/pagina-ejemplo\/","title":{"rendered":"Programa"},"content":{"rendered":"<h1 style=\"text-align: center\"><span style=\"color: #c70e0e\"><strong>PRO<span style=\"color: #c70e0e\">GRA<\/span>MACI\u00d3N 2026<\/strong><\/span><\/h1>\n<p>&nbsp;<\/p>\n<h3><span style=\"color: #c70e0e\"><strong>OBJETIVOS <\/strong><\/span><\/h3>\n<p>Formar al estudiante en el funcionamiento de los sistemas de control anal\u00f3gicos, l\u00f3gicos y secuenciales industriales y en la instrumentaci\u00f3n de campo para la implementaci\u00f3n de estrategias de control autom\u00e1tico simples.<\/p>\n<p>&nbsp;<\/p>\n<h3><span style=\"color: #c70e0e\"><strong>ACTIVIDADES TE\u00d3RICAS Y PR\u00c1CTICAS\u00a0<\/strong><\/span><\/h3>\n<p><strong>Clases te\u00f3rico-pr\u00e1cticas.<\/strong>Desarrollo de los aspectos de la teor\u00eda aplicados a problemas. Se resuelven y discuten aplicaciones. La metodolog\u00eda es ense\u00f1anza basada en problemas.<\/p>\n<p><strong>Clases de problemas.<\/strong>Resoluci\u00f3n de problemas de c\u00e1lculo y an\u00e1lisis de sistemas de control autom\u00e1tico. Las clases de problemas corresponden a los temas desarrollados en las clases te\u00f3rico-pr\u00e1cticas inmediatamente anteriores.<\/p>\n<p><strong>Autoevaluaciones<\/strong> de seguimiento (breves), cuatro en total correspondientes a los Temas 1, 2, 4 y 5, para autodiagn\u00f3stico y seguimiento de proceso de aprendizaje.<\/p>\n<p>&nbsp;<\/p>\n<h3><span style=\"color: #c70e0e\"><strong>CARGA HORARIA<\/strong><\/span><\/h3>\n<p><strong>96<\/strong> horas totales (<strong>6<\/strong> horas semanales)<\/p>\n<p>&nbsp;<\/p>\n<h3><span style=\"color: #c70e0e\"><strong>PROGRAMA ANAL\u00cdTICO <\/strong><\/span><\/h3>\n<p><span style=\"color: #c70e0e\"><strong>Tema 1: Introducci\u00f3n a los sistemas de control <\/strong><\/span><\/p>\n<p>Sistemas de control. Necesidad del control autom\u00e1tico. Variables continuas y discretas. Control de Procesos: representaci\u00f3n de los sistemas en lazo cerrado, elementos que constituyen un lazo de control, diagramas P&amp;I. \u00c1lgebra de bloques. Automatizaci\u00f3n: l\u00f3gica combinacional, l\u00f3gica secuencial, elementos que constituyen un automatismo. Monitoreo de procesos. Ejemplos de la industria de procesos.<\/p>\n<p><span style=\"color: #c70e0e\"><strong>Tema 2: Din\u00e1mica de procesos continuos<\/strong><\/span><\/p>\n<p>Sistemas anal\u00f3gicos. Modelos matem\u00e1ticos din\u00e1micos. Modelos basados en principios de conservaci\u00f3n. Resoluci\u00f3n de ecuaciones diferenciales, aproximaci\u00f3n lineal. La transformaci\u00f3n de Laplace. Funci\u00f3n de transferencia, diagrama en bloques. Sistemas de primer y segundo orden. Identificaci\u00f3n. Modelos din\u00e1micos de sistemas industriales. Simulaci\u00f3n de sistemas din\u00e1micos.<\/p>\n<p><span style=\"color: #c70e0e\"><strong>Tema 3: Instrumentaci\u00f3n Industrial de procesos continuos<\/strong><\/span><\/p>\n<p>Sensores, par\u00e1metros est\u00e1ticos y din\u00e1micos. Se\u00f1ales estandarizadas. Instrumentaci\u00f3n de campo de variables de proceso: presi\u00f3n, temperatura, nivel y caudal.Sensores, transmisores, indicadores y registradores comerciales. Elementos finales de control. La v\u00e1lvula de control autom\u00e1tico. El controlador PID.<\/p>\n<p><span style=\"color: #c70e0e\"><strong>Tema 4: Sistemas realimentados anal\u00f3gicos<\/strong><\/span><\/p>\n<p>Sistemas en lazo cerrado, elementos que lo constituyen. Respuesta transitoria de sistemas en lazo cerrado. Ecuaci\u00f3n caracter\u00edstica. Estabilidad. Localizaci\u00f3n de ra\u00edces en el plano complejo. Criterio de estabilidad de Routh. Efecto de las acciones de control proporcional, integral y derivativa. Especificaci\u00f3n del funcionamiento en el dominio temporal, criterios de conducta. Sintonizaci\u00f3n de controladores PID.<\/p>\n<p><span style=\"color: #c70e0e\"><strong>Tema 5: Elementos de \u00c1lgebra de Boole<\/strong><\/span><\/p>\n<p>Sistemas l\u00f3gicos. \u00c1lgebra de Boole: operaciones, postulados y teoremas fundamentales. Funciones de Boole, expresiones anal\u00edticas, Tabla de la Verdad y representaciones gr\u00e1ficas. Funciones equivalentes, simplificaciones. Formas can\u00f3nicas. Circuitos combinacionales.<\/p>\n<p><span style=\"color: #c70e0e\"><strong>Tema 6: Instrumentaci\u00f3n para automatismos<\/strong><\/span><\/p>\n<p>Detectores y transmisores. Detectores de proximidad, tipos, caracter\u00edsticas. Detectores de variables continuas. Actuadores neum\u00e1ticos y el\u00e9ctricos. Actuadores para control de fluidos: bombas y v\u00e1lvulas. Sistemas cableados y programables en automatizaci\u00f3n. Aut\u00f3matas Programables (PLC): tama\u00f1os, tipos. Arquitectura de los PLCs: m\u00f3dulos de entrada y salida, procesador, memorias, fuentes e interfaces.<\/p>\n<p><span style=\"color: #c70e0e\"><strong>Tema 7: Programaci\u00f3n de Controladores l\u00f3gicos programables<\/strong><\/span><\/p>\n<p>Variables. Ciclo de funcionamiento. L\u00f3gica combinacional y l\u00f3gica secuencial. Programaci\u00f3n, est\u00e1ndar IEC 61131-3, lenguajes literales y gr\u00e1ficos. Lenguaje de contactos (Ladder): s\u00edmbolos, sentencias, flancos, temporizadores y contadores, marcas internas. Programas de sistemas combinacionales. Sistemas secuenciales, grafo de transici\u00f3n de estados, estructura general programaci\u00f3n. Ladder para sistemas con dos estados. Diagrama de Funciones Secuenciales (GRAFCET): transiciones, distintas acciones y secuencias. Equivalencia Ladder-GRAFCET.<\/p>\n<p>&nbsp;<\/p>\n<h3><span style=\"color: #c70e0e\"><strong>CORRELATIVAS<\/strong><\/span><\/h3>\n<p>Electr\u00f3nica Industrial<\/p>\n<p>Operaciones Industriales<\/p>\n<p>Electrotecnia e Instalaciones El\u00e9ctricas<\/p>\n<p>&nbsp;<\/p>\n<p><em><strong> <a href=\"https:\/\/catedras.facet.unt.edu.ar\/aycp\/wp-content\/uploads\/sites\/88\/2026\/01\/Automatizacion-y-Control-de-Procesos_2026-1.pdf\">BAJAR el Programa Anal\u00edtico \u2013 2026<\/a> <\/strong><\/em><em><strong>(formato pdf)<\/strong><\/em><\/p>\n<p>&nbsp;<\/p>\n","protected":false},"excerpt":{"rendered":"<p>PROGRAMACI\u00d3N 2026 &nbsp; OBJETIVOS Formar al estudiante en el funcionamiento de los sistemas de control anal\u00f3gicos, l\u00f3gicos y secuenciales industriales y en la instrumentaci\u00f3n de campo para la implementaci\u00f3n de estrategias de control autom\u00e1tico simples. &nbsp; ACTIVIDADES TE\u00d3RICAS Y PR\u00c1CTICAS\u00a0 Clases te\u00f3rico-pr\u00e1cticas.Desarrollo de los aspectos de la teor\u00eda aplicados a problemas. Se resuelven y discuten [&hellip;]<\/p>\n","protected":false},"author":185,"featured_media":0,"parent":0,"menu_order":15,"comment_status":"closed","ping_status":"closed","template":"","meta":[],"_links":{"self":[{"href":"https:\/\/catedras.facet.unt.edu.ar\/aycp\/wp-json\/wp\/v2\/pages\/2"}],"collection":[{"href":"https:\/\/catedras.facet.unt.edu.ar\/aycp\/wp-json\/wp\/v2\/pages"}],"about":[{"href":"https:\/\/catedras.facet.unt.edu.ar\/aycp\/wp-json\/wp\/v2\/types\/page"}],"author":[{"embeddable":true,"href":"https:\/\/catedras.facet.unt.edu.ar\/aycp\/wp-json\/wp\/v2\/users\/185"}],"replies":[{"embeddable":true,"href":"https:\/\/catedras.facet.unt.edu.ar\/aycp\/wp-json\/wp\/v2\/comments?post=2"}],"version-history":[{"count":74,"href":"https:\/\/catedras.facet.unt.edu.ar\/aycp\/wp-json\/wp\/v2\/pages\/2\/revisions"}],"predecessor-version":[{"id":1172,"href":"https:\/\/catedras.facet.unt.edu.ar\/aycp\/wp-json\/wp\/v2\/pages\/2\/revisions\/1172"}],"wp:attachment":[{"href":"https:\/\/catedras.facet.unt.edu.ar\/aycp\/wp-json\/wp\/v2\/media?parent=2"}],"curies":[{"name":"wp","href":"https:\/\/api.w.org\/{rel}","templated":true}]}}