{"id":1014,"date":"2022-02-08T16:09:15","date_gmt":"2022-02-08T19:09:15","guid":{"rendered":"https:\/\/catedras.facet.unt.edu.ar\/aycp\/?page_id=1014"},"modified":"2023-02-14T09:56:43","modified_gmt":"2023-02-14T12:56:43","slug":"principal","status":"publish","type":"page","link":"https:\/\/catedras.facet.unt.edu.ar\/aycp\/principal\/","title":{"rendered":"Docentes"},"content":{"rendered":"<h1 style=\"text-align: center\"><span style=\"color: #c70e0e\"><strong>DOCENTES<\/strong><\/span><\/h1>\n<p>El dictado est\u00e1 a cargo de <strong>docentes del Departamento de Ingenier\u00eda de Procesos y Gesti\u00f3n Industrial<\/strong>:<\/p>\n<p style=\"text-align: left;padding-left: 30px\"><strong>Mario Cesca<\/strong><br \/>\n<strong> <a href=\"mailto:mcesca@herrera.unt.edu.ar\">mcesca@herrera.unt.edu.ar<\/a><\/strong><\/p>\n<p style=\"padding-left: 30px\"><strong>Alejandra Ingaramo (webmaster)<\/strong><br \/>\n<strong> <a href=\"mailto:aingaramo@herrera.unt.edu.ar\">aingaramo@herrera.unt.edu.ar<\/a><\/strong><\/p>\n<p style=\"text-align: left;padding-left: 30px\"><strong>Eduardo \u00a0Vera van Gelderen<\/strong><br \/>\n<strong> <a href=\"mailto:everavangelderen@herrera.unt.edu.ar\">everavangelderen@herrera.unt.edu.ar<\/a><\/strong><\/p>\n<p>\u00a0 \u00a0 \u00a0 \u00a0 <strong>Pablo Mauricio Jeger<\/strong><br \/>\n<strong>\u00a0 \u00a0 \u00a0 \u00a0 <\/strong><a href=\"mailto:pjeger@herrera.unt.edu.ar\"><strong>pjeger@herrera.unt.edu.ar<\/strong><\/a><\/p>\n<p>&nbsp;<\/p>\n<p>&nbsp;<\/p>\n<p>&nbsp;<\/p>\n<p>&nbsp;<\/p>\n","protected":false},"excerpt":{"rendered":"<p>DOCENTES El dictado est\u00e1 a cargo de docentes del Departamento de Ingenier\u00eda de Procesos y Gesti\u00f3n Industrial: Mario Cesca mcesca@herrera.unt.edu.ar Alejandra Ingaramo (webmaster) aingaramo@herrera.unt.edu.ar Eduardo \u00a0Vera van Gelderen everavangelderen@herrera.unt.edu.ar \u00a0 \u00a0 \u00a0 \u00a0 Pablo Mauricio Jeger \u00a0 \u00a0 \u00a0 \u00a0 pjeger@herrera.unt.edu.ar &nbsp; &nbsp; &nbsp; &nbsp;<\/p>\n","protected":false},"author":184,"featured_media":0,"parent":0,"menu_order":0,"comment_status":"closed","ping_status":"closed","template":"","meta":[],"_links":{"self":[{"href":"https:\/\/catedras.facet.unt.edu.ar\/aycp\/wp-json\/wp\/v2\/pages\/1014"}],"collection":[{"href":"https:\/\/catedras.facet.unt.edu.ar\/aycp\/wp-json\/wp\/v2\/pages"}],"about":[{"href":"https:\/\/catedras.facet.unt.edu.ar\/aycp\/wp-json\/wp\/v2\/types\/page"}],"author":[{"embeddable":true,"href":"https:\/\/catedras.facet.unt.edu.ar\/aycp\/wp-json\/wp\/v2\/users\/184"}],"replies":[{"embeddable":true,"href":"https:\/\/catedras.facet.unt.edu.ar\/aycp\/wp-json\/wp\/v2\/comments?post=1014"}],"version-history":[{"count":5,"href":"https:\/\/catedras.facet.unt.edu.ar\/aycp\/wp-json\/wp\/v2\/pages\/1014\/revisions"}],"predecessor-version":[{"id":1069,"href":"https:\/\/catedras.facet.unt.edu.ar\/aycp\/wp-json\/wp\/v2\/pages\/1014\/revisions\/1069"}],"wp:attachment":[{"href":"https:\/\/catedras.facet.unt.edu.ar\/aycp\/wp-json\/wp\/v2\/media?parent=1014"}],"curies":[{"name":"wp","href":"https:\/\/api.w.org\/{rel}","templated":true}]}}