{"id":42,"date":"2017-03-01T10:34:50","date_gmt":"2017-03-01T13:34:50","guid":{"rendered":"http:\/\/www1.herrera.unt.edu.ar\/faceyt\/analisismii\/?page_id=42"},"modified":"2020-06-16T10:54:34","modified_gmt":"2020-06-16T13:54:34","slug":"apuntes-de-teoria-2","status":"publish","type":"page","link":"https:\/\/catedras.facet.unt.edu.ar\/analisismii\/material-de-interes\/apuntes-de-teoria-2\/","title":{"rendered":"Material de inter\u00e9s"},"content":{"rendered":"<p><a href=\"https:\/\/catedras.facet.unt.edu.ar\/analisismii\/wp-content\/uploads\/sites\/73\/2017\/03\/Apuntes-de-Marta.pdf\" target=\"_blank\" rel=\"noopener noreferrer\">An\u00e1lisis Matem\u00e1tico II-Notas de Clase de Marta Lagarrigue<\/a><\/p>\n<p><a href=\"https:\/\/catedras.facet.unt.edu.ar\/analisismii\/wp-content\/uploads\/sites\/73\/2015\/05\/TEOREMA-DEL-VALOR-MEDIO-DEL-C\u00c1LCULO-DIFERENCIAL-Con-regla-de-la-cadena.pdf\" target=\"_blank\" rel=\"noopener noreferrer\">Demostraci\u00f3n del TEOREMA-DEL-VALOR-MEDIO-DEL-C\u00c1LCULO-DIFERENCIAL con regla de la cadena<\/a><\/p>\n<p><a href=\"https:\/\/catedras.facet.unt.edu.ar\/analisismii\/wp-content\/uploads\/sites\/73\/2016\/08\/Racionales-e-irracionales-DensoenR.pdf\" target=\"_blank\" rel=\"noopener noreferrer\">Prueba de densidad de los racionales y de los irracionales en los reales<\/a><\/p>\n<p><a href=\"https:\/\/catedras.facet.unt.edu.ar\/analisismii\/wp-content\/uploads\/sites\/73\/2020\/06\/An\u00e1lisis-de-extremos-relativos-para-funciones-de-m\u00e1s-de-tres-variables.pdf\">An\u00e1lisis de extremos relativos para un n\u00famero de variables mayor a dos.<\/a><\/p>\n<p><a href=\"https:\/\/catedras.facet.unt.edu.ar\/calculoiii\/wp-content\/uploads\/sites\/72\/2018\/04\/Alfabeto-griego.doc\" target=\"_blank\" rel=\"noopener noreferrer\">Alfabeto griego<\/a><\/p>\n<p><a href=\"https:\/\/catedras.facet.unt.edu.ar\/analisismii\/wp-content\/uploads\/sites\/73\/2018\/09\/supercurvas.pdf\" target=\"_blank\" rel=\"noopener noreferrer\">Superficies y S\u00f3lidos. Ejemplos<\/a><\/p>\n<p><a href=\"https:\/\/catedras.facet.unt.edu.ar\/analisismii\/wp-content\/uploads\/sites\/73\/2020\/03\/Ejercicio-Balseiro-1.jpg\">Ejercicios del Balseiro<\/a><\/p>\n","protected":false},"excerpt":{"rendered":"<p>An\u00e1lisis Matem\u00e1tico II-Notas de Clase de Marta Lagarrigue Demostraci\u00f3n del TEOREMA-DEL-VALOR-MEDIO-DEL-C\u00c1LCULO-DIFERENCIAL con regla de la cadena Prueba de densidad de los racionales y de los irracionales en los reales An\u00e1lisis de extremos relativos para un n\u00famero de variables mayor a dos. Alfabeto griego Superficies y S\u00f3lidos. Ejemplos Ejercicios del Balseiro<\/p>\n","protected":false},"author":175,"featured_media":0,"parent":17,"menu_order":10,"comment_status":"closed","ping_status":"closed","template":"","meta":[],"_links":{"self":[{"href":"https:\/\/catedras.facet.unt.edu.ar\/analisismii\/wp-json\/wp\/v2\/pages\/42"}],"collection":[{"href":"https:\/\/catedras.facet.unt.edu.ar\/analisismii\/wp-json\/wp\/v2\/pages"}],"about":[{"href":"https:\/\/catedras.facet.unt.edu.ar\/analisismii\/wp-json\/wp\/v2\/types\/page"}],"author":[{"embeddable":true,"href":"https:\/\/catedras.facet.unt.edu.ar\/analisismii\/wp-json\/wp\/v2\/users\/175"}],"replies":[{"embeddable":true,"href":"https:\/\/catedras.facet.unt.edu.ar\/analisismii\/wp-json\/wp\/v2\/comments?post=42"}],"version-history":[{"count":13,"href":"https:\/\/catedras.facet.unt.edu.ar\/analisismii\/wp-json\/wp\/v2\/pages\/42\/revisions"}],"predecessor-version":[{"id":1235,"href":"https:\/\/catedras.facet.unt.edu.ar\/analisismii\/wp-json\/wp\/v2\/pages\/42\/revisions\/1235"}],"up":[{"embeddable":true,"href":"https:\/\/catedras.facet.unt.edu.ar\/analisismii\/wp-json\/wp\/v2\/pages\/17"}],"wp:attachment":[{"href":"https:\/\/catedras.facet.unt.edu.ar\/analisismii\/wp-json\/wp\/v2\/media?parent=42"}],"curies":[{"name":"wp","href":"https:\/\/api.w.org\/{rel}","templated":true}]}}