{"id":317,"date":"2026-03-20T21:00:11","date_gmt":"2026-03-21T00:00:11","guid":{"rendered":"http:\/\/www1.herrera.unt.edu.ar\/faceyt\/analisismii\/?page_id=30"},"modified":"2026-03-20T21:03:15","modified_gmt":"2026-03-21T00:03:15","slug":"inicio","status":"publish","type":"page","link":"https:\/\/catedras.facet.unt.edu.ar\/analisismii\/","title":{"rendered":"Inicio"},"content":{"rendered":"<p style=\"text-align: center\"><span style=\"font-size: large\">BIENVENIDOS A<\/span><\/p>\n<h1 style=\"text-align: center\">AN\u00c1LISIS MATEM\u00c1TICO II<\/h1>\n<h1 style=\"text-align: center\">C\u00c1LCULO NIVEL III<\/h1>\n<h1 style=\"text-align: center\">C\u00c1LCULO NIVEL IV<\/h1>\n<p style=\"text-align: center\">\u00a0LINKS RELACIONADOS:<span style=\"font-size: large\">\u00a0<\/span><\/p>\n<p style=\"text-align: center\"><span style=\"font-size: large\"> <a href=\"http:\/\/www.facet.unt.edu.ar\/deptomatematica\" target=\"_blank\" rel=\"noopener noreferrer\">DEPARTAMENTO DE MATEM\u00c1TICA<span style=\"text-decoration: underline\">\u00a0 <\/span><\/a><\/span><\/p>\n<p style=\"text-align: center\"><a href=\"http:\/\/www.facet.unt.edu.ar\/\" target=\"_blank\" rel=\"noopener noreferrer\">FACULTAD DE CIENCIAS EXACTAS Y TECNOLOG\u00cdA, <\/a><\/p>\n<p style=\"text-align: center\"><a href=\"http:\/\/www.unt.edu.ar\/\" target=\"_blank\" rel=\"noopener noreferrer\">UNIVERSIDAD NACIONAL DE TUCUM\u00c1N<\/a><\/p>\n<p style=\"text-align: left\">Clave de matriculaci\u00f3n para aula virtual:<strong> am2<\/strong><\/p>\n<p>&nbsp;<\/p>\n<p>&nbsp;<\/p>\n","protected":false},"excerpt":{"rendered":"<p>BIENVENIDOS A AN\u00c1LISIS MATEM\u00c1TICO II C\u00c1LCULO NIVEL III C\u00c1LCULO NIVEL IV \u00a0LINKS RELACIONADOS:\u00a0 DEPARTAMENTO DE MATEM\u00c1TICA\u00a0 FACULTAD DE CIENCIAS EXACTAS Y TECNOLOG\u00cdA, UNIVERSIDAD NACIONAL DE TUCUM\u00c1N Clave de matriculaci\u00f3n para aula virtual: am2 &nbsp; &nbsp;<\/p>\n","protected":false},"author":175,"featured_media":0,"parent":0,"menu_order":0,"comment_status":"closed","ping_status":"closed","template":"","meta":[],"_links":{"self":[{"href":"https:\/\/catedras.facet.unt.edu.ar\/analisismii\/wp-json\/wp\/v2\/pages\/317"}],"collection":[{"href":"https:\/\/catedras.facet.unt.edu.ar\/analisismii\/wp-json\/wp\/v2\/pages"}],"about":[{"href":"https:\/\/catedras.facet.unt.edu.ar\/analisismii\/wp-json\/wp\/v2\/types\/page"}],"author":[{"embeddable":true,"href":"https:\/\/catedras.facet.unt.edu.ar\/analisismii\/wp-json\/wp\/v2\/users\/175"}],"replies":[{"embeddable":true,"href":"https:\/\/catedras.facet.unt.edu.ar\/analisismii\/wp-json\/wp\/v2\/comments?post=317"}],"version-history":[{"count":18,"href":"https:\/\/catedras.facet.unt.edu.ar\/analisismii\/wp-json\/wp\/v2\/pages\/317\/revisions"}],"predecessor-version":[{"id":1725,"href":"https:\/\/catedras.facet.unt.edu.ar\/analisismii\/wp-json\/wp\/v2\/pages\/317\/revisions\/1725"}],"wp:attachment":[{"href":"https:\/\/catedras.facet.unt.edu.ar\/analisismii\/wp-json\/wp\/v2\/media?parent=317"}],"curies":[{"name":"wp","href":"https:\/\/api.w.org\/{rel}","templated":true}]}}