{"id":316,"date":"2018-03-10T11:00:29","date_gmt":"2018-03-10T14:00:29","guid":{"rendered":"http:\/\/www1.herrera.unt.edu.ar\/faceyt\/analisismii\/?page_id=5"},"modified":"2026-03-20T21:57:01","modified_gmt":"2026-03-21T00:57:01","slug":"programa","status":"publish","type":"page","link":"https:\/\/catedras.facet.unt.edu.ar\/analisismii\/inicio\/programa\/","title":{"rendered":"Programas"},"content":{"rendered":"<p><a href=\"https:\/\/catedras.facet.unt.edu.ar\/analisismii\/wp-content\/uploads\/sites\/73\/2021\/03\/2021desde2019-Analisis-Matematico-II.pdf\">Progama de An\u00e1lisis Matem\u00e1tico II 2019 en adelante<\/a><\/p>\n<p><a href=\"https:\/\/catedras.facet.unt.edu.ar\/analisismii\/wp-content\/uploads\/sites\/73\/2021\/03\/2021desde2017Calculo-Nivel-III.pdf\">C\u00e1lculo Nivel III 2017-2018-2019 en adelante<\/a><\/p>\n<p><a href=\"https:\/\/catedras.facet.unt.edu.ar\/analisismii\/wp-content\/uploads\/sites\/73\/2021\/03\/2021desde2017Calculo-Nivel-IV.pdf\">C\u00e1lculo Nivel IV 2017-2018-2019 en adelante<\/a><\/p>\n<p><a href=\"https:\/\/catedras.facet.unt.edu.ar\/analisismii\/wp-content\/uploads\/sites\/73\/2018\/03\/2018_2017An\u00e1lisis-Matem\u00e1tico-II.pdf\" target=\"_blank\" rel=\"noopener noreferrer\">Programa de An\u00e1lisis Matem\u00e1tico II 2017-2018<\/a><\/p>\n<p><a href=\"https:\/\/catedras.facet.unt.edu.ar\/analisismii\/wp-content\/uploads\/sites\/73\/2021\/10\/Programa-A.M.II-anterior-al-2015.pdf\">Programa de An\u00e1lisis Matem\u00e1tico II anterior al 2015<\/a><\/p>\n<p><a href=\"https:\/\/catedras.facet.unt.edu.ar\/analisismii\/wp-content\/uploads\/sites\/73\/2015\/11\/An\u00e1lisis-Matem\u00e1tico-II-2015.doc\" target=\"_blank\" rel=\"noopener noreferrer\">Programa de An\u00e1lisis Matem\u00e1tico II &#8211; A\u00f1o 2015<\/a><\/p>\n<p><a href=\"https:\/\/catedras.facet.unt.edu.ar\/analisismii\/wp-content\/uploads\/sites\/73\/2016\/04\/2016An\u00e1lisis-Matem\u00e1tico-II.pdf\" target=\"_blank\" rel=\"noopener noreferrer\">Programa de An\u00e1lisis Matem\u00e1tico II &#8211; A\u00f1o 2016<\/a><\/p>\n<p><a href=\"https:\/\/catedras.facet.unt.edu.ar\/analisismii\/wp-content\/uploads\/sites\/73\/2015\/11\/C\u00e1lculo-Nivel-III.doc\" target=\"_blank\" rel=\"noopener noreferrer\">C\u00e1lculo Nivel III- A\u00f1o 2015<\/a><\/p>\n<p><a href=\"https:\/\/catedras.facet.unt.edu.ar\/analisismii\/wp-content\/uploads\/sites\/73\/2015\/12\/2015C\u00e1lculo-Nivel-IV.doc\" target=\"_blank\" rel=\"noopener noreferrer\">C\u00e1lculo Nivel IV- 2015<\/a><\/p>\n<p><a href=\"https:\/\/catedras.facet.unt.edu.ar\/analisismii\/wp-content\/uploads\/sites\/73\/2016\/04\/2016C\u00e1lculo-Nivel-III.pdf\" target=\"_blank\" rel=\"noopener noreferrer\">Programa de C\u00e1lculo Nivel III &#8211; 2016<\/a><\/p>\n<p><a href=\"https:\/\/catedras.facet.unt.edu.ar\/analisismii\/wp-content\/uploads\/sites\/73\/2016\/04\/2016C\u00e1lculo-Nivel-IV.pdf\" target=\"_blank\" rel=\"noopener noreferrer\">Programa de C\u00e1lculo Nivel IV &#8211; 2016<\/a><\/p>\n","protected":false},"excerpt":{"rendered":"<p>Progama de An\u00e1lisis Matem\u00e1tico II 2019 en adelante C\u00e1lculo Nivel III 2017-2018-2019 en adelante C\u00e1lculo Nivel IV 2017-2018-2019 en adelante Programa de An\u00e1lisis Matem\u00e1tico II 2017-2018 Programa de An\u00e1lisis Matem\u00e1tico II anterior al 2015 Programa de An\u00e1lisis Matem\u00e1tico II &#8211; A\u00f1o 2015 Programa de An\u00e1lisis Matem\u00e1tico II &#8211; A\u00f1o 2016 C\u00e1lculo Nivel III- A\u00f1o 2015 [&hellip;]<\/p>\n","protected":false},"author":175,"featured_media":0,"parent":317,"menu_order":10,"comment_status":"closed","ping_status":"closed","template":"","meta":[],"_links":{"self":[{"href":"https:\/\/catedras.facet.unt.edu.ar\/analisismii\/wp-json\/wp\/v2\/pages\/316"}],"collection":[{"href":"https:\/\/catedras.facet.unt.edu.ar\/analisismii\/wp-json\/wp\/v2\/pages"}],"about":[{"href":"https:\/\/catedras.facet.unt.edu.ar\/analisismii\/wp-json\/wp\/v2\/types\/page"}],"author":[{"embeddable":true,"href":"https:\/\/catedras.facet.unt.edu.ar\/analisismii\/wp-json\/wp\/v2\/users\/175"}],"replies":[{"embeddable":true,"href":"https:\/\/catedras.facet.unt.edu.ar\/analisismii\/wp-json\/wp\/v2\/comments?post=316"}],"version-history":[{"count":36,"href":"https:\/\/catedras.facet.unt.edu.ar\/analisismii\/wp-json\/wp\/v2\/pages\/316\/revisions"}],"predecessor-version":[{"id":1742,"href":"https:\/\/catedras.facet.unt.edu.ar\/analisismii\/wp-json\/wp\/v2\/pages\/316\/revisions\/1742"}],"up":[{"embeddable":true,"href":"https:\/\/catedras.facet.unt.edu.ar\/analisismii\/wp-json\/wp\/v2\/pages\/317"}],"wp:attachment":[{"href":"https:\/\/catedras.facet.unt.edu.ar\/analisismii\/wp-json\/wp\/v2\/media?parent=316"}],"curies":[{"name":"wp","href":"https:\/\/api.w.org\/{rel}","templated":true}]}}