{"id":27,"date":"2017-09-12T10:37:40","date_gmt":"2017-09-12T13:37:40","guid":{"rendered":"http:\/\/www1.herrera.unt.edu.ar\/faceyt\/analisismii\/?page_id=27"},"modified":"2024-11-15T08:56:15","modified_gmt":"2024-11-15T11:56:15","slug":"docentes","status":"publish","type":"page","link":"https:\/\/catedras.facet.unt.edu.ar\/analisismii\/inicio\/docentes\/","title":{"rendered":"Docentes"},"content":{"rendered":"<p><a href=\"https:\/\/catedras.facet.unt.edu.ar\/analisismii\/wp-content\/uploads\/sites\/73\/2015\/09\/Silvi.jpg\"><img loading=\"lazy\" class=\"alignnone wp-image-44\" src=\"https:\/\/catedras.facet.unt.edu.ar\/analisismii\/wp-content\/uploads\/sites\/73\/2015\/09\/Silvi.jpg\" alt=\"\" width=\"88\" height=\"108\" \/><\/a> \u00a0<span style=\"font-size: medium\">Silvina Ruth G\u00f3mez, Profesora Titular.<\/span><\/p>\n<p><span style=\"font-size: medium\"><a href=\"https:\/\/catedras.facet.unt.edu.ar\/analisismii\/wp-content\/uploads\/sites\/73\/2015\/09\/FER-400x492.jpg\"><img loading=\"lazy\" class=\"alignnone wp-image-46\" src=\"https:\/\/catedras.facet.unt.edu.ar\/analisismii\/wp-content\/uploads\/sites\/73\/2015\/09\/FER-400x492-244x300.jpg\" alt=\"\" width=\"95\" height=\"117\" srcset=\"https:\/\/catedras.facet.unt.edu.ar\/analisismii\/wp-content\/uploads\/sites\/73\/2015\/09\/FER-400x492-244x300.jpg 244w, https:\/\/catedras.facet.unt.edu.ar\/analisismii\/wp-content\/uploads\/sites\/73\/2015\/09\/FER-400x492.jpg 400w\" sizes=\"(max-width: 95px) 100vw, 95px\" \/><\/a><\/span><span style=\"font-size: medium\">\u00a0 Mar\u00eda Fernanda Galante, Profesora Asociada.<\/span><\/p>\n<p><a href=\"https:\/\/catedras.facet.unt.edu.ar\/analisismii\/wp-content\/uploads\/sites\/73\/2017\/09\/pagina-ines2.jpg\"><img loading=\"lazy\" class=\"alignnone wp-image-668\" src=\"https:\/\/catedras.facet.unt.edu.ar\/analisismii\/wp-content\/uploads\/sites\/73\/2017\/09\/pagina-ines2.jpg\" alt=\"\" width=\"101\" height=\"103\" \/><\/a> \u00a0<strong>Mar\u00eda In\u00e9s Camazano,<\/strong> <span style=\"font-size: medium\">Profesora Adjunta.<\/span><\/p>\n<p><a href=\"https:\/\/catedras.facet.unt.edu.ar\/analisismii\/wp-content\/uploads\/sites\/73\/2024\/11\/c76d22ef-7d56-4178-872a-9b916e03da09-2.jpg\"><img loading=\"lazy\" class=\"alignnone wp-image-1699\" src=\"https:\/\/catedras.facet.unt.edu.ar\/analisismii\/wp-content\/uploads\/sites\/73\/2024\/11\/c76d22ef-7d56-4178-872a-9b916e03da09-2.jpg\" alt=\"\" width=\"103\" height=\"100\" \/><\/a> \u00a0<strong>Mar\u00eda Victoria Trimarco, Profesora Adjunta.<\/strong><\/p>\n<p><a href=\"https:\/\/catedras.facet.unt.edu.ar\/analisismii\/wp-content\/uploads\/sites\/73\/2017\/09\/Bel\u00e9n.jpg\"><img loading=\"lazy\" class=\"alignnone wp-image-667\" src=\"https:\/\/catedras.facet.unt.edu.ar\/analisismii\/wp-content\/uploads\/sites\/73\/2017\/09\/Bel\u00e9n.jpg\" alt=\"\" width=\"91\" height=\"128\" \/><\/a> \u00a0<strong>Mar\u00eda Bel\u00e9n Bulacio, Jefe de Trabajos Pr\u00e1cticos.<\/strong><\/p>\n<p><a href=\"https:\/\/catedras.facet.unt.edu.ar\/analisismii\/wp-content\/uploads\/sites\/73\/2024\/11\/Imagen-de-WhatsApp-2024-11-11-a-las-10.25.13_387aac7a.jpg\"><img loading=\"lazy\" class=\"alignnone wp-image-1697\" src=\"https:\/\/catedras.facet.unt.edu.ar\/analisismii\/wp-content\/uploads\/sites\/73\/2024\/11\/Imagen-de-WhatsApp-2024-11-11-a-las-10.25.13_387aac7a.jpg\" alt=\"\" width=\"107\" height=\"107\" \/><\/a> \u00a0<strong>Nayla Agostina Chaben, Auxiliar Docente Graduado<\/strong><\/p>\n<h3>Ayudantes Estudiantiles<\/h3>\n<p><a href=\"https:\/\/catedras.facet.unt.edu.ar\/analisismii\/wp-content\/uploads\/sites\/73\/2024\/11\/Imagen-de-WhatsApp-2024-11-11-a-las-13.48.50_45a3b6ed.jpg\"><img loading=\"lazy\" class=\"alignnone wp-image-1701\" src=\"https:\/\/catedras.facet.unt.edu.ar\/analisismii\/wp-content\/uploads\/sites\/73\/2024\/11\/Imagen-de-WhatsApp-2024-11-11-a-las-13.48.50_45a3b6ed.jpg\" alt=\"\" width=\"103\" height=\"110\" \/><\/a> \u00a0<strong>Franco Hinojosa<\/strong><\/p>\n<p><a href=\"https:\/\/catedras.facet.unt.edu.ar\/analisismii\/wp-content\/uploads\/sites\/73\/2024\/11\/Imagen-de-WhatsApp-2024-11-11-a-las-10.41.34_1d6699dd.jpg\"><img loading=\"lazy\" class=\"alignnone wp-image-1700\" src=\"https:\/\/catedras.facet.unt.edu.ar\/analisismii\/wp-content\/uploads\/sites\/73\/2024\/11\/Imagen-de-WhatsApp-2024-11-11-a-las-10.41.34_1d6699dd.jpg\" alt=\"\" width=\"107\" height=\"107\" \/><\/a> \u00a0<strong>\u00c1ngel Sosa<\/strong><\/p>\n<p>&nbsp;<\/p>\n<p>&nbsp;<\/p>\n<p>&nbsp;<\/p>\n<p>&nbsp;<\/p>\n","protected":false},"excerpt":{"rendered":"<p>\u00a0Silvina Ruth G\u00f3mez, Profesora Titular. \u00a0 Mar\u00eda Fernanda Galante, Profesora Asociada. \u00a0Mar\u00eda In\u00e9s Camazano, Profesora Adjunta. \u00a0Mar\u00eda Victoria Trimarco, Profesora Adjunta. \u00a0Mar\u00eda Bel\u00e9n Bulacio, Jefe de Trabajos Pr\u00e1cticos. \u00a0Nayla Agostina Chaben, Auxiliar Docente Graduado Ayudantes Estudiantiles \u00a0Franco Hinojosa \u00a0\u00c1ngel Sosa &nbsp; &nbsp; &nbsp; &nbsp;<\/p>\n","protected":false},"author":175,"featured_media":0,"parent":317,"menu_order":20,"comment_status":"closed","ping_status":"closed","template":"","meta":[],"_links":{"self":[{"href":"https:\/\/catedras.facet.unt.edu.ar\/analisismii\/wp-json\/wp\/v2\/pages\/27"}],"collection":[{"href":"https:\/\/catedras.facet.unt.edu.ar\/analisismii\/wp-json\/wp\/v2\/pages"}],"about":[{"href":"https:\/\/catedras.facet.unt.edu.ar\/analisismii\/wp-json\/wp\/v2\/types\/page"}],"author":[{"embeddable":true,"href":"https:\/\/catedras.facet.unt.edu.ar\/analisismii\/wp-json\/wp\/v2\/users\/175"}],"replies":[{"embeddable":true,"href":"https:\/\/catedras.facet.unt.edu.ar\/analisismii\/wp-json\/wp\/v2\/comments?post=27"}],"version-history":[{"count":28,"href":"https:\/\/catedras.facet.unt.edu.ar\/analisismii\/wp-json\/wp\/v2\/pages\/27\/revisions"}],"predecessor-version":[{"id":1704,"href":"https:\/\/catedras.facet.unt.edu.ar\/analisismii\/wp-json\/wp\/v2\/pages\/27\/revisions\/1704"}],"up":[{"embeddable":true,"href":"https:\/\/catedras.facet.unt.edu.ar\/analisismii\/wp-json\/wp\/v2\/pages\/317"}],"wp:attachment":[{"href":"https:\/\/catedras.facet.unt.edu.ar\/analisismii\/wp-json\/wp\/v2\/media?parent=27"}],"curies":[{"name":"wp","href":"https:\/\/api.w.org\/{rel}","templated":true}]}}