{"id":22,"date":"2016-05-20T11:36:04","date_gmt":"2016-05-20T14:36:04","guid":{"rendered":"http:\/\/www1.herrera.unt.edu.ar\/faceyt\/analisismii\/?page_id=22"},"modified":"2026-03-20T22:14:12","modified_gmt":"2026-03-21T01:14:12","slug":"novedades","status":"publish","type":"page","link":"https:\/\/catedras.facet.unt.edu.ar\/analisismii\/novedades\/","title":{"rendered":"Novedades"},"content":{"rendered":"<h1 style=\"text-align: left\">Inicio de clases primer cuatrimestre: <strong>\u00a0<\/strong><strong>\u00a0 \u00a0 \u00a0 \u00a0 \u00a0 \u00a0 \u00a0 \u00a0 \u00a0 \u00a0 <\/strong><\/h1>\n<h1 style=\"text-align: left\"><strong><span style=\"color: #0000ff\">\u00a0Lunes <\/span><\/strong><strong style=\"font-size: 16px\"><span style=\"color: #0000ff\">\u00a0<span style=\"font-size: 24pt\">18 de marzo de 2024, <\/span><\/span><\/strong><span style=\"font-size: 24pt\"><strong><span style=\"color: #0000ff\">\u00a0<\/span><span style=\"color: #0000ff\">8 hs. ,\u00a0\u00a0<\/span><span style=\"color: #0000ff\"> aula 2-4-6<\/span><\/strong><\/span><\/h1>\n<p>Quien tenga inter\u00e9s en cursar An\u00e1lisis Matem\u00e1tico II(AMII) para Profesorado \u00f3 Licenciatura en Matem\u00e1tica \u00f3 C\u00e1lculo Nivel III (CNIII) para Licenciatura en F\u00edsica \u00f3 T\u00e9cnico Universitario en F\u00edsica Ambiental(TUFA) debe leer <a href=\"https:\/\/catedras.facet.unt.edu.ar\/analisismii\/inicio\/regimen-para-cursar\/\">R\u00e9gimen para cursar<\/a> (haga click)<\/p>\n<h1 style=\"text-align: left\">Inicio de clases segundo cuatrimestre 2026:<\/h1>\n<h1><span style=\"color: #0000ff\">Mi\u00e9rcoles 19 de agosto , 8hs aula 2-4-6<\/span><\/h1>\n","protected":false},"excerpt":{"rendered":"<p>Inicio de clases primer cuatrimestre: \u00a0\u00a0 \u00a0 \u00a0 \u00a0 \u00a0 \u00a0 \u00a0 \u00a0 \u00a0 \u00a0 \u00a0Lunes \u00a018 de marzo de 2024, \u00a08 hs. ,\u00a0\u00a0 aula 2-4-6 Quien tenga inter\u00e9s en cursar An\u00e1lisis Matem\u00e1tico II(AMII) para Profesorado \u00f3 Licenciatura en Matem\u00e1tica \u00f3 C\u00e1lculo Nivel III (CNIII) para Licenciatura en F\u00edsica \u00f3 T\u00e9cnico Universitario en F\u00edsica Ambiental(TUFA) [&hellip;]<\/p>\n","protected":false},"author":175,"featured_media":0,"parent":0,"menu_order":100,"comment_status":"closed","ping_status":"closed","template":"","meta":[],"_links":{"self":[{"href":"https:\/\/catedras.facet.unt.edu.ar\/analisismii\/wp-json\/wp\/v2\/pages\/22"}],"collection":[{"href":"https:\/\/catedras.facet.unt.edu.ar\/analisismii\/wp-json\/wp\/v2\/pages"}],"about":[{"href":"https:\/\/catedras.facet.unt.edu.ar\/analisismii\/wp-json\/wp\/v2\/types\/page"}],"author":[{"embeddable":true,"href":"https:\/\/catedras.facet.unt.edu.ar\/analisismii\/wp-json\/wp\/v2\/users\/175"}],"replies":[{"embeddable":true,"href":"https:\/\/catedras.facet.unt.edu.ar\/analisismii\/wp-json\/wp\/v2\/comments?post=22"}],"version-history":[{"count":38,"href":"https:\/\/catedras.facet.unt.edu.ar\/analisismii\/wp-json\/wp\/v2\/pages\/22\/revisions"}],"predecessor-version":[{"id":1745,"href":"https:\/\/catedras.facet.unt.edu.ar\/analisismii\/wp-json\/wp\/v2\/pages\/22\/revisions\/1745"}],"wp:attachment":[{"href":"https:\/\/catedras.facet.unt.edu.ar\/analisismii\/wp-json\/wp\/v2\/media?parent=22"}],"curies":[{"name":"wp","href":"https:\/\/api.w.org\/{rel}","templated":true}]}}