{"id":20,"date":"2017-02-22T10:35:27","date_gmt":"2017-02-22T13:35:27","guid":{"rendered":"http:\/\/www1.herrera.unt.edu.ar\/faceyt\/analisismii\/?page_id=20"},"modified":"2026-03-20T22:06:11","modified_gmt":"2026-03-21T01:06:11","slug":"regimen-para-cursar","status":"publish","type":"page","link":"https:\/\/catedras.facet.unt.edu.ar\/analisismii\/inicio\/regimen-para-cursar\/","title":{"rendered":"R\u00e9gimen para cursar"},"content":{"rendered":"<h2>\u00a01er Cuatrimestre de 2026<\/h2>\n<h2>Comienzo de actividades:<\/h2>\n<h2>Lunes 16 de marzo, 8hs.,\u00a0 aula 2-4-6.<\/h2>\n<h2>Todos los alumnos que quieran cursar<\/h2>\n<h2>An\u00e1lisis Matem\u00e1tico II (AM II),<\/h2>\n<h2>C\u00e1lculo Nivel III (CNIII) para Licenciatura en F\u00edsica, T\u00e9cnico Universitario en F\u00edsica Ambiental (TUFA)<\/h2>\n<h2>deben enviar un mail a <span style=\"color: #0000ff\">contactoanalisismii@gmail.com<\/span><\/h2>\n<p><strong>con los siguientes datos:<\/strong><\/p>\n<p>Asunto: inscripci\u00f3n en &#8230;<\/p>\n<p>Apellido completo<\/p>\n<p>Nombre completo<\/p>\n<p>N\u00b0 de libreta \u00f3 CX \u00f3 DNI<\/p>\n<p>Carrera que cursa<\/p>\n<p>Mail donde desea recibir la informaci\u00f3n<\/p>\n<h2>Luego debe inscribirse en el SIU Guaran\u00ed.<\/h2>\n<p><span style=\"text-decoration: underline\"><strong>OBTENCI\u00d3N DE LA APROBACI\u00d3N DIRECTA<\/strong><\/span><\/p>\n<p>En cualquiera de estas asignaturas, el alumno debe tener la inscripci\u00f3n otorgada por SIU Guaran\u00ed antes de terminar el cursado, de lo contrario no se considerar\u00e1 como alumno de la asignatura.<\/p>\n<p>An\u00e1lisis Matem\u00e1tico II se promociona aprobando\u00a0 4 parciales dos de teor\u00eda y dos de pr\u00e1ctica. Cada parcial puede recuperarse s\u00f3lo una vez y por separado.<\/p>\n<p>C\u00e1lculo Nivel III y C\u00e1lculo Nivel IV se promocionan al aprobar, en cada asignatura, dos parciales, uno de pr\u00e1ctica y uno de teor\u00eda.<\/p>\n<p>La fecha de estas evaluaciones se notificar\u00e1n a los alumnos inscriptos y se publicar\u00e1n\u00a0 en el aula virtual.<\/p>\n<p>Cada parcial puede recuperarse s\u00f3lo una vez y por separado.<\/p>\n<p>La fecha de las recuperaciones se notificar\u00e1n a los alumnos inscriptos y se publicar\u00e1 en el aula virtual.<\/p>\n<p><strong>No se piden requisitos adicionales para presentarse a la recuperaci\u00f3n de un parcial.<\/strong><\/p>\n<p>ANTE CUALQUIER EVALUACI\u00d3N (PARCIALES, RECUPERACIONES Y EXAMEN FINAL) <strong>DEBE PRESENTAR <\/strong>\u00a0<strong>su DNI.<\/strong><\/p>\n","protected":false},"excerpt":{"rendered":"<p>\u00a01er Cuatrimestre de 2026 Comienzo de actividades: Lunes 16 de marzo, 8hs.,\u00a0 aula 2-4-6. Todos los alumnos que quieran cursar An\u00e1lisis Matem\u00e1tico II (AM II), C\u00e1lculo Nivel III (CNIII) para Licenciatura en F\u00edsica, T\u00e9cnico Universitario en F\u00edsica Ambiental (TUFA) deben enviar un mail a contactoanalisismii@gmail.com con los siguientes datos: Asunto: inscripci\u00f3n en &#8230; Apellido completo [&hellip;]<\/p>\n","protected":false},"author":175,"featured_media":0,"parent":317,"menu_order":30,"comment_status":"closed","ping_status":"closed","template":"","meta":[],"_links":{"self":[{"href":"https:\/\/catedras.facet.unt.edu.ar\/analisismii\/wp-json\/wp\/v2\/pages\/20"}],"collection":[{"href":"https:\/\/catedras.facet.unt.edu.ar\/analisismii\/wp-json\/wp\/v2\/pages"}],"about":[{"href":"https:\/\/catedras.facet.unt.edu.ar\/analisismii\/wp-json\/wp\/v2\/types\/page"}],"author":[{"embeddable":true,"href":"https:\/\/catedras.facet.unt.edu.ar\/analisismii\/wp-json\/wp\/v2\/users\/175"}],"replies":[{"embeddable":true,"href":"https:\/\/catedras.facet.unt.edu.ar\/analisismii\/wp-json\/wp\/v2\/comments?post=20"}],"version-history":[{"count":31,"href":"https:\/\/catedras.facet.unt.edu.ar\/analisismii\/wp-json\/wp\/v2\/pages\/20\/revisions"}],"predecessor-version":[{"id":1743,"href":"https:\/\/catedras.facet.unt.edu.ar\/analisismii\/wp-json\/wp\/v2\/pages\/20\/revisions\/1743"}],"up":[{"embeddable":true,"href":"https:\/\/catedras.facet.unt.edu.ar\/analisismii\/wp-json\/wp\/v2\/pages\/317"}],"wp:attachment":[{"href":"https:\/\/catedras.facet.unt.edu.ar\/analisismii\/wp-json\/wp\/v2\/media?parent=20"}],"curies":[{"name":"wp","href":"https:\/\/api.w.org\/{rel}","templated":true}]}}