{"id":1379,"date":"2024-06-11T16:31:51","date_gmt":"2024-06-11T19:31:51","guid":{"rendered":"https:\/\/catedras.facet.unt.edu.ar\/analisismii\/?page_id=1379"},"modified":"2026-03-20T22:33:28","modified_gmt":"2026-03-21T01:33:28","slug":"cronograma-2021","status":"publish","type":"page","link":"https:\/\/catedras.facet.unt.edu.ar\/analisismii\/cronograma-2021\/","title":{"rendered":"Cronograma 2026"},"content":{"rendered":"<p><strong style=\"font-size: 18.6667px\">Primer<\/strong><strong style=\"font-size: 14pt\">\u00a0Cuatrimestre 2026<\/strong><\/p>\n<p><strong><span style=\"color: #800080\">Primer parcial de CN III , s\u00f3lo pr\u00e1ctica, 24 de junio , 8hs. Lugar a confirmar.<\/span><\/strong><\/p>\n<p><strong><span style=\"color: #0000ff\">Segundo Parcial, de teor\u00eda, 27 de julio , 8hs, lugar a confirmar.<\/span><\/strong><\/p>\n<p style=\"text-align: center\">\n","protected":false},"excerpt":{"rendered":"<p>Primer\u00a0Cuatrimestre 2026 Primer parcial de CN III , s\u00f3lo pr\u00e1ctica, 24 de junio , 8hs. Lugar a confirmar. Segundo Parcial, de teor\u00eda, 27 de julio , 8hs, lugar a confirmar.<\/p>\n","protected":false},"author":175,"featured_media":0,"parent":0,"menu_order":50,"comment_status":"closed","ping_status":"closed","template":"","meta":[],"_links":{"self":[{"href":"https:\/\/catedras.facet.unt.edu.ar\/analisismii\/wp-json\/wp\/v2\/pages\/1379"}],"collection":[{"href":"https:\/\/catedras.facet.unt.edu.ar\/analisismii\/wp-json\/wp\/v2\/pages"}],"about":[{"href":"https:\/\/catedras.facet.unt.edu.ar\/analisismii\/wp-json\/wp\/v2\/types\/page"}],"author":[{"embeddable":true,"href":"https:\/\/catedras.facet.unt.edu.ar\/analisismii\/wp-json\/wp\/v2\/users\/175"}],"replies":[{"embeddable":true,"href":"https:\/\/catedras.facet.unt.edu.ar\/analisismii\/wp-json\/wp\/v2\/comments?post=1379"}],"version-history":[{"count":32,"href":"https:\/\/catedras.facet.unt.edu.ar\/analisismii\/wp-json\/wp\/v2\/pages\/1379\/revisions"}],"predecessor-version":[{"id":1750,"href":"https:\/\/catedras.facet.unt.edu.ar\/analisismii\/wp-json\/wp\/v2\/pages\/1379\/revisions\/1750"}],"wp:attachment":[{"href":"https:\/\/catedras.facet.unt.edu.ar\/analisismii\/wp-json\/wp\/v2\/media?parent=1379"}],"curies":[{"name":"wp","href":"https:\/\/api.w.org\/{rel}","templated":true}]}}