{"id":1249,"date":"2023-02-24T12:47:37","date_gmt":"2023-02-24T15:47:37","guid":{"rendered":"https:\/\/catedras.facet.unt.edu.ar\/analisismii\/?page_id=1249"},"modified":"2026-03-20T21:54:43","modified_gmt":"2026-03-21T00:54:43","slug":"instrucciones-para-rendir","status":"publish","type":"page","link":"https:\/\/catedras.facet.unt.edu.ar\/analisismii\/examenes-2020\/instrucciones-para-rendir\/","title":{"rendered":"Instrucciones para rendir"},"content":{"rendered":"<p><span style=\"color: #ff0000\">Las asignaturas de esta p\u00e1gina son s\u00f3lo para las carreras de Licenciatura y Profesorado en Matem\u00e1tica, Licenciatura en F\u00edsica, Bachiller Universitario en F\u00edsica y T\u00e9cnico Universitario en F\u00edsica Ambiental. <\/span><\/p>\n<p><span style=\"color: #ff0000\">NO INCLUYE CARRERAS DE INGENIERIA.<\/span><\/p>\n<p><strong><span style=\"color: #0000ff\">MODALIDAD para rendir\u00a0 AM II, CNIII y CNIV:<\/span><\/strong><\/p>\n<p>Se puede presentar s\u00f3lo el alumno habilitado por el SIU Guaran\u00ed. Debe inscribirse en tiempo y forma para aparecer en planilla del SIU guaran\u00ed.<\/p>\n<p>Para rendir examen \u00a0en mesas\u00a0 <strong>del a\u00f1o 2026<\/strong>, debe escribir un e-mail a:<\/p>\n<p><strong>contactoanalisismii@gmail.com\u00a0\u00a0<\/strong><\/p>\n<ul>\n<li>Indicar en asunto, si es regular o LIBRE.<\/li>\n<li>Dos d\u00edas antes a la fecha del examen, entre las 8 y las 12 hs\u00a0 \u00a0<strong>debe confirmar<\/strong> que se presentar\u00e1\u00a0 <strong>o avisar<\/strong> que no se presentar\u00e1 a <strong>contactoanalisismii@gmail.com<\/strong>.<\/li>\n<li>El examen requiere que se estudie teor\u00eda y pr\u00e1ctica, ya sea examen regular o LIBRE En la teor\u00eda deben estudiar las definiciones, con interpretaci\u00f3n geom\u00e9trica, las propiedades y teoremas con las demostraciones indicadas en el <a href=\"https:\/\/catedras.facet.unt.edu.ar\/analisismii\/inicio\/programa\/\">programa<\/a> de la asignatura.<\/li>\n<li>El examen es\u00a0 ESCRITO.<\/li>\n<\/ul>\n<div><\/div>\n<h5><\/h5>\n","protected":false},"excerpt":{"rendered":"<p>Las asignaturas de esta p\u00e1gina son s\u00f3lo para las carreras de Licenciatura y Profesorado en Matem\u00e1tica, Licenciatura en F\u00edsica, Bachiller Universitario en F\u00edsica y T\u00e9cnico Universitario en F\u00edsica Ambiental. NO INCLUYE CARRERAS DE INGENIERIA. MODALIDAD para rendir\u00a0 AM II, CNIII y CNIV: Se puede presentar s\u00f3lo el alumno habilitado por el SIU Guaran\u00ed. Debe inscribirse [&hellip;]<\/p>\n","protected":false},"author":175,"featured_media":0,"parent":1246,"menu_order":0,"comment_status":"closed","ping_status":"closed","template":"","meta":[],"_links":{"self":[{"href":"https:\/\/catedras.facet.unt.edu.ar\/analisismii\/wp-json\/wp\/v2\/pages\/1249"}],"collection":[{"href":"https:\/\/catedras.facet.unt.edu.ar\/analisismii\/wp-json\/wp\/v2\/pages"}],"about":[{"href":"https:\/\/catedras.facet.unt.edu.ar\/analisismii\/wp-json\/wp\/v2\/types\/page"}],"author":[{"embeddable":true,"href":"https:\/\/catedras.facet.unt.edu.ar\/analisismii\/wp-json\/wp\/v2\/users\/175"}],"replies":[{"embeddable":true,"href":"https:\/\/catedras.facet.unt.edu.ar\/analisismii\/wp-json\/wp\/v2\/comments?post=1249"}],"version-history":[{"count":34,"href":"https:\/\/catedras.facet.unt.edu.ar\/analisismii\/wp-json\/wp\/v2\/pages\/1249\/revisions"}],"predecessor-version":[{"id":1741,"href":"https:\/\/catedras.facet.unt.edu.ar\/analisismii\/wp-json\/wp\/v2\/pages\/1249\/revisions\/1741"}],"up":[{"embeddable":true,"href":"https:\/\/catedras.facet.unt.edu.ar\/analisismii\/wp-json\/wp\/v2\/pages\/1246"}],"wp:attachment":[{"href":"https:\/\/catedras.facet.unt.edu.ar\/analisismii\/wp-json\/wp\/v2\/media?parent=1249"}],"curies":[{"name":"wp","href":"https:\/\/api.w.org\/{rel}","templated":true}]}}