{"id":37,"date":"2014-08-12T11:49:09","date_gmt":"2014-08-12T14:49:09","guid":{"rendered":"https:\/\/catedras.facet.unt.edu.ar\/analisismi\/home\/"},"modified":"2018-12-05T21:09:56","modified_gmt":"2018-12-06T00:09:56","slug":"home","status":"publish","type":"page","link":"https:\/\/catedras.facet.unt.edu.ar\/analisismi\/","title":{"rendered":"Home"},"content":{"rendered":"<div id=\"pl-37\"  class=\"panel-layout\" ><div id=\"pg-37-0\"  class=\"panel-grid panel-has-style\" ><div class=\"wide-grey panel-row-style panel-row-style-for-37-0\" ><div id=\"pgc-37-0-0\"  class=\"panel-grid-cell\" ><div id=\"panel-37-0-0-0\" class=\"so-panel widget widget_headline-widget panel-first-child panel-last-child\" data-index=\"0\" >\t\t<h1>AN\u00c1LISIS MATEM\u00c1TICO I<\/h1>\n\t\t<div class=\"decoration\"><div class=\"decoration-inside\"><\/div><\/div>\n\t\t<h3>Bienvenidos a la p\u00e1gina oficial de la materia An\u00e1lisis Matem\u00e1tico I<\/h3>\n\t\t<\/div><\/div><\/div><\/div><\/div>","protected":false},"excerpt":{"rendered":"<p>AN\u00c1LISIS MATEM\u00c1TICO I Bienvenidos a la p\u00e1gina oficial de la materia An\u00e1lisis Matem\u00e1tico I<\/p>\n","protected":false},"author":1,"featured_media":0,"parent":0,"menu_order":0,"comment_status":"closed","ping_status":"open","template":"home-panels.php","meta":[],"_links":{"self":[{"href":"https:\/\/catedras.facet.unt.edu.ar\/analisismi\/wp-json\/wp\/v2\/pages\/37"}],"collection":[{"href":"https:\/\/catedras.facet.unt.edu.ar\/analisismi\/wp-json\/wp\/v2\/pages"}],"about":[{"href":"https:\/\/catedras.facet.unt.edu.ar\/analisismi\/wp-json\/wp\/v2\/types\/page"}],"author":[{"embeddable":true,"href":"https:\/\/catedras.facet.unt.edu.ar\/analisismi\/wp-json\/wp\/v2\/users\/1"}],"replies":[{"embeddable":true,"href":"https:\/\/catedras.facet.unt.edu.ar\/analisismi\/wp-json\/wp\/v2\/comments?post=37"}],"version-history":[{"count":1,"href":"https:\/\/catedras.facet.unt.edu.ar\/analisismi\/wp-json\/wp\/v2\/pages\/37\/revisions"}],"predecessor-version":[{"id":48,"href":"https:\/\/catedras.facet.unt.edu.ar\/analisismi\/wp-json\/wp\/v2\/pages\/37\/revisions\/48"}],"wp:attachment":[{"href":"https:\/\/catedras.facet.unt.edu.ar\/analisismi\/wp-json\/wp\/v2\/media?parent=37"}],"curies":[{"name":"wp","href":"https:\/\/api.w.org\/{rel}","templated":true}]}}