{"id":97,"date":"2019-10-21T15:24:58","date_gmt":"2019-10-21T18:24:58","guid":{"rendered":"https:\/\/catedras.facet.unt.edu.ar\/ai-facet\/?page_id=97"},"modified":"2020-03-18T17:21:03","modified_gmt":"2020-03-18T20:21:03","slug":"calendario","status":"publish","type":"page","link":"https:\/\/catedras.facet.unt.edu.ar\/ai-facet\/es\/calendario\/","title":{"rendered":"Programa"},"content":{"rendered":"<div id=\"pl-97\"  class=\"panel-layout\" ><div id=\"pg-97-0\"  class=\"panel-grid panel-no-style\" ><div id=\"pgc-97-0-0\"  class=\"panel-grid-cell\" ><div id=\"panel-97-0-0-0\" class=\"so-panel widget widget_sow-editor panel-first-child panel-last-child\" data-index=\"0\" ><div\n\t\t\t\n\t\t\tclass=\"so-widget-sow-editor so-widget-sow-editor-base\"\n\t\t\t\n\t\t>\n<div class=\"siteorigin-widget-tinymce textwidget\">\n\t<table width=\"696\" cellspacing=\"0\" cellpadding=\"4\">\n<colgroup>\n<col width=\"88\" \/>\n<col width=\"89\" \/> <\/colgroup>\n<colgroup>\n<col width=\"495\" \/> <\/colgroup>\n<tbody>\n<tr>\n<td width=\"88\"><\/td>\n<td colspan=\"2\" width=\"592\"><b>Lunes<\/b><b> 0<\/b><b>2<\/b><b>\/Marzo <\/b><\/td>\n<\/tr>\n<\/tbody>\n<tbody>\n<tr>\n<td width=\"88\">08.30-09.30<\/td>\n<td colspan=\"2\" width=\"592\">Acreditaciones<\/td>\n<\/tr>\n<\/tbody>\n<tbody>\n<tr>\n<td width=\"88\">09.30 \u2013 10.00<\/td>\n<td width=\"89\">Dr. Miguel A. Cabrera<\/td>\n<td width=\"495\">Bienvenida al Workshop<\/td>\n<\/tr>\n<\/tbody>\n<tbody>\n<tr>\n<td width=\"88\">10.00 \u2013 10.30<\/td>\n<td width=\"89\">Dr. Natalio Krasnogor<\/td>\n<td width=\"495\">[Charla invitada]<\/p>\n<p>\"Inteligencia Computacional: Pedes in terra ad sidera visus\"<\/p>\n<\/td>\n<\/tr>\n<\/tbody>\n<tbody>\n<tr>\n<td colspan=\"3\" width=\"688\">10.30 \u2013 11.30 COFFEE BREAK + Networking<\/td>\n<\/tr>\n<\/tbody>\n<tbody>\n<tr>\n<td width=\"88\">11.30 -12.00<\/td>\n<td width=\"89\">Graciela Molina<\/td>\n<td width=\"495\">Investigaciones en el LabCC<\/td>\n<\/tr>\n<\/tbody>\n<tbody>\n<tr>\n<td colspan=\"3\" width=\"688\">12.00 \u2013 15.00 ALMUERZO<\/td>\n<\/tr>\n<\/tbody>\n<tbody>\n<tr>\n<td width=\"88\">15.00- 16.45<\/td>\n<td width=\"89\">Dr. Natalio Krasnogor<\/td>\n<td width=\"495\"><strong>[Escuela AI]<\/strong><\/p>\n<p>Inteligencia Computacional para Problemas de Optimizaci\u00f3n Complejos<\/p>\n<\/td>\n<\/tr>\n<\/tbody>\n<tbody>\n<tr>\n<td colspan=\"3\" width=\"688\">16.45 \u2013 17.15 COFFEE BREAK<\/td>\n<\/tr>\n<\/tbody>\n<tbody>\n<tr>\n<td width=\"88\">17. 15. 19 hs<\/td>\n<td width=\"89\">Dr. Natalio Krasnogor<\/td>\n<td width=\"495\"><strong>[Escuela AI]<\/strong><\/p>\n<p>Inteligencia Computacional para Problemas de Optimizaci\u00f3n Complejos<\/p>\n<\/td>\n<\/tr>\n<\/tbody>\n<tbody>\n<tr>\n<td width=\"88\"><\/td>\n<td colspan=\"2\" width=\"592\"><\/td>\n<\/tr>\n<tr>\n<td width=\"88\"><\/td>\n<td colspan=\"2\" width=\"592\"><b>Martes 03\/Marzo <\/b><\/td>\n<\/tr>\n<\/tbody>\n<tbody>\n<tr>\n<td width=\"88\">09.00 \u2013 09.30<\/td>\n<td width=\"89\">Santiago Feraud<\/td>\n<td width=\"495\"><a href=\"http:\/\/shorturl.at\/CDGIJ\">Ciencia de Datos orientada a negocios: Recommendations @ MeLi<\/a><\/td>\n<\/tr>\n<\/tbody>\n<tbody>\n<tr>\n<td width=\"88\">09.30 -10.00<\/td>\n<td width=\"89\">Pablo Alcain<\/td>\n<td width=\"495\"><a href=\"http:\/\/shorturl.at\/glqru\">La ciencia en la ciencia de datos - Machine Learning para la agricultura<\/a><\/td>\n<\/tr>\n<\/tbody>\n<tbody>\n<tr>\n<td width=\"88\">10.00 \u2013 10.30<\/td>\n<td width=\"89\">Elbio Zapata, Martin B.Menas<\/td>\n<td width=\"495\"><a href=\"http:\/\/shorturl.at\/amwzD\">Usando aprendizaje autom\u00e1tico en e-commerce para detecci\u00f3n de productos falsificados<\/a><\/td>\n<\/tr>\n<\/tbody>\n<tbody>\n<tr>\n<td colspan=\"3\" width=\"688\">10.30 \u2013 11.00 \u2013 COFFEE BREAK<\/td>\n<\/tr>\n<\/tbody>\n<tbody>\n<tr>\n<td width=\"88\">11.00 \u2013 11.30<\/td>\n<td width=\"89\">Eduardo Xamena<\/td>\n<td width=\"495\"><a href=\"http:\/\/shorturl.at\/bewMN\">Avances en la Clasificaci\u00f3n Automatizada de Denuncias Policiales mediante Aprendizaje Automatizado y Modelos de Lenguaje<\/a><\/td>\n<\/tr>\n<\/tbody>\n<tbody>\n<tr>\n<td width=\"88\">11.30 \u2013 12.00<\/td>\n<td width=\"89\">Eduardo Xamena<\/td>\n<td width=\"495\"><a href=\"http:\/\/shorturl.at\/kCMOX\">Plataforma de Reconocimiento de Documentos Manuscritos Hist\u00f3ricos para Miner\u00eda de Textos<\/a><\/td>\n<\/tr>\n<\/tbody>\n<tbody>\n<tr>\n<td colspan=\"3\" width=\"688\">12.00 \u2013 15.00 ALMUERZO<\/td>\n<\/tr>\n<\/tbody>\n<tbody>\n<tr>\n<td width=\"88\">15.00- 16.45<\/td>\n<td width=\"89\">Dr. Natalio Krasnogor<\/td>\n<td width=\"495\"><strong>[Escuela AI]<\/strong><\/p>\n<p>Inteligencia Computacional para Problemas de Optimizaci\u00f3n Complejos<\/p>\n<\/td>\n<\/tr>\n<\/tbody>\n<tbody>\n<tr>\n<td colspan=\"3\" width=\"688\">16.45 \u2013 17.15 COFFEE BREAK<\/td>\n<\/tr>\n<\/tbody>\n<tbody>\n<tr>\n<td width=\"88\">17. 15 - 19 hs<\/td>\n<td width=\"89\">Dr. Natalio Krasnogor<\/td>\n<td width=\"495\"><strong>[Escuela AI]<\/strong><\/p>\n<p>Inteligencia Computacional para Problemas de Optimizaci\u00f3n Complejos<\/p>\n<\/td>\n<\/tr>\n<\/tbody>\n<tbody>\n<tr>\n<td colspan=\"3\" width=\"688\"><\/td>\n<\/tr>\n<tr>\n<td width=\"88\"><\/td>\n<td colspan=\"2\" width=\"592\"><b>Mi<\/b><b>\u00e9<\/b><b>rcoles 04\/Marzo<\/b><\/td>\n<\/tr>\n<\/tbody>\n<tbody>\n<tr>\n<td width=\"88\">09.00-09.30<\/td>\n<td width=\"89\">Hern\u00e1n C\u00e9sar Ahumada<\/td>\n<td width=\"495\"><a href=\"http:\/\/shorturl.at\/bnHLQ\">Chatbot de atenci\u00f3n a ingresantes en la Facultad de Tecnolog\u00eda y Ciencias Aplicadas de la Universidad Nacional de Catamarca<\/a><\/td>\n<\/tr>\n<\/tbody>\n<tbody>\n<tr>\n<td width=\"88\">09.30 \u2013 10.00<\/td>\n<td width=\"89\">Javier Bernal<\/td>\n<td width=\"495\"><a href=\"http:\/\/shorturl.at\/brFH8\">Identificaci\u00f3n de Muones Usando Deep Learning<\/a><\/td>\n<\/tr>\n<\/tbody>\n<tbody>\n<tr>\n<td width=\"88\">10.00 \u2013 10.30<\/td>\n<td width=\"89\">Matias Verdun<\/p>\n<p>Felix Morales<\/p>\n<\/td>\n<td width=\"495\"><a href=\"http:\/\/shorturl.at\/dhqr6\">Modelos de redes neuronales basadas en LSTM para el pron\u00f3stico de la demanda el\u00e9ctrica: Comparaci\u00f3n con enfoques estad\u00edsticos y de aprendizaje autom\u00e1tico.<\/a><\/td>\n<\/tr>\n<\/tbody>\n<tbody>\n<tr>\n<td colspan=\"3\" width=\"688\">10.30 \u2013 11.00 \u2013 COFFEE BREAK<\/td>\n<\/tr>\n<\/tbody>\n<tbody>\n<tr>\n<td width=\"88\">11.00 \u2013 12.00<\/td>\n<td width=\"89\">Cecilia Jarne, Pablo Alcain<\/td>\n<td width=\"495\">[Mini curso]<\/p>\n<p><a href=\"http:\/\/shorturl.at\/uyMR5\">Una introducci\u00f3n amistosa sobre redes neuronales y el uso de Keras<\/a><\/p>\n<\/td>\n<\/tr>\n<\/tbody>\n<tbody>\n<tr>\n<td colspan=\"3\" width=\"688\">12.00 \u2013 15.00 ALMUERZO<\/td>\n<\/tr>\n<\/tbody>\n<tbody>\n<tr>\n<td width=\"88\">15.00- 16.45<\/td>\n<td width=\"89\">Dr. Jaume Bacardit<\/td>\n<td width=\"495\"><strong>[Escuela AI<\/strong><strong>]<\/strong><\/p>\n<p>Introducci\u00f3n a Machine Learning<\/p>\n<\/td>\n<\/tr>\n<\/tbody>\n<tbody>\n<tr>\n<td colspan=\"3\" width=\"688\">16.45 \u2013 17.15 COFFEE BREAK<\/td>\n<\/tr>\n<\/tbody>\n<tbody>\n<tr>\n<td width=\"88\">17. 15 - 19 hs<\/td>\n<td width=\"89\">Dr. Jaume Bacardit<\/td>\n<td width=\"495\"><strong>[Escuela AI]<\/strong><\/p>\n<p>Introducci\u00f3n a Machine Learning<\/p>\n<\/td>\n<\/tr>\n<\/tbody>\n<tbody>\n<tr>\n<td colspan=\"3\" width=\"688\"><\/td>\n<\/tr>\n<tr>\n<td width=\"88\"><\/td>\n<td colspan=\"2\" width=\"592\"><b>Jueves 05\/Marzo<\/b><\/td>\n<\/tr>\n<\/tbody>\n<tbody>\n<tr>\n<td width=\"88\">09.00 \u2013 10.00<\/td>\n<td width=\"89\">Cecilia Jarne, Pablo Alcain<\/td>\n<td width=\"495\">[Mini curso]<\/p>\n<p><a href=\"http:\/\/shorturl.at\/rMO02\">Una introducci\u00f3n amistosa sobre redes neuronales y el uso de Keras<\/a><\/p>\n<\/td>\n<\/tr>\n<\/tbody>\n<tbody>\n<tr>\n<td width=\"88\">10.00 \u2013 10.30<\/td>\n<td width=\"89\">Osvaldo Martin<\/td>\n<td width=\"495\">[Charla Invitada]<\/p>\n<p><a href=\"http:\/\/shorturl.at\/xEK36\">All About that Bayes<\/a><\/p>\n<\/td>\n<\/tr>\n<\/tbody>\n<tbody>\n<tr>\n<td colspan=\"3\" width=\"688\">10.30 \u2013 11.00 \u2013 COFFEE BREAK<\/td>\n<\/tr>\n<\/tbody>\n<tbody>\n<tr>\n<td width=\"88\">11.00 \u2013 11.30<\/td>\n<td width=\"89\">Cecilia Jarne<\/td>\n<td width=\"495\"><a href=\"http:\/\/shorturl.at\/cekA8\">Estudios sobre redes recurrentes usadas para modelar tareas en el cortex cerebral<\/a><\/td>\n<\/tr>\n<\/tbody>\n<tbody>\n<tr>\n<td width=\"88\">11.30 - 12.00<\/td>\n<td width=\"89\">Osvaldo Mat\u00edas Velarde<\/td>\n<td width=\"495\"><a href=\"http:\/\/shorturl.at\/cGJK6\">Aprendizaje por refuerzo como un esquema de control en estimulaci\u00f3n cerebral profund<\/a>a.<\/td>\n<\/tr>\n<\/tbody>\n<tbody>\n<tr>\n<td width=\"88\">12.00 \u2013 12.30<\/td>\n<td width=\"89\">Lucca Dellazoppa<\/td>\n<td width=\"495\"><a href=\"http:\/\/shorturl.at\/jtMZ0\">Un enfoque de aprendizaje profundo para la cuantificaci\u00f3n de la funci\u00f3n cardiaca<\/a><\/td>\n<\/tr>\n<\/tbody>\n<tbody>\n<tr>\n<td colspan=\"3\" width=\"688\">12.30 \u2013 15.00 ALMUERZO<\/td>\n<\/tr>\n<\/tbody>\n<tbody>\n<tr>\n<td width=\"88\">15.00- 16.45<\/td>\n<td width=\"89\">Dr. Jaume Bacardit<\/td>\n<td width=\"495\"><strong>[Escuela AI<\/strong><strong>]<\/strong><\/p>\n<p>Introducci\u00f3n a Machine Learning<\/p>\n<\/td>\n<\/tr>\n<\/tbody>\n<tbody>\n<tr>\n<td colspan=\"3\" width=\"688\">16.45 \u2013 17.15 COFFEE BREAK<\/td>\n<\/tr>\n<\/tbody>\n<tbody>\n<tr>\n<td width=\"88\">17. 15 - 19 hs<\/td>\n<td width=\"89\">Dr. Jaume Bacardit<\/td>\n<td width=\"495\"><strong>[Escuela AI]<\/strong><\/p>\n<p>Introducci\u00f3n a Machine Learning<\/p>\n<\/td>\n<\/tr>\n<\/tbody>\n<tbody>\n<tr>\n<td colspan=\"3\" width=\"688\"><\/td>\n<\/tr>\n<tr>\n<td width=\"88\"><\/td>\n<td colspan=\"2\" width=\"592\"><b>Viernes 06\/Marzo<\/b><\/td>\n<\/tr>\n<\/tbody>\n<tbody>\n<tr>\n<td width=\"88\">09.00 \u2013 10.30<\/td>\n<td width=\"89\">Cecilia Jarne, Pablo Alcain<\/td>\n<td width=\"495\">[Mini curso]<\/p>\n<p><a href=\"http:\/\/shorturl.at\/sEIV3\">Una introducci\u00f3n amistosa sobre redes neuronales y el uso de Keras<\/a><\/p>\n<\/td>\n<\/tr>\n<\/tbody>\n<tbody>\n<tr>\n<td colspan=\"3\" width=\"688\">10.30 \u2013 11.00 \u2013 COFFEE BREAK<\/td>\n<\/tr>\n<\/tbody>\n<tbody>\n<tr>\n<td width=\"88\">11.00 \u2013 11.30<\/td>\n<td width=\"89\">Dr. Jaume Bacardit<\/td>\n<td width=\"495\">[Charla invitada]<\/p>\n<p>Una estrategia basada en aprendizaje autom\u00e1tico para la selecci\u00f3n de participantes en estudios cl\u00ednicos<\/p>\n<\/td>\n<\/tr>\n<\/tbody>\n<tbody>\n<tr>\n<td width=\"88\">11.30 -12.00<\/td>\n<td width=\"89\">Dr. Ariel Hern\u00e1n Curiale<\/td>\n<td width=\"495\">[Charla invitada]<\/p>\n<p><a href=\"http:\/\/shorturl.at\/atDR2\">Cuantificaci\u00f3n de im\u00e1genes m\u00e9dicas mediante el uso de t\u00e9cnicas de inteligencia artificial<\/a><\/p>\n<\/td>\n<\/tr>\n<\/tbody>\n<tbody>\n<tr>\n<td width=\"88\">12.00 - 12.30<\/td>\n<td width=\"89\">Fundaci\u00f3n Sadosky<\/td>\n<td width=\"495\"><a href=\"http:\/\/shorturl.at\/iuC38\">Programa Ciencia de Datos \u2013 Fundaci\u00f3n Sadosky +<\/a><\/p>\n<p>Entrega de premios competencia<\/p>\n<\/td>\n<\/tr>\n<\/tbody>\n<tbody>\n<tr>\n<td colspan=\"3\" width=\"688\">12.30 \u2013 15.00 ALMUERZO<\/td>\n<\/tr>\n<\/tbody>\n<tbody>\n<tr>\n<td width=\"88\">15.00- 16.45<\/td>\n<td width=\"89\">Dr. Jaume Bacardit<\/td>\n<td width=\"495\"><strong>[Escuela AI<\/strong><strong>]<\/strong><\/p>\n<p>Introducci\u00f3n a Machine Learning<\/p>\n<\/td>\n<\/tr>\n<\/tbody>\n<tbody>\n<tr>\n<td colspan=\"3\" width=\"688\">16.45 \u2013 17.15 COFFEE BREAK<\/td>\n<\/tr>\n<\/tbody>\n<tbody>\n<tr>\n<td width=\"88\">17. 15 - 19 hs<\/td>\n<td width=\"89\">Dr. Jaume Bacardit<\/td>\n<td width=\"495\"><strong>[Escuela AI]<\/strong><\/p>\n<p>Introducci\u00f3n a Machine Learning<\/p>\n<\/td>\n<\/tr>\n<\/tbody>\n<tbody>\n<tr>\n<td colspan=\"3\" width=\"688\"><\/td>\n<\/tr>\n<\/tbody>\n<\/table>\n<p>&nbsp;<\/p>\n<\/div>\n<\/div><\/div><\/div><div id=\"pgc-97-0-1\"  class=\"panel-grid-cell\" ><div id=\"panel-97-0-1-0\" class=\"so-panel widget widget_sow-editor panel-first-child panel-last-child\" data-index=\"1\" ><div\n\t\t\t\n\t\t\tclass=\"so-widget-sow-editor so-widget-sow-editor-base\"\n\t\t\t\n\t\t><h3 class=\"widget-title\">Charlas invitadas<\/h3>\n<div class=\"siteorigin-widget-tinymce textwidget\">\n\t<p><img loading=\"lazy\" class=\"wp-image-472 size-full aligncenter\" src=\"https:\/\/catedras.facet.unt.edu.ar\/ai-facet\/wp-content\/uploads\/sites\/135\/2019\/12\/charla-Osvaldo-Web.jpg\" alt=\"\" width=\"800\" height=\"800\" srcset=\"https:\/\/catedras.facet.unt.edu.ar\/ai-facet\/wp-content\/uploads\/sites\/135\/2019\/12\/charla-Osvaldo-Web.jpg 800w, https:\/\/catedras.facet.unt.edu.ar\/ai-facet\/wp-content\/uploads\/sites\/135\/2019\/12\/charla-Osvaldo-Web-150x150.jpg 150w, https:\/\/catedras.facet.unt.edu.ar\/ai-facet\/wp-content\/uploads\/sites\/135\/2019\/12\/charla-Osvaldo-Web-300x300.jpg 300w, https:\/\/catedras.facet.unt.edu.ar\/ai-facet\/wp-content\/uploads\/sites\/135\/2019\/12\/charla-Osvaldo-Web-768x768.jpg 768w\" sizes=\"(max-width: 800px) 100vw, 800px\" \/><\/p>\n<p>&nbsp;<\/p>\n<p><img loading=\"lazy\" class=\"size-full wp-image-551 aligncenter\" src=\"https:\/\/catedras.facet.unt.edu.ar\/ai-facet\/wp-content\/uploads\/sites\/135\/2020\/02\/ArielCuriale-esp.png\" alt=\"\" width=\"800\" height=\"800\" srcset=\"https:\/\/catedras.facet.unt.edu.ar\/ai-facet\/wp-content\/uploads\/sites\/135\/2020\/02\/ArielCuriale-esp.png 800w, https:\/\/catedras.facet.unt.edu.ar\/ai-facet\/wp-content\/uploads\/sites\/135\/2020\/02\/ArielCuriale-esp-150x150.png 150w, https:\/\/catedras.facet.unt.edu.ar\/ai-facet\/wp-content\/uploads\/sites\/135\/2020\/02\/ArielCuriale-esp-300x300.png 300w, https:\/\/catedras.facet.unt.edu.ar\/ai-facet\/wp-content\/uploads\/sites\/135\/2020\/02\/ArielCuriale-esp-768x768.png 768w\" sizes=\"(max-width: 800px) 100vw, 800px\" \/><\/p>\n<p><img loading=\"lazy\" class=\"size-full wp-image-552 aligncenter\" src=\"https:\/\/catedras.facet.unt.edu.ar\/ai-facet\/wp-content\/uploads\/sites\/135\/2020\/02\/WTPC.png\" alt=\"\" width=\"800\" height=\"800\" srcset=\"https:\/\/catedras.facet.unt.edu.ar\/ai-facet\/wp-content\/uploads\/sites\/135\/2020\/02\/WTPC.png 800w, https:\/\/catedras.facet.unt.edu.ar\/ai-facet\/wp-content\/uploads\/sites\/135\/2020\/02\/WTPC-150x150.png 150w, https:\/\/catedras.facet.unt.edu.ar\/ai-facet\/wp-content\/uploads\/sites\/135\/2020\/02\/WTPC-300x300.png 300w, https:\/\/catedras.facet.unt.edu.ar\/ai-facet\/wp-content\/uploads\/sites\/135\/2020\/02\/WTPC-768x768.png 768w\" sizes=\"(max-width: 800px) 100vw, 800px\" \/><\/p>\n<p>&nbsp;<\/p>\n<\/div>\n<\/div><\/div><\/div><\/div><\/div>","protected":false},"excerpt":{"rendered":"<p>Lunes 02\/Marzo 08.30-09.30 Acreditaciones 09.30 \u2013 10.00 Dr. Miguel A. Cabrera Bienvenida al Workshop 10.00 \u2013 10.30 Dr. Natalio Krasnogor [Charla invitada] \u00abInteligencia Computacional: Pedes in terra ad sidera visus\u00bb 10.30 \u2013 11.30 COFFEE BREAK + Networking 11.30 -12.00 Graciela Molina Investigaciones en el LabCC 12.00 \u2013 15.00 ALMUERZO 15.00- 16.45 Dr. Natalio Krasnogor [Escuela [&hellip;]<\/p>\n","protected":false},"author":122,"featured_media":0,"parent":0,"menu_order":0,"comment_status":"closed","ping_status":"closed","template":"","meta":[],"_links":{"self":[{"href":"https:\/\/catedras.facet.unt.edu.ar\/ai-facet\/wp-json\/wp\/v2\/pages\/97"}],"collection":[{"href":"https:\/\/catedras.facet.unt.edu.ar\/ai-facet\/wp-json\/wp\/v2\/pages"}],"about":[{"href":"https:\/\/catedras.facet.unt.edu.ar\/ai-facet\/wp-json\/wp\/v2\/types\/page"}],"author":[{"embeddable":true,"href":"https:\/\/catedras.facet.unt.edu.ar\/ai-facet\/wp-json\/wp\/v2\/users\/122"}],"replies":[{"embeddable":true,"href":"https:\/\/catedras.facet.unt.edu.ar\/ai-facet\/wp-json\/wp\/v2\/comments?post=97"}],"version-history":[{"count":22,"href":"https:\/\/catedras.facet.unt.edu.ar\/ai-facet\/wp-json\/wp\/v2\/pages\/97\/revisions"}],"predecessor-version":[{"id":582,"href":"https:\/\/catedras.facet.unt.edu.ar\/ai-facet\/wp-json\/wp\/v2\/pages\/97\/revisions\/582"}],"wp:attachment":[{"href":"https:\/\/catedras.facet.unt.edu.ar\/ai-facet\/wp-json\/wp\/v2\/media?parent=97"}],"curies":[{"name":"wp","href":"https:\/\/api.w.org\/{rel}","templated":true}]}}