{"id":82,"date":"2019-10-21T10:31:36","date_gmt":"2019-10-21T13:31:36","guid":{"rendered":"https:\/\/catedras.facet.unt.edu.ar\/ai-facet\/?page_id=82"},"modified":"2020-03-18T17:31:00","modified_gmt":"2020-03-18T20:31:00","slug":"inicio","status":"publish","type":"page","link":"https:\/\/catedras.facet.unt.edu.ar\/ai-facet\/es\/inicio\/","title":{"rendered":"Inicio"},"content":{"rendered":"<div id=\"pl-82\"  class=\"panel-layout\" ><div id=\"pg-82-0\"  class=\"panel-grid panel-no-style\" ><div id=\"pgc-82-0-0\"  class=\"panel-grid-cell\" ><div id=\"panel-82-0-0-0\" class=\"so-panel widget widget_nav_menu panel-first-child panel-last-child\" data-index=\"0\" ><div id=\"menu-especial\" class=\"panel-widget-style panel-widget-style-for-82-0-0-0\" ><h3 class=\"widget-title\">Vinculos Importantes<\/h3><div class=\"menu-menu-lateral-es-container\"><ul id=\"menu-menu-lateral-es\" class=\"menu\"><li id=\"menu-item-73\" class=\"menu-item menu-item-type-custom menu-item-object-custom menu-item-73\"><a href=\"https:\/\/twitter.com\/iafacet\">TW Anuncios<\/a><\/li>\n<li id=\"menu-item-74\" class=\"menu-item menu-item-type-custom menu-item-object-custom menu-item-74\"><a href=\"https:\/\/catedras.facet.unt.edu.ar\/ai-facet\/wp-content\/uploads\/sites\/135\/2020\/01\/posterwsia.jpeg\">Poster<\/a><\/li>\n<li id=\"menu-item-75\" class=\"menu-item menu-item-type-custom menu-item-object-custom menu-item-home menu-item-75\"><a href=\"https:\/\/catedras.facet.unt.edu.ar\/ai-facet\/\">Fotos<\/a><\/li>\n<li id=\"menu-item-135\" class=\"menu-item menu-item-type-custom menu-item-object-custom menu-item-135\"><a href=\"https:\/\/drive.google.com\/file\/d\/11-w0nwhKNnJf4stHYF0iAGJX5zOdHgNr\/view?usp=sharing\">Codigo de Conducta<\/a><\/li>\n<\/ul><\/div><\/div><\/div><\/div><div id=\"pgc-82-0-1\"  class=\"panel-grid-cell\" ><div id=\"panel-82-0-1-0\" class=\"so-panel widget widget_sow-image panel-first-child panel-last-child\" data-index=\"1\" ><div\n\t\t\t\n\t\t\tclass=\"so-widget-sow-image so-widget-sow-image-default-17bc2272b535-82\"\n\t\t\t\n\t\t>\n\n<div class=\"sow-image-container\">\n\t\t<img src=\"https:\/\/catedras.facet.unt.edu.ar\/ai-facet\/wp-content\/uploads\/sites\/135\/2019\/10\/ai-brain-fade-1.png\" width=\"733\" height=\"280\" srcset=\"https:\/\/catedras.facet.unt.edu.ar\/ai-facet\/wp-content\/uploads\/sites\/135\/2019\/10\/ai-brain-fade-1.png 733w, https:\/\/catedras.facet.unt.edu.ar\/ai-facet\/wp-content\/uploads\/sites\/135\/2019\/10\/ai-brain-fade-1-300x115.png 300w\" sizes=\"(max-width: 733px) 100vw, 733px\" title=\"ai-brain-fade\" alt=\"\" loading=\"lazy\" \t\tclass=\"so-widget-image\"\/>\n\t<\/div>\n\n<\/div><\/div><\/div><\/div><div id=\"pg-82-1\"  class=\"panel-grid panel-has-style\" ><div style=\"background-color: #ffffff; \" class=\"panel-row-style panel-row-style-for-82-1\" ><div id=\"pgc-82-1-0\"  class=\"panel-grid-cell\" ><div id=\"panel-82-1-0-0\" class=\"so-panel widget widget_sow-editor panel-first-child panel-last-child\" data-index=\"2\" ><div\n\t\t\t\n\t\t\tclass=\"so-widget-sow-editor so-widget-sow-editor-base\"\n\t\t\t\n\t\t><h3 class=\"widget-title\">+ NOTICIAS<\/h3>\n<div class=\"siteorigin-widget-tinymce textwidget\">\n\t<p><img loading=\"lazy\" class=\"wp-image-322 alignnone\" src=\"https:\/\/catedras.facet.unt.edu.ar\/ai-facet\/wp-content\/uploads\/sites\/135\/2019\/10\/ai-icon-512px.png\" alt=\"\" width=\"26\" height=\"26\" srcset=\"https:\/\/catedras.facet.unt.edu.ar\/ai-facet\/wp-content\/uploads\/sites\/135\/2019\/10\/ai-icon-512px.png 512w, https:\/\/catedras.facet.unt.edu.ar\/ai-facet\/wp-content\/uploads\/sites\/135\/2019\/10\/ai-icon-512px-150x150.png 150w, https:\/\/catedras.facet.unt.edu.ar\/ai-facet\/wp-content\/uploads\/sites\/135\/2019\/10\/ai-icon-512px-300x300.png 300w\" sizes=\"(max-width: 26px) 100vw, 26px\" \/><\/p>\n<h3><strong>Ya est\u00e1n disponibles las <a href=\"https:\/\/catedras.facet.unt.edu.ar\/ai-facet\/es\/calendario\/\" target=\"_blank\" rel=\"noopener\">charlas<\/a> y el material de la <a href=\"https:\/\/catedras.facet.unt.edu.ar\/ai-facet\/es\/curso-machine-learning\/\" target=\"_blank\" rel=\"noopener\">Escuela AI<\/a> !<\/strong><\/h3>\n<p><img loading=\"lazy\" class=\"wp-image-322 alignnone\" src=\"https:\/\/catedras.facet.unt.edu.ar\/ai-facet\/wp-content\/uploads\/sites\/135\/2019\/10\/ai-icon-512px.png\" alt=\"\" width=\"26\" height=\"26\" srcset=\"https:\/\/catedras.facet.unt.edu.ar\/ai-facet\/wp-content\/uploads\/sites\/135\/2019\/10\/ai-icon-512px.png 512w, https:\/\/catedras.facet.unt.edu.ar\/ai-facet\/wp-content\/uploads\/sites\/135\/2019\/10\/ai-icon-512px-150x150.png 150w, https:\/\/catedras.facet.unt.edu.ar\/ai-facet\/wp-content\/uploads\/sites\/135\/2019\/10\/ai-icon-512px-300x300.png 300w\" sizes=\"(max-width: 26px) 100vw, 26px\" \/><\/p>\n<p>Te invitamos a participar de la competencia: <strong>\u00bfLlevo paraguas? Pronosticando la lluvia<\/strong><\/p>\n<p style=\"text-align: left;\">Para empezar a participar --&gt; <span style=\"color: #ff6600;\"><a style=\"color: #ff6600;\" href=\"https:\/\/metadata.fundacionsadosky.org.ar\/\">Link<\/a><\/span><\/p>\n<p><a href=\"https:\/\/metadata.fundacionsadosky.org.ar\/\"><img loading=\"lazy\" class=\"alignnone size-full wp-image-563\" src=\"https:\/\/catedras.facet.unt.edu.ar\/ai-facet\/wp-content\/uploads\/sites\/135\/2020\/02\/MetaData_-_Facet_y_Labcc-1.jpg\" alt=\"\" width=\"600\" height=\"300\" srcset=\"https:\/\/catedras.facet.unt.edu.ar\/ai-facet\/wp-content\/uploads\/sites\/135\/2020\/02\/MetaData_-_Facet_y_Labcc-1.jpg 600w, https:\/\/catedras.facet.unt.edu.ar\/ai-facet\/wp-content\/uploads\/sites\/135\/2020\/02\/MetaData_-_Facet_y_Labcc-1-300x150.jpg 300w\" sizes=\"(max-width: 600px) 100vw, 600px\" \/><\/a><\/p>\n<p>&nbsp;<\/p>\n<hr \/>\n<p><img loading=\"lazy\" class=\"wp-image-322 alignnone\" src=\"https:\/\/catedras.facet.unt.edu.ar\/ai-facet\/wp-content\/uploads\/sites\/135\/2019\/10\/ai-icon-512px.png\" alt=\"\" width=\"26\" height=\"26\" srcset=\"https:\/\/catedras.facet.unt.edu.ar\/ai-facet\/wp-content\/uploads\/sites\/135\/2019\/10\/ai-icon-512px.png 512w, https:\/\/catedras.facet.unt.edu.ar\/ai-facet\/wp-content\/uploads\/sites\/135\/2019\/10\/ai-icon-512px-150x150.png 150w, https:\/\/catedras.facet.unt.edu.ar\/ai-facet\/wp-content\/uploads\/sites\/135\/2019\/10\/ai-icon-512px-300x300.png 300w\" sizes=\"(max-width: 26px) 100vw, 26px\" \/><\/p>\n<p>Las inscripciones formales para presentar charlas, asistir a la Escuela y al workshop se encuentran cerradas pero <strong><span style=\"color: #ff6600;\">a\u00fan pod\u00e9s participar<\/span><\/strong>!!! Todas las charlas de 8 - 12 hs ser\u00e1n libres y gratuitas as\u00ed que simplemente consulta el programa y acercate para participar de las actividades que sean de tu\u00a0 \u00a0inter\u00e9s! Te esperamos!<\/p>\n<\/div>\n<\/div><\/div><\/div><div id=\"pgc-82-1-1\"  class=\"panel-grid-cell\" ><div class=\"panel-cell-style panel-cell-style-for-82-1-1\" ><div id=\"panel-82-1-1-0\" class=\"so-panel widget widget_sow-editor panel-first-child\" data-index=\"3\" ><div\n\t\t\t\n\t\t\tclass=\"so-widget-sow-editor so-widget-sow-editor-base\"\n\t\t\t\n\t\t>\n<div class=\"siteorigin-widget-tinymce textwidget\">\n\t<p>El <a href=\"https:\/\/catedras.facet.unt.edu.ar\/labcc\/\" target=\"_blank\" rel=\"noopener\">Laboratorio de Computaci\u00f3n Cient\u00edfica<\/a>, Dpto ciencias de la Computaci\u00f3n de la Facultad de Ciencias Exactas y Tecnolog\u00eda (FACET) de la Universidad Nacional de Tucum\u00e1n (UNT) invita a alumnos, docentes e investigadores, empresas, emprendedores, instituciones estatales y de gobierno, y p\u00fablico en general al primer <strong>Workshop \u201cMachine Intelligence: Training and applications to regional challenges\u201d<\/strong> (Inteligencia Artificial: Training y aplicaciones en problem\u00e1ticas regionales) a realizarse entre el <strong>2 y el 6 Marzo de 2020<\/strong>.<\/p>\n<p>Este evento, de car\u00e1cter internacional, tiene como objetivo abordar aspectos fundamentales de la Inteligencia Artificial (IA) y aplicaciones de esta disciplina en diversas problem\u00e1ticas regionales. De esta manera se espera fomentar la formaci\u00f3n en IA, el desarrollo de aplicaciones, la transferencia de conocimiento y emprendedorismo, y generar lazos concretos de cooperaci\u00f3n entre diferentes sectores interesados.<\/p>\n<h1>Entre los temas que se tratar\u00e1n, se incluyen:<\/h1>\n<ul>\n<li>Algoritmos de Machine Learning (ML)<\/li>\n<li>Ciencia de Datos: Tecnolog\u00edas y herramientas<\/li>\n<li>T\u00e9cnicas de ML aplicadas al procesamiento de Im\u00e1genes<\/li>\n<li>IA en Bioinform\u00e1tica: biolog\u00eda sint\u00e9tica, gen\u00f3mica, etc<\/li>\n<li>Soluciones de IA para problem\u00e1ticas relacionadas a la medicina y a la salud P\u00fablica.<\/li>\n<li>Aplicaciones de ML en Ciencias Espaciales como ser Astronom\u00eda, Meteorolog\u00eda del Espacio, etc.<\/li>\n<li>ML en otros sectores: finanzas, e-comerce, e-government, etc.<\/li>\n<\/ul>\n<p>Durante el desarrollo del evento, tambi\u00e9n se realizar\u00e1 una <strong>escuela de inteligencia artificial <\/strong>destinado principalmente a estudiantes de grado avanzados y de postgrado, y j\u00f3venes investigadores.<\/p>\n<h2>Expositores principales:<\/h2>\n<div style=\"clear: left;\">\n<p><img style=\"width: 150px; float: left; clear: left; margin-bottom: 10px; margin-right: 10px;\" src=\"http:\/\/homepages.cs.ncl.ac.uk\/natalio.krasnogor\/images\/photo.jpg\" alt=\"Natalio Krasnogor\" \/><\/p>\n<p style=\"padding-top: 20px; padding-left: 10px;\"><em>Dr. Natalio Krasnogor<\/em>: Director del \u201cInterdisciplinary Computing and Complex Systems (ICOS) research group\u201d, Universidad de Newcastle, UK. Experto en el modelado de sistemas complejos y en inteligencia de m\u00e1quina.<\/p>\n<\/div>\n<div style=\"clear: left;\">\n<p><img style=\"width: 150px; float: left; clear: left; margin-bottom: 10px; margin-right: 10px;\" src=\"http:\/\/homepages.cs.ncl.ac.uk\/jaume.bacardit\/img\/JaumeBacardit.jpg\" alt=\"Jaume Bacardit\" \/><\/p>\n<p style=\"padding-top: 20px; padding-left: 10px;\"><em>Dr. Jaume Bacardit<\/em>:\u00a0 Profesor e investigador en el \u201cInterdisciplinary Computing and Complex Systems (ICOS) Research Group\u201d, Universidad de Newcastle, UK. Experto en Bioinform\u00e1tica, Miner\u00eda de Datos y Computaci\u00f3n Evolutiva.<\/p>\n<\/div>\n<\/div>\n<\/div><\/div><div id=\"panel-82-1-1-1\" class=\"so-panel widget widget_sow-editor panel-last-child\" data-index=\"4\" ><div\n\t\t\t\n\t\t\tclass=\"so-widget-sow-editor so-widget-sow-editor-base\"\n\t\t\t\n\t\t>\n<div class=\"siteorigin-widget-tinymce textwidget\">\n\t<p><strong>Comit\u00e9 Organizador:<\/strong><\/p>\n<p>Dra. Mar\u00eda Graciela Molina - LabCC - Dpto Ciencias de la Computaci\u00f3n - FACET-UNT<\/p>\n<p>Dr. Natalio Krasnogor - Universidad de Newcastle<\/p>\n<p>Mg. Ing. Ticiano Torres Peralta - LabCC - Dpto Ciencias de la Computaci\u00f3n - FACET-UNT<\/p>\n<p>Lic. Mar\u00eda Cristina Werenitzky - LabCC - Dpto Ciencias de la Computaci\u00f3n - FACET-UNT<\/p>\n<p>Dr. Jaume Bacardit - Universidad de Newcastle<\/p>\n<div style=\"clear: left;\">\n<p style=\"padding-top: 20px; padding-left: 10px;\">\n<\/div>\n<\/div>\n<\/div><\/div><\/div><\/div><\/div><\/div><div id=\"pg-82-2\"  class=\"panel-grid panel-no-style\" ><div id=\"pgc-82-2-0\"  class=\"panel-grid-cell panel-grid-cell-empty\" ><\/div><\/div><\/div>","protected":false},"excerpt":{"rendered":"<p>Ya est\u00e1n disponibles las charlas y el material de la Escuela AI ! Te invitamos a participar de la competencia: \u00bfLlevo paraguas? Pronosticando la lluvia Para empezar a participar &#8211;&gt; Link &nbsp; Las inscripciones formales para presentar charlas, asistir a la Escuela y al workshop se encuentran cerradas pero a\u00fan pod\u00e9s participar!!! Todas las charlas [&hellip;]<\/p>\n","protected":false},"author":122,"featured_media":0,"parent":0,"menu_order":0,"comment_status":"closed","ping_status":"closed","template":"","meta":[],"_links":{"self":[{"href":"https:\/\/catedras.facet.unt.edu.ar\/ai-facet\/wp-json\/wp\/v2\/pages\/82"}],"collection":[{"href":"https:\/\/catedras.facet.unt.edu.ar\/ai-facet\/wp-json\/wp\/v2\/pages"}],"about":[{"href":"https:\/\/catedras.facet.unt.edu.ar\/ai-facet\/wp-json\/wp\/v2\/types\/page"}],"author":[{"embeddable":true,"href":"https:\/\/catedras.facet.unt.edu.ar\/ai-facet\/wp-json\/wp\/v2\/users\/122"}],"replies":[{"embeddable":true,"href":"https:\/\/catedras.facet.unt.edu.ar\/ai-facet\/wp-json\/wp\/v2\/comments?post=82"}],"version-history":[{"count":125,"href":"https:\/\/catedras.facet.unt.edu.ar\/ai-facet\/wp-json\/wp\/v2\/pages\/82\/revisions"}],"predecessor-version":[{"id":589,"href":"https:\/\/catedras.facet.unt.edu.ar\/ai-facet\/wp-json\/wp\/v2\/pages\/82\/revisions\/589"}],"wp:attachment":[{"href":"https:\/\/catedras.facet.unt.edu.ar\/ai-facet\/wp-json\/wp\/v2\/media?parent=82"}],"curies":[{"name":"wp","href":"https:\/\/api.w.org\/{rel}","templated":true}]}}