{"id":63,"date":"2019-10-21T09:48:20","date_gmt":"2019-10-21T12:48:20","guid":{"rendered":"https:\/\/catedras.facet.unt.edu.ar\/ai-facet\/?page_id=63"},"modified":"2020-03-18T17:29:15","modified_gmt":"2020-03-18T20:29:15","slug":"curso-machine-learning","status":"publish","type":"page","link":"https:\/\/catedras.facet.unt.edu.ar\/ai-facet\/es\/curso-machine-learning\/","title":{"rendered":"Escuela en Inteligencia Artificial"},"content":{"rendered":"<p><strong><span style=\"color: #ff6600;\">Formulario inscripci\u00f3n:<\/span>\u00a0 <a href=\"https:\/\/forms.gle\/bibMvuHbS7RDXL84A\" target=\"_blank\" rel=\"noopener noreferrer\">link<\/a><\/strong><\/p>\n<p><strong><span style=\"color: #ff6600;\">Material correspondiente a ambos cursos:<\/span> <a href=\"http:\/\/shorturl.at\/jxI39\">link<\/a><\/strong><\/p>\n<p>(2-6 Marzo 2020)<\/p>\n<p>En el \u00e1mbito del \u00abWorkshop en Inteligenica Artificial: Training y Aplicaciones en Problem\u00e1ticas Regionales\u00bb tendr\u00e1 lugar una escuela intensiva en Inteligencia Artificial que constar\u00e1 de dos cursos que se dictar\u00e1n por las tardes. Estos cursos (*) est\u00e1n dirigidos a estudiantes avanzados de grado, de postgrado y j\u00f3venes investigadores con conocimientos en programaci\u00f3n y estad\u00edstica b\u00e1sica.<\/p>\n<p><strong>Curso 1.<\/strong> <strong>Introducci\u00f3n a Machine Learning.<\/strong> Disertante: Dr. Jaume Bacardit (Universidad de Newcastle)<\/p>\n<p>Fecha: 04 &#8211; 06 Marzo 2020<\/p>\n<p>Hora: 15 a 19 hs<\/p>\n<p>Lugar: Lab B. Dpto Ciencias de la Computaci\u00f3n. Block 2 &#8211; planta baja<\/p>\n<p><img loading=\"lazy\" class=\"alignnone size-full wp-image-548\" src=\"https:\/\/catedras.facet.unt.edu.ar\/ai-facet\/wp-content\/uploads\/sites\/135\/2020\/02\/JAume.png\" alt=\"\" width=\"800\" height=\"800\" srcset=\"https:\/\/catedras.facet.unt.edu.ar\/ai-facet\/wp-content\/uploads\/sites\/135\/2020\/02\/JAume.png 800w, https:\/\/catedras.facet.unt.edu.ar\/ai-facet\/wp-content\/uploads\/sites\/135\/2020\/02\/JAume-150x150.png 150w, https:\/\/catedras.facet.unt.edu.ar\/ai-facet\/wp-content\/uploads\/sites\/135\/2020\/02\/JAume-300x300.png 300w, https:\/\/catedras.facet.unt.edu.ar\/ai-facet\/wp-content\/uploads\/sites\/135\/2020\/02\/JAume-768x768.png 768w\" sizes=\"(max-width: 800px) 100vw, 800px\" \/><\/p>\n<p><strong>Curso 2.<\/strong> <strong>Inteligencia Computacional para Problemas de Optimizaci\u00f3n Complejos.<\/strong> Disertante: Dr. Natalio Krasnogor (Universidad de Newcastle)<\/p>\n<p>Fecha: 02 -03 Marzo 2020<\/p>\n<p>Hora: 15 a 19 hs<\/p>\n<p>Lugar: Lab B. Dpto Ciencias de la Computaci\u00f3n. Block 2 &#8211; planta baja<\/p>\n<p><img loading=\"lazy\" class=\"alignnone size-full wp-image-549\" src=\"https:\/\/catedras.facet.unt.edu.ar\/ai-facet\/wp-content\/uploads\/sites\/135\/2020\/02\/nat.png\" alt=\"\" width=\"800\" height=\"800\" srcset=\"https:\/\/catedras.facet.unt.edu.ar\/ai-facet\/wp-content\/uploads\/sites\/135\/2020\/02\/nat.png 800w, https:\/\/catedras.facet.unt.edu.ar\/ai-facet\/wp-content\/uploads\/sites\/135\/2020\/02\/nat-150x150.png 150w, https:\/\/catedras.facet.unt.edu.ar\/ai-facet\/wp-content\/uploads\/sites\/135\/2020\/02\/nat-300x300.png 300w, https:\/\/catedras.facet.unt.edu.ar\/ai-facet\/wp-content\/uploads\/sites\/135\/2020\/02\/nat-768x768.png 768w\" sizes=\"(max-width: 800px) 100vw, 800px\" \/><\/p>\n<p>&nbsp;<\/p>\n<p>&nbsp;<\/p>\n<p>(*) Los cursos ser\u00e1n v\u00e1lidos para carreras de postgrado.<\/p>\n","protected":false},"excerpt":{"rendered":"<p>Formulario inscripci\u00f3n:\u00a0 link Material correspondiente a ambos cursos: link (2-6 Marzo 2020) En el \u00e1mbito del \u00abWorkshop en Inteligenica Artificial: Training y Aplicaciones en Problem\u00e1ticas Regionales\u00bb tendr\u00e1 lugar una escuela intensiva en Inteligencia Artificial que constar\u00e1 de dos cursos que se dictar\u00e1n por las tardes. Estos cursos (*) est\u00e1n dirigidos a estudiantes avanzados de grado, [&hellip;]<\/p>\n","protected":false},"author":122,"featured_media":0,"parent":0,"menu_order":0,"comment_status":"closed","ping_status":"closed","template":"","meta":[],"_links":{"self":[{"href":"https:\/\/catedras.facet.unt.edu.ar\/ai-facet\/wp-json\/wp\/v2\/pages\/63"}],"collection":[{"href":"https:\/\/catedras.facet.unt.edu.ar\/ai-facet\/wp-json\/wp\/v2\/pages"}],"about":[{"href":"https:\/\/catedras.facet.unt.edu.ar\/ai-facet\/wp-json\/wp\/v2\/types\/page"}],"author":[{"embeddable":true,"href":"https:\/\/catedras.facet.unt.edu.ar\/ai-facet\/wp-json\/wp\/v2\/users\/122"}],"replies":[{"embeddable":true,"href":"https:\/\/catedras.facet.unt.edu.ar\/ai-facet\/wp-json\/wp\/v2\/comments?post=63"}],"version-history":[{"count":13,"href":"https:\/\/catedras.facet.unt.edu.ar\/ai-facet\/wp-json\/wp\/v2\/pages\/63\/revisions"}],"predecessor-version":[{"id":585,"href":"https:\/\/catedras.facet.unt.edu.ar\/ai-facet\/wp-json\/wp\/v2\/pages\/63\/revisions\/585"}],"wp:attachment":[{"href":"https:\/\/catedras.facet.unt.edu.ar\/ai-facet\/wp-json\/wp\/v2\/media?parent=63"}],"curies":[{"name":"wp","href":"https:\/\/api.w.org\/{rel}","templated":true}]}}