{"id":513,"date":"2020-01-28T19:19:55","date_gmt":"2020-01-28T22:19:55","guid":{"rendered":"https:\/\/catedras.facet.unt.edu.ar\/ai-facet\/?page_id=513"},"modified":"2020-02-06T21:47:04","modified_gmt":"2020-02-07T00:47:04","slug":"ubicacion","status":"publish","type":"page","link":"https:\/\/catedras.facet.unt.edu.ar\/ai-facet\/es\/ubicacion\/","title":{"rendered":"Ubicaci\u00f3n"},"content":{"rendered":"<div id=\"pl-513\"  class=\"panel-layout\" ><div id=\"pg-513-0\"  class=\"panel-grid panel-no-style\" ><div id=\"pgc-513-0-0\"  class=\"panel-grid-cell\" ><div id=\"panel-513-0-0-0\" class=\"so-panel widget widget_sow-editor panel-first-child panel-last-child\" data-index=\"0\" ><div id=\"venue-location\" class=\"panel-widget-style panel-widget-style-for-513-0-0-0\" ><div\n\t\t\t\n\t\t\tclass=\"so-widget-sow-editor so-widget-sow-editor-base\"\n\t\t\t\n\t\t><h3 class=\"widget-title\">Ubicaci\u00f3n<\/h3>\n<div class=\"siteorigin-widget-tinymce textwidget\">\n\t<p>&nbsp;<\/p>\n<p>Universidad Nacional de Tucum\u00e1n<br \/>\nAv. Independencia 1800<br \/>\nSan Miguel de Tucum\u00e1n<br \/>\nTucum\u00e1n, Argentina<\/p>\n<p><img loading=\"lazy\" class=\"alignnone size-full wp-image-280\" src=\"https:\/\/catedras.facet.unt.edu.ar\/ai-facet\/wp-content\/uploads\/sites\/135\/2019\/10\/ai-arrow-down-75px-1.png\" alt=\"\" width=\"29\" height=\"18\" \/><\/p>\n<p>Facultad de Ciencias Exactas y Tecnolog\u00eda<\/p>\n<p><img loading=\"lazy\" class=\"alignnone size-full wp-image-280\" src=\"https:\/\/catedras.facet.unt.edu.ar\/ai-facet\/wp-content\/uploads\/sites\/135\/2019\/10\/ai-arrow-down-75px-1.png\" alt=\"\" width=\"29\" height=\"18\" \/><\/p>\n<p>Departamento de Ciencias de la Computaci\u00f3n<\/p>\n<p><img loading=\"lazy\" class=\"alignnone size-full wp-image-280\" src=\"https:\/\/catedras.facet.unt.edu.ar\/ai-facet\/wp-content\/uploads\/sites\/135\/2019\/10\/ai-arrow-down-75px-1.png\" alt=\"\" width=\"29\" height=\"18\" \/><\/p>\n<p>Laboratorio de Computaci\u00f3n Cient\u00edfica<\/p>\n<p><img loading=\"lazy\" class=\"alignnone size-full wp-image-404\" src=\"https:\/\/catedras.facet.unt.edu.ar\/ai-facet\/wp-content\/uploads\/sites\/135\/2019\/11\/logo-labcc-facet-unt.png\" alt=\"\" width=\"200\" height=\"auto\" srcset=\"https:\/\/catedras.facet.unt.edu.ar\/ai-facet\/wp-content\/uploads\/sites\/135\/2019\/11\/logo-labcc-facet-unt.png 308w, https:\/\/catedras.facet.unt.edu.ar\/ai-facet\/wp-content\/uploads\/sites\/135\/2019\/11\/logo-labcc-facet-unt-300x97.png 300w\" sizes=\"(max-width: 308px) 100vw, 308px\" \/><\/p>\n<p>&nbsp;<\/p>\n<p>El evento se realizar\u00e1 en el Auditorio de Luminotecnia de la FACET - UNT<\/p>\n<\/div>\n<\/div><\/div><\/div><\/div><div id=\"pgc-513-0-1\"  class=\"panel-grid-cell\" ><div id=\"panel-513-0-1-0\" class=\"widget_text so-panel widget widget_custom_html panel-first-child\" data-index=\"1\" ><div class=\"widget_text panel-widget-style panel-widget-style-for-513-0-1-0\" ><div class=\"textwidget custom-html-widget\"><iframe style=\"border: 0; text-align: center;\" src=\"https:\/\/www.google.com\/maps\/embed?pb=!1m18!1m12!1m3!1d3559.8969233890557!2d-65.23293998441608!3d-26.84323059677644!2m3!1f0!2f0!3f0!3m2!1i1024!2i768!4f13.1!3m3!1m2!1s0x94225c796213b7c5%3A0xb22d3dcbf6957194!2sAv.%20Independencia%201800%2C%20T4002%20San%20Miguel%20de%20Tucum%C3%A1n%2C%20Tucum%C3%A1n!5e0!3m2!1ses-419!2sar!4v1571679594713!5m2!1ses-419!2sar\" width=\"100%\" height=\"500px\" frameborder=\"0\" allowfullscreen=\"allowfullscreen\"><\/iframe><\/div><\/div><\/div><div id=\"panel-513-0-1-1\" class=\"so-panel widget widget_black-studio-tinymce widget_black_studio_tinymce panel-last-child\" data-index=\"2\" ><div class=\"textwidget\"><p>Para informaci\u00f3n sobre<strong>\u00a0hospedaje y turismo\u00a0<\/strong>fijate aqu\u00ed [<a href=\"https:\/\/www.tucumanturismo.gob.ar\/en\/\">link<\/a>]<\/p>\n<p>&nbsp;<\/p>\n<p><strong>Como viajar a Tucum\u00e1n<\/strong><\/p>\n<p>Hay muchas maneras de llegar a Tucum\u00e1n. El aeropuerto se denomina Benjam\u00edn Matienzo el cual es un punto de coneccion con Buenos Aires y C\u00f3rdoba mientras que respecto a rutas su ruta internacional incluye la ciudad de Lima.<\/p>\n<p>Aquellos que prefieren viajar mediante autos, se puede acceder a la Provincia mediante las rutas nacionales N\u00ba9, N\u00ba38, N\u00ba40 or N\u00ba157. Tambi\u00e9n es posible viajar por tren desde Buenos Aires. Hay una gran cantidad de compa\u00f1ias de autobuses que llegan a la provincia desde todo el pa\u00eds.<\/p>\n<p>Respecto a como moverse en Tucum\u00e1n. Los colectivos se pagan con la tarjeta \u201cciudadana\u201d que se pueden adquirir en diferentes puntos de venta. RedBus Tucum\u00e1n (<a href=\"http:\/\/www.tucuman.miredbus.com.ar\/\">http:\/\/www.tucuman.miredbus.com.ar\/<\/a>) que tiene una app para celular . Tambi\u00e9n pueden bajar la app TucuBondi que es una opci\u00f3n no oficial pero puede ser de utilidad y que les indicar\u00e1 como llegar a diferentes puntos. Si en alg\u00fan momento prefieren usar taxis pueden usar la app Taxiar.<\/p>\n<p>El campus de la FACET-UNT tiene tres ingresos: Por avenida Independencia (dos accesos) y por Av. Pte Kitchner (Ex Av. Roca). Las l\u00edneas de colectivos que llegan al campus son:<\/p>\n<ul>\n<li>Accesos Av Independencia: l\u00ednea 17, 18 y 19<\/li>\n<li>Acceso Av Nestor Kirchner (ex Av Roca): L\u00ednea 9, l\u00ednea 12 (ramal SMATA), 124, El Provincial<\/li>\n<\/ul>\n<p>El evento se realizar\u00e1 en el Auditorio de Luminotecnia de la FACET - UNT<\/p>\n<p>&nbsp;<\/p>\n<\/div><\/div><\/div><\/div><\/div>","protected":false},"excerpt":{"rendered":"<p>&nbsp; Universidad Nacional de Tucum\u00e1n Av. Independencia 1800 San Miguel de Tucum\u00e1n Tucum\u00e1n, Argentina Facultad de Ciencias Exactas y Tecnolog\u00eda Departamento de Ciencias de la Computaci\u00f3n Laboratorio de Computaci\u00f3n Cient\u00edfica &nbsp; El evento se realizar\u00e1 en el Auditorio de Luminotecnia de la FACET &#8211; UNT Para informaci\u00f3n sobre\u00a0hospedaje y turismo\u00a0fijate aqu\u00ed [link] &nbsp; Como viajar [&hellip;]<\/p>\n","protected":false},"author":122,"featured_media":0,"parent":0,"menu_order":0,"comment_status":"closed","ping_status":"closed","template":"","meta":[],"_links":{"self":[{"href":"https:\/\/catedras.facet.unt.edu.ar\/ai-facet\/wp-json\/wp\/v2\/pages\/513"}],"collection":[{"href":"https:\/\/catedras.facet.unt.edu.ar\/ai-facet\/wp-json\/wp\/v2\/pages"}],"about":[{"href":"https:\/\/catedras.facet.unt.edu.ar\/ai-facet\/wp-json\/wp\/v2\/types\/page"}],"author":[{"embeddable":true,"href":"https:\/\/catedras.facet.unt.edu.ar\/ai-facet\/wp-json\/wp\/v2\/users\/122"}],"replies":[{"embeddable":true,"href":"https:\/\/catedras.facet.unt.edu.ar\/ai-facet\/wp-json\/wp\/v2\/comments?post=513"}],"version-history":[{"count":24,"href":"https:\/\/catedras.facet.unt.edu.ar\/ai-facet\/wp-json\/wp\/v2\/pages\/513\/revisions"}],"predecessor-version":[{"id":558,"href":"https:\/\/catedras.facet.unt.edu.ar\/ai-facet\/wp-json\/wp\/v2\/pages\/513\/revisions\/558"}],"wp:attachment":[{"href":"https:\/\/catedras.facet.unt.edu.ar\/ai-facet\/wp-json\/wp\/v2\/media?parent=513"}],"curies":[{"name":"wp","href":"https:\/\/api.w.org\/{rel}","templated":true}]}}