{"id":307,"date":"2019-10-27T03:42:25","date_gmt":"2019-10-27T06:42:25","guid":{"rendered":"https:\/\/catedras.facet.unt.edu.ar\/ai-facet\/?page_id=307"},"modified":"2020-01-28T09:13:37","modified_gmt":"2020-01-28T12:13:37","slug":"where","status":"publish","type":"page","link":"https:\/\/catedras.facet.unt.edu.ar\/ai-facet\/en\/where\/","title":{"rendered":"Location"},"content":{"rendered":"<div id=\"pl-307\"  class=\"panel-layout\" ><div id=\"pg-307-0\"  class=\"panel-grid panel-no-style\" ><div id=\"pgc-307-0-0\"  class=\"panel-grid-cell\" ><div id=\"panel-307-0-0-0\" class=\"so-panel widget widget_sow-editor panel-first-child panel-last-child\" data-index=\"0\" ><div id=\"venue-location\" class=\"panel-widget-style panel-widget-style-for-307-0-0-0\" ><div\n\t\t\t\n\t\t\tclass=\"so-widget-sow-editor so-widget-sow-editor-base\"\n\t\t\t\n\t\t><h3 class=\"widget-title\">Location<\/h3>\n<div class=\"siteorigin-widget-tinymce textwidget\">\n\t<p><strong><\/strong><\/p>\n<p>Universidad Nacional de Tucum\u00e1n<br \/>\nAv. Independencia 1800<br \/>\nSan Miguel de Tucum\u00e1n<br \/>\nTucum\u00e1n, Argentina<\/p>\n<p><img loading=\"lazy\" src=\"https:\/\/catedras.facet.unt.edu.ar\/ai-facet\/wp-content\/uploads\/sites\/135\/2019\/10\/ai-arrow-down-75px-1.png\" alt=\"\" width=\"29\" height=\"18\" class=\"alignnone size-full wp-image-280\" \/><\/p>\n<p>Facultad de Ciencias Exactas y Tecnolog\u00eda<\/p>\n<p><img loading=\"lazy\" src=\"https:\/\/catedras.facet.unt.edu.ar\/ai-facet\/wp-content\/uploads\/sites\/135\/2019\/10\/ai-arrow-down-75px-1.png\" alt=\"\" width=\"29\" height=\"18\" class=\"alignnone size-full wp-image-280\" \/><\/p>\n<p>Departamento de Ciencias de la Computaci\u00f3n<\/p>\n<p><img loading=\"lazy\" src=\"https:\/\/catedras.facet.unt.edu.ar\/ai-facet\/wp-content\/uploads\/sites\/135\/2019\/10\/ai-arrow-down-75px-1.png\" alt=\"\" width=\"29\" height=\"18\" class=\"alignnone size-full wp-image-280\" \/><\/p>\n<p>Laboratorio de Computaci\u00f3n Cient\u00edfica<\/p>\n<p><img loading=\"lazy\" src=\"https:\/\/catedras.facet.unt.edu.ar\/ai-facet\/wp-content\/uploads\/sites\/135\/2019\/11\/logo-labcc-facet-unt.png\" alt=\"\" width=\"200\" height=\"auto\" class=\"alignnone size-full wp-image-404\" srcset=\"https:\/\/catedras.facet.unt.edu.ar\/ai-facet\/wp-content\/uploads\/sites\/135\/2019\/11\/logo-labcc-facet-unt.png 308w, https:\/\/catedras.facet.unt.edu.ar\/ai-facet\/wp-content\/uploads\/sites\/135\/2019\/11\/logo-labcc-facet-unt-300x97.png 300w\" sizes=\"(max-width: 308px) 100vw, 308px\" \/><br \/>\n<\/p>\n<\/div>\n<\/div><\/div><\/div><\/div><div id=\"pgc-307-0-1\"  class=\"panel-grid-cell\" ><div id=\"panel-307-0-1-0\" class=\"widget_text so-panel widget widget_custom_html panel-first-child\" data-index=\"1\" ><div class=\"widget_text panel-widget-style panel-widget-style-for-307-0-1-0\" ><div class=\"textwidget custom-html-widget\"><iframe style=\"border: 0; text-align: center;\" src=\"https:\/\/www.google.com\/maps\/embed?pb=!1m18!1m12!1m3!1d3559.8969233890557!2d-65.23293998441608!3d-26.84323059677644!2m3!1f0!2f0!3f0!3m2!1i1024!2i768!4f13.1!3m3!1m2!1s0x94225c796213b7c5%3A0xb22d3dcbf6957194!2sAv.%20Independencia%201800%2C%20T4002%20San%20Miguel%20de%20Tucum%C3%A1n%2C%20Tucum%C3%A1n!5e0!3m2!1ses-419!2sar!4v1571679594713!5m2!1ses-419!2sar\" width=\"100%\" height=\"500px\" frameborder=\"0\" allowfullscreen=\"allowfullscreen\"><\/iframe><\/div><\/div><\/div><div id=\"panel-307-0-1-1\" class=\"so-panel widget widget_black-studio-tinymce widget_black_studio_tinymce panel-last-child\" data-index=\"2\" ><div class=\"textwidget\"><p><strong>How to reach Tucum\u00e1n<\/strong><\/p>\n<p>There are many accesses to arrive in Tucum\u00e1n. Its airport is called Benjam\u00edn Matienzo which is the point of connection to and from Buenos Aires and C\u00f3rdoba with regards to national flights, whereas international flight route includes Lima .<\/p>\n<p>If you like to travel by car can access the province through National Routes N\u00ba9, N\u00ba38, N\u00ba40 or N\u00ba157. It is also possible to travel by train from the city of Buenos Aires. Besides, there is a wide variety of bus companies which arrive to the province from the whole country.<\/p>\n<p>For<strong> accommodation and touristic information<\/strong> check here [<a href=\"https:\/\/www.tucumanturismo.gob.ar\/en\/\">link<\/a>]<\/p>\n<p>&nbsp;<\/p>\n<\/div><\/div><\/div><\/div><\/div>","protected":false},"excerpt":{"rendered":"<p>Universidad Nacional de Tucum\u00e1n Av. Independencia 1800 San Miguel de Tucum\u00e1n Tucum\u00e1n, Argentina Facultad de Ciencias Exactas y Tecnolog\u00eda Departamento de Ciencias de la Computaci\u00f3n Laboratorio de Computaci\u00f3n Cient\u00edfica How to reach Tucum\u00e1n There are many accesses to arrive in Tucum\u00e1n. Its airport is called Benjam\u00edn Matienzo which is the point of connection to and [&hellip;]<\/p>\n","protected":false},"author":122,"featured_media":0,"parent":0,"menu_order":0,"comment_status":"closed","ping_status":"closed","template":"","meta":[],"_links":{"self":[{"href":"https:\/\/catedras.facet.unt.edu.ar\/ai-facet\/wp-json\/wp\/v2\/pages\/307"}],"collection":[{"href":"https:\/\/catedras.facet.unt.edu.ar\/ai-facet\/wp-json\/wp\/v2\/pages"}],"about":[{"href":"https:\/\/catedras.facet.unt.edu.ar\/ai-facet\/wp-json\/wp\/v2\/types\/page"}],"author":[{"embeddable":true,"href":"https:\/\/catedras.facet.unt.edu.ar\/ai-facet\/wp-json\/wp\/v2\/users\/122"}],"replies":[{"embeddable":true,"href":"https:\/\/catedras.facet.unt.edu.ar\/ai-facet\/wp-json\/wp\/v2\/comments?post=307"}],"version-history":[{"count":10,"href":"https:\/\/catedras.facet.unt.edu.ar\/ai-facet\/wp-json\/wp\/v2\/pages\/307\/revisions"}],"predecessor-version":[{"id":510,"href":"https:\/\/catedras.facet.unt.edu.ar\/ai-facet\/wp-json\/wp\/v2\/pages\/307\/revisions\/510"}],"wp:attachment":[{"href":"https:\/\/catedras.facet.unt.edu.ar\/ai-facet\/wp-json\/wp\/v2\/media?parent=307"}],"curies":[{"name":"wp","href":"https:\/\/api.w.org\/{rel}","templated":true}]}}