{"id":258,"date":"2019-10-27T01:48:03","date_gmt":"2019-10-27T04:48:03","guid":{"rendered":"https:\/\/catedras.facet.unt.edu.ar\/ai-facet\/?page_id=258"},"modified":"2020-03-21T08:03:03","modified_gmt":"2020-03-21T11:03:03","slug":"home","status":"publish","type":"page","link":"https:\/\/catedras.facet.unt.edu.ar\/ai-facet\/en\/home\/","title":{"rendered":"Home"},"content":{"rendered":"<div id=\"pl-258\"  class=\"panel-layout\" ><div id=\"pg-258-0\"  class=\"panel-grid panel-no-style\" ><div id=\"pgc-258-0-0\"  class=\"panel-grid-cell\" ><div id=\"panel-258-0-0-0\" class=\"so-panel widget widget_nav_menu panel-first-child panel-last-child\" data-index=\"0\" ><div id=\"menu-especial\" class=\"panel-widget-style panel-widget-style-for-258-0-0-0\" ><h3 class=\"widget-title\">Important Links<\/h3><div class=\"menu-menu-lateral-en-container\"><ul id=\"menu-menu-lateral-en\" class=\"menu\"><li id=\"menu-item-366\" class=\"menu-item menu-item-type-custom menu-item-object-custom menu-item-366\"><a href=\"https:\/\/twitter.com\/iafacet\">TW News<\/a><\/li>\n<li id=\"menu-item-367\" class=\"menu-item menu-item-type-custom menu-item-object-custom menu-item-367\"><a href=\"https:\/\/catedras.facet.unt.edu.ar\/ai-facet\/wp-content\/uploads\/sites\/135\/2020\/01\/posterwsia.jpeg\">Posters<\/a><\/li>\n<li id=\"menu-item-368\" class=\"menu-item menu-item-type-custom menu-item-object-custom menu-item-home menu-item-368\"><a href=\"https:\/\/catedras.facet.unt.edu.ar\/ai-facet\/\">Photos<\/a><\/li>\n<li id=\"menu-item-369\" class=\"menu-item menu-item-type-custom menu-item-object-custom menu-item-369\"><a href=\"https:\/\/drive.google.com\/file\/d\/11-w0nwhKNnJf4stHYF0iAGJX5zOdHgNr\/view?usp=sharing\">Code of Conduct<\/a><\/li>\n<\/ul><\/div><\/div><\/div><\/div><div id=\"pgc-258-0-1\"  class=\"panel-grid-cell\" ><div id=\"panel-258-0-1-0\" class=\"so-panel widget widget_sow-image panel-first-child panel-last-child\" data-index=\"1\" ><div\n\t\t\t\n\t\t\tclass=\"so-widget-sow-image so-widget-sow-image-default-17bc2272b535-258\"\n\t\t\t\n\t\t>\n\n<div class=\"sow-image-container\">\n\t\t<img src=\"https:\/\/catedras.facet.unt.edu.ar\/ai-facet\/wp-content\/uploads\/sites\/135\/2019\/10\/ai-brain-fade-1.png\" width=\"733\" height=\"280\" srcset=\"https:\/\/catedras.facet.unt.edu.ar\/ai-facet\/wp-content\/uploads\/sites\/135\/2019\/10\/ai-brain-fade-1.png 733w, https:\/\/catedras.facet.unt.edu.ar\/ai-facet\/wp-content\/uploads\/sites\/135\/2019\/10\/ai-brain-fade-1-300x115.png 300w\" sizes=\"(max-width: 733px) 100vw, 733px\" title=\"ai-brain-fade\" alt=\"\" loading=\"lazy\" \t\tclass=\"so-widget-image\"\/>\n\t<\/div>\n\n<\/div><\/div><\/div><\/div><div id=\"pg-258-1\"  class=\"panel-grid panel-no-style\" ><div id=\"pgc-258-1-0\"  class=\"panel-grid-cell\" ><div id=\"panel-258-1-0-0\" class=\"so-panel widget widget_sow-editor panel-first-child panel-last-child\" data-index=\"2\" ><div\n\t\t\t\n\t\t\tclass=\"so-widget-sow-editor so-widget-sow-editor-base\"\n\t\t\t\n\t\t><h3 class=\"widget-title\">+ NEWS<\/h3>\n<div class=\"siteorigin-widget-tinymce textwidget\">\n\t<h3><strong><a href=\"https:\/\/catedras.facet.unt.edu.ar\/ai-facet\/en\/calendar\/\" target=\"_blank\" rel=\"noopener\">Talks<\/a> are now available! also material of the <a href=\"https:\/\/catedras.facet.unt.edu.ar\/ai-facet\/en\/machine-learning-course\/\" target=\"_blank\" rel=\"noopener\">AI School<\/a><\/strong><\/h3>\n<p>&nbsp;<\/p>\n<p>We invite you to participate in the competition [Spanish]: <strong>\u00bfLlevo paraguas? Pronosticando la lluvia<\/strong><\/p>\n<p>+ info --&gt; <a href=\"https:\/\/metadata.fundacionsadosky.org.ar\/\">Link<\/a><\/p>\n<p><a href=\"https:\/\/metadata.fundacionsadosky.org.ar\/\"><img loading=\"lazy\" class=\"alignnone size-full wp-image-567\" src=\"https:\/\/catedras.facet.unt.edu.ar\/ai-facet\/wp-content\/uploads\/sites\/135\/2020\/02\/MetaData_-_Facet_y_Labcc-1-1.jpg\" alt=\"\" width=\"600\" height=\"300\" srcset=\"https:\/\/catedras.facet.unt.edu.ar\/ai-facet\/wp-content\/uploads\/sites\/135\/2020\/02\/MetaData_-_Facet_y_Labcc-1-1.jpg 600w, https:\/\/catedras.facet.unt.edu.ar\/ai-facet\/wp-content\/uploads\/sites\/135\/2020\/02\/MetaData_-_Facet_y_Labcc-1-1-300x150.jpg 300w\" sizes=\"(max-width: 600px) 100vw, 600px\" \/><\/a><\/p>\n<hr \/>\n<h5>The registration for abstract, the school and the workshop are officially closed,<strong><span style=\"color: #ff6600;\"> but you can still participate!<\/span><\/strong>! The talks (8 \u2013 12 hs) are free, so you can just check on the program and attend your favorite activity!<\/h5>\n<hr \/>\n<p>&nbsp;<\/p>\n<\/div>\n<\/div><\/div><\/div><div id=\"pgc-258-1-1\"  class=\"panel-grid-cell\" ><div id=\"panel-258-1-1-0\" class=\"so-panel widget widget_sow-editor panel-first-child\" data-index=\"3\" ><div\n\t\t\t\n\t\t\tclass=\"so-widget-sow-editor so-widget-sow-editor-base\"\n\t\t\t\n\t\t>\n<div class=\"siteorigin-widget-tinymce textwidget\">\n\t<p>The <a href=\"https:\/\/catedras.facet.unt.edu.ar\/labcc\/\" target=\"_blank\" rel=\"noopener\">Laboratorio de Computaci\u00f3n Cient\u00edfica<\/a>, Dpto Ciencias de la Computaci\u00f3n de la Facultad de Ciencias Exactas y Tecnolog\u00eda (FACET) de la Universidad Nacional de Tucum\u00e1n (UNT) invites students, teachers and researchers, companies, entrepreneurs, public and government institutions, and the general public to the first <strong>\"Machine Intelligence: Training and applications to regional challenges\" workshop<\/strong>, to be carried out <strong>between March 2 and 6, 2020<\/strong>.<\/p>\n<p>This international event aims to address fundamental aspects of Artificial Intelligence (AI) and applications of this discipline to various regional issues. In this way, it hopes to promote academic formation in AI, application development, knowledge transfer and entrepreneurship, and generate concrete ties of cooperation between different stakeholders.<\/p>\n<h1>Topics for this event include:<\/h1>\n<ul>\n<li>Machine Learning Algorithms (ML)<\/li>\n<li>Data Science: Technologies and tools<\/li>\n<li>ML techniques applied to Image processing<\/li>\n<li>AI in Bioinformatics: synthetic biology, genomics, etc.<\/li>\n<li>AI solutions for problems related to medicine and public health.<\/li>\n<li>Applications of ML in Space Sciences such as Astronomy, Space Meteorology, etc.<\/li>\n<li>ML in other sectors: finance, e-commerce, e-government, etc.<\/li>\n<\/ul>\n<p>During the development of the event, there will also be an intensive <strong>school on artificial intelligence<\/strong> aimed primarily at advanced students, postgraduate students, young researchers.<\/p>\n<h2>Main exhibitors:<\/h2>\n<div style=\"clear: left;\">\n<p><img style=\"width: 150px; float: left; clear: left; margin-bottom: 10px; margin-right: 10px;\" src=\"http:\/\/homepages.cs.ncl.ac.uk\/natalio.krasnogor\/images\/photo.jpg\" alt=\"Natalio Krasnogor\" \/><\/p>\n<p style=\"padding-top: 20px; padding-left: 10px;\"><em>Dr. Natalio Krasnogor<\/em>: Director of the \u201cInterdisciplinary Computing and Complex Systems (ICOS) research group\u201d, University of Newcastle, UK. Expert in modeling complex systems and machine intelligence.<\/p>\n<\/div>\n<div style=\"clear: left;\">\n<p><img style=\"width: 150px; float: left; clear: left; margin-bottom: 10px; margin-right: 10px;\" src=\"http:\/\/homepages.cs.ncl.ac.uk\/jaume.bacardit\/img\/JaumeBacardit.jpg\" alt=\"Jaume Bacardit\" \/><\/p>\n<p style=\"padding-top: 20px; padding-left: 10px;\"><em>Dr. Jaume Bacardit<\/em>: Professor and researcher at the \"Interdisciplinary Computing and Complex Systems (ICOS) Research Group\", University of Newcastle, UK. Expert in Bioinformatics, Data Mining and Evolutionary Computing.<\/p>\n<\/div>\n<\/div>\n<\/div><\/div><div id=\"panel-258-1-1-1\" class=\"so-panel widget widget_sow-editor panel-last-child\" data-index=\"4\" ><div\n\t\t\t\n\t\t\tclass=\"so-widget-sow-editor so-widget-sow-editor-base\"\n\t\t\t\n\t\t>\n<div class=\"siteorigin-widget-tinymce textwidget\">\n\t<p><strong>Organizing Committee:<\/strong><\/p>\n<p>Dra. Mar\u00eda Graciela Molina - LabCC - Dpto Ciencias de la Computaci\u00f3n - FACET-UNT<\/p>\n<p>Dr. Natalio Krasnogor - Newcastle University<\/p>\n<p>Mg. Ing. Ticiano Torres Peralta - LabCC - Dpto Ciencias de la Computaci\u00f3n - FACET-UNT<\/p>\n<p>Lic. Mar\u00eda Cristina Werenitzky - LabCC - Dpto Ciencias de la Computaci\u00f3n - FACET-UNT<\/p>\n<p>Dr. Jaume Bacardit - Newcastle University<\/p>\n<\/div>\n<\/div><\/div><\/div><\/div><\/div>","protected":false},"excerpt":{"rendered":"<p>Talks are now available! also material of the AI School &nbsp; We invite you to participate in the competition [Spanish]: \u00bfLlevo paraguas? Pronosticando la lluvia + info &#8211;&gt; Link The registration for abstract, the school and the workshop are officially closed, but you can still participate!! The talks (8 \u2013 12 hs) are free, so [&hellip;]<\/p>\n","protected":false},"author":122,"featured_media":0,"parent":0,"menu_order":0,"comment_status":"closed","ping_status":"closed","template":"","meta":[],"_links":{"self":[{"href":"https:\/\/catedras.facet.unt.edu.ar\/ai-facet\/wp-json\/wp\/v2\/pages\/258"}],"collection":[{"href":"https:\/\/catedras.facet.unt.edu.ar\/ai-facet\/wp-json\/wp\/v2\/pages"}],"about":[{"href":"https:\/\/catedras.facet.unt.edu.ar\/ai-facet\/wp-json\/wp\/v2\/types\/page"}],"author":[{"embeddable":true,"href":"https:\/\/catedras.facet.unt.edu.ar\/ai-facet\/wp-json\/wp\/v2\/users\/122"}],"replies":[{"embeddable":true,"href":"https:\/\/catedras.facet.unt.edu.ar\/ai-facet\/wp-json\/wp\/v2\/comments?post=258"}],"version-history":[{"count":37,"href":"https:\/\/catedras.facet.unt.edu.ar\/ai-facet\/wp-json\/wp\/v2\/pages\/258\/revisions"}],"predecessor-version":[{"id":594,"href":"https:\/\/catedras.facet.unt.edu.ar\/ai-facet\/wp-json\/wp\/v2\/pages\/258\/revisions\/594"}],"wp:attachment":[{"href":"https:\/\/catedras.facet.unt.edu.ar\/ai-facet\/wp-json\/wp\/v2\/media?parent=258"}],"curies":[{"name":"wp","href":"https:\/\/api.w.org\/{rel}","templated":true}]}}