{"id":125,"date":"2019-10-24T00:46:43","date_gmt":"2019-10-24T03:46:43","guid":{"rendered":"https:\/\/catedras.facet.unt.edu.ar\/ai-facet\/?page_id=125"},"modified":"2020-01-28T19:31:23","modified_gmt":"2020-01-28T22:31:23","slug":"inscripcion-y-envio-de-resumenes","status":"publish","type":"page","link":"https:\/\/catedras.facet.unt.edu.ar\/ai-facet\/es\/inscripcion-y-envio-de-resumenes\/","title":{"rendered":"Inscripci\u00f3n y env\u00edo de res\u00famenes"},"content":{"rendered":"<p>Para participar del Workshop \u201cMachine Intelligence: Training and applications to regional challenges\u201d :<\/p>\n<p>&nbsp;<\/p>\n<ul>\n<li><em>Como expositor<\/em>:\u00a0 llenar el formulario (<a href=\"https:\/\/forms.gle\/PPa7LzNwFh7mTcQS8\" target=\"_blank\" rel=\"noopener noreferrer\">link<\/a>) antes del 18 de Enero de 2020. Los res\u00famenes seleccionados ser\u00e1n comunicados el 24\/01\/2020,<\/li>\n<\/ul>\n<p>&nbsp;<\/p>\n<ul>\n<li><em>Como asistente<\/em>: llenar el formulario (<a href=\"https:\/\/forms.gle\/8BVUBjYh3SyqovwW9\" target=\"_blank\" rel=\"noopener noreferrer\">link<\/a>) antes del 18 de Enero de 2020. La asistencia a las charlas es libre y gratuita para los que est\u00e9n inscriptos.<\/li>\n<\/ul>\n<p>&nbsp;<\/p>\n<p>&nbsp;<\/p>\n","protected":false},"excerpt":{"rendered":"<p>Para participar del Workshop \u201cMachine Intelligence: Training and applications to regional challenges\u201d : &nbsp; Como expositor:\u00a0 llenar el formulario (link) antes del 18 de Enero de 2020. Los res\u00famenes seleccionados ser\u00e1n comunicados el 24\/01\/2020, &nbsp; Como asistente: llenar el formulario (link) antes del 18 de Enero de 2020. La asistencia a las charlas es libre [&hellip;]<\/p>\n","protected":false},"author":122,"featured_media":0,"parent":0,"menu_order":0,"comment_status":"closed","ping_status":"closed","template":"","meta":[],"_links":{"self":[{"href":"https:\/\/catedras.facet.unt.edu.ar\/ai-facet\/wp-json\/wp\/v2\/pages\/125"}],"collection":[{"href":"https:\/\/catedras.facet.unt.edu.ar\/ai-facet\/wp-json\/wp\/v2\/pages"}],"about":[{"href":"https:\/\/catedras.facet.unt.edu.ar\/ai-facet\/wp-json\/wp\/v2\/types\/page"}],"author":[{"embeddable":true,"href":"https:\/\/catedras.facet.unt.edu.ar\/ai-facet\/wp-json\/wp\/v2\/users\/122"}],"replies":[{"embeddable":true,"href":"https:\/\/catedras.facet.unt.edu.ar\/ai-facet\/wp-json\/wp\/v2\/comments?post=125"}],"version-history":[{"count":11,"href":"https:\/\/catedras.facet.unt.edu.ar\/ai-facet\/wp-json\/wp\/v2\/pages\/125\/revisions"}],"predecessor-version":[{"id":541,"href":"https:\/\/catedras.facet.unt.edu.ar\/ai-facet\/wp-json\/wp\/v2\/pages\/125\/revisions\/541"}],"wp:attachment":[{"href":"https:\/\/catedras.facet.unt.edu.ar\/ai-facet\/wp-json\/wp\/v2\/media?parent=125"}],"curies":[{"name":"wp","href":"https:\/\/api.w.org\/{rel}","templated":true}]}}